{"id":76197,"date":"2025-08-06T16:32:01","date_gmt":"2025-08-06T15:32:01","guid":{"rendered":"https:\/\/www.wallix.com\/solutions\/solutions-par-cas-dutilisation\/"},"modified":"2025-12-19T13:51:15","modified_gmt":"2025-12-19T12:51:15","slug":"solutions-par-cas-dusage","status":"publish","type":"page","link":"https:\/\/www.wallix.com\/fr\/solutions\/solutions-par-cas-dusage\/","title":{"rendered":"Solutions par cas d&rsquo;usage"},"content":{"rendered":"\n<style type=\"text\/css\" data-created_by=\"avia_inline_auto\" id=\"style-css-av-1frmj7y-d68e2ec867bc282687ecbd25910cd498\">\n.avia-section.av-1frmj7y-d68e2ec867bc282687ecbd25910cd498{\nbackground-color:#ffffff;\nbackground-image:unset;\n}\n.avia-section.av-1frmj7y-d68e2ec867bc282687ecbd25910cd498 .av-extra-border-element .av-extra-border-inner{\nbackground-color:#ffffff;\n}\n<\/style>\n<div id='av_section_1'  class='avia-section av-1frmj7y-d68e2ec867bc282687ecbd25910cd498 main_color avia-section-default avia-no-border-styling  avia-builder-el-0  avia-builder-el-no-sibling  avia-bg-style-scroll av-arrow-down-section container_wrap fullsize'  ><div class='container av-section-cont-open' ><main  role=\"main\" itemprop=\"mainContentOfPage\"  class='template-page content  av-content-full alpha units'><div class='post-entry post-entry-type-page post-entry-76197'><div class='entry-content-wrapper clearfix'>\n\n<style type=\"text\/css\" data-created_by=\"avia_inline_auto\" id=\"style-css-av-me1ekr15-7447807e85d3ebdefe4284b02946921b\">\n#top .av-special-heading.av-me1ekr15-7447807e85d3ebdefe4284b02946921b{\npadding-bottom:20px;\ncolor:#172542;\nfont-size:37px;\n}\nbody .av-special-heading.av-me1ekr15-7447807e85d3ebdefe4284b02946921b .av-special-heading-tag .heading-char{\nfont-size:25px;\n}\n#top #wrap_all .av-special-heading.av-me1ekr15-7447807e85d3ebdefe4284b02946921b .av-special-heading-tag{\nfont-size:37px;\npadding:0 0 0 0;\n}\n.av-special-heading.av-me1ekr15-7447807e85d3ebdefe4284b02946921b .special-heading-inner-border{\nborder-color:#172542;\n}\n.av-special-heading.av-me1ekr15-7447807e85d3ebdefe4284b02946921b .av-subheading{\nfont-size:24px;\ncolor:#172542;\n}\n\n@media only screen and (min-width: 480px) and (max-width: 767px){ \n#top #wrap_all .av-special-heading.av-me1ekr15-7447807e85d3ebdefe4284b02946921b .av-special-heading-tag{\nfont-size:0.8em;\n}\n}\n\n@media only screen and (max-width: 479px){ \n#top #wrap_all .av-special-heading.av-me1ekr15-7447807e85d3ebdefe4284b02946921b .av-special-heading-tag{\nfont-size:0.8em;\n}\n}\n<\/style>\n<div  class='av-special-heading av-me1ekr15-7447807e85d3ebdefe4284b02946921b av-special-heading-h3 custom-color-heading blockquote modern-quote modern-centered  avia-builder-el-1  el_before_av_masonry_gallery  avia-builder-el-no-sibling  av-inherit-size'><h3 class='av-special-heading-tag '  itemprop=\"headline\"  >Solutions par cas d\u2019usage<\/h3><div class=\"special-heading-border\"><div class=\"special-heading-inner-border\"><\/div><\/div><\/div>\n<div id='av-masonry-1' class='av-masonry av-jxl8vi-542f8b80cb5c0f316990099cb9e0228c noHover av-fixed-size av-large-gap av-hover-overlay-active av-masonry-animation-active av-masonry-col-3 av-caption-on-hover-hide av-caption-style-overlay av-masonry-gallery av-orientation-square ' data-post_id=\"76197\"><div class=\"av-masonry-container isotope av-js-disabled\"><div class='av-masonry-entry isotope-item av-masonry-item-no-image '><\/div><a href=\"https:\/\/www.wallix.com\/fr\/solutions\/acces-des-tiers\/\"  aria-label=\"image ACC\u00c8S DES TIERS\"  target=\"_blank\" rel=\"noopener noreferrer\" id='av-masonry-1-item-38191' data-av-masonry-item='38191' class='av-masonry-entry isotope-item post-38191 attachment type-attachment status-inherit hentry  av-masonry-item-with-image' title=\"ACC\u00c8S DES TIERS\" alt=\"Photograph or graphic showing secure remote access interactions.\nUsed to visually represent WALLIX\u2019s technology for securing and controlling remote access by external vendors, partners, and contractors to corporate IT and infrastructure.\"  data-av-masonry-custom-link=\"https:\/\/www.wallix.com\/fr\/solutions\/acces-des-tiers\/\"  itemprop=\"thumbnailUrl\" ><div class='av-inner-masonry-sizer'><\/div><figure class='av-inner-masonry main_color'><div class=\"av-masonry-outerimage-container\"><div class='av-masonry-image-container' style=\"background-image: url(https:\/\/www.wallix.com\/wp-content\/uploads\/2023\/12\/third_party_access-705x470.jpeg);\"  title=\"ACC\u00c8S DES TIERS\" ><\/div><\/div><figcaption class='av-inner-masonry-content site-background'><div class='av-inner-masonry-content-pos'><div class='av-inner-masonry-content-pos-content'><div class='avia-arrow'><\/div><h3 class='av-masonry-entry-title entry-title '  itemprop=\"headline\" >ACC\u00c8S DES TIERS<\/h3><\/div><\/div><\/figcaption><\/figure><\/a><!--end av-masonry entry--><a href=\"https:\/\/www.wallix.com\/fr\/solutions\/audit-et-conformite\/\"  aria-label=\"image AUDIT ET CONFORMIT\u00c9\"  target=\"_blank\" rel=\"noopener noreferrer\" id='av-masonry-1-item-32613' data-av-masonry-item='32613' class='av-masonry-entry isotope-item post-32613 attachment type-attachment status-inherit hentry  av-masonry-item-with-image' title=\"AUDIT ET CONFORMIT\u00c9\" alt=\"Illustrative graphic representing audit and compliance processes on a WALLIX page, highlighting structured cybersecurity governance, regulatory adherence, and secure identity access practices.\"  data-av-masonry-custom-link=\"https:\/\/www.wallix.com\/fr\/solutions\/audit-et-conformite\/\"  itemprop=\"thumbnailUrl\" ><div class='av-inner-masonry-sizer'><\/div><figure class='av-inner-masonry main_color'><div class=\"av-masonry-outerimage-container\"><div class='av-masonry-image-container' style=\"background-image: url(https:\/\/www.wallix.com\/wp-content\/uploads\/2023\/10\/audit_compliance-705x470.jpeg);\"  title=\"AUDIT ET CONFORMIT\u00c9\" ><\/div><\/div><figcaption class='av-inner-masonry-content site-background'><div class='av-inner-masonry-content-pos'><div class='av-inner-masonry-content-pos-content'><div class='avia-arrow'><\/div><h3 class='av-masonry-entry-title entry-title '  itemprop=\"headline\" >AUDIT ET CONFORMIT\u00c9<\/h3><\/div><\/div><\/figcaption><\/figure><\/a><!--end av-masonry entry--><a href=\"https:\/\/www.wallix.com\/fr\/solutions\/zero-trust\/\"  aria-label=\"image ZERO TRUST\"  target=\"_blank\" rel=\"noopener noreferrer\" id='av-masonry-1-item-33539' data-av-masonry-item='33539' class='av-masonry-entry isotope-item post-33539 attachment type-attachment status-inherit hentry  av-masonry-item-with-image' title=\"ZERO TRUST\" alt=\"Illustrative graphic representing the Zero Trust cybersecurity model on a WALLIX page, highlighting key principles of identity\u2011centric access control and continuous verification to protect critical systems and data.\"  data-av-masonry-custom-link=\"https:\/\/www.wallix.com\/fr\/solutions\/zero-trust\/\"  itemprop=\"thumbnailUrl\" ><div class='av-inner-masonry-sizer'><\/div><figure class='av-inner-masonry main_color'><div class=\"av-masonry-outerimage-container\"><div class='av-masonry-image-container' style=\"background-image: url(https:\/\/www.wallix.com\/wp-content\/uploads\/2023\/11\/zerotrust-705x397.jpeg);\"  title=\"ZERO TRUST\" ><\/div><\/div><figcaption class='av-inner-masonry-content site-background'><div class='av-inner-masonry-content-pos'><div class='av-inner-masonry-content-pos-content'><div class='avia-arrow'><\/div><h3 class='av-masonry-entry-title entry-title '  itemprop=\"headline\" >ZERO TRUST<\/h3><\/div><\/div><\/figcaption><\/figure><\/a><!--end av-masonry entry--><a href=\"https:\/\/www.wallix.com\/fr\/solutions\/cyber-assurance\/\"  aria-label=\"image CYBERASSURANCE\"  target=\"_blank\" rel=\"noopener noreferrer\" id='av-masonry-1-item-35470' data-av-masonry-item='35470' class='av-masonry-entry isotope-item post-35470 attachment type-attachment status-inherit hentry  av-masonry-item-with-image' title=\"CYBERASSURANCE\" alt=\"woman hands holding world of global network and data customer co\"  data-av-masonry-custom-link=\"https:\/\/www.wallix.com\/fr\/solutions\/cyber-assurance\/\"  itemprop=\"thumbnailUrl\" ><div class='av-inner-masonry-sizer'><\/div><figure class='av-inner-masonry main_color'><div class=\"av-masonry-outerimage-container\"><div class='av-masonry-image-container' style=\"background-image: url(https:\/\/www.wallix.com\/wp-content\/uploads\/2023\/11\/cyberassurance-705x470.jpeg);\"  title=\"CYBERASSURANCE\" ><\/div><\/div><figcaption class='av-inner-masonry-content site-background'><div class='av-inner-masonry-content-pos'><div class='av-inner-masonry-content-pos-content'><div class='avia-arrow'><\/div><h3 class='av-masonry-entry-title entry-title '  itemprop=\"headline\" >CYBERASSURANCE<\/h3><\/div><\/div><\/figcaption><\/figure><\/a><!--end av-masonry entry--><a href=\"https:\/\/www.wallix.com\/fr\/solutions\/protection-contre-les-menaces-internes\/\"  aria-label=\"image MENACE INTERNE\"  target=\"_blank\" rel=\"noopener noreferrer\" id='av-masonry-1-item-37479' data-av-masonry-item='37479' class='av-masonry-entry isotope-item post-37479 attachment type-attachment status-inherit hentry  av-masonry-item-with-image' title=\"MENACE INTERNE\" alt=\"Illustration likely depicting internal or insider threats such as malicious or negligent actors within an organization compromising security.\nUsed on the WALLIX Inside\/Internal Threats page to visually reinforce content about detecting and mitigating risks posed by users\"  data-av-masonry-custom-link=\"https:\/\/www.wallix.com\/fr\/solutions\/protection-contre-les-menaces-internes\/\"  itemprop=\"thumbnailUrl\" ><div class='av-inner-masonry-sizer'><\/div><figure class='av-inner-masonry main_color'><div class=\"av-masonry-outerimage-container\"><div class='av-masonry-image-container' style=\"background-image: url(https:\/\/www.wallix.com\/wp-content\/uploads\/2023\/12\/Inside-Threats-1-705x470.jpeg);\"  title=\"MENACE INTERNE\" ><\/div><\/div><figcaption class='av-inner-masonry-content site-background'><div class='av-inner-masonry-content-pos'><div class='av-inner-masonry-content-pos-content'><div class='avia-arrow'><\/div><h3 class='av-masonry-entry-title entry-title '  itemprop=\"headline\" >MENACE INTERNE<\/h3><\/div><\/div><\/figcaption><\/figure><\/a><!--end av-masonry entry--><a href=\"https:\/\/www.wallix.com\/fr\/solutions\/efficacite-operationnelle\/\"  aria-label=\"image EFFICACIT\u00c9 OP\u00c9RATIONNELLE\"  target=\"_blank\" rel=\"noopener noreferrer\" id='av-masonry-1-item-41285' data-av-masonry-item='41285' class='av-masonry-entry isotope-item post-41285 attachment type-attachment status-inherit hentry  av-masonry-item-with-image' title=\"EFFICACIT\u00c9 OP\u00c9RATIONNELLE\" alt=\"Abstract high\u2011quality stock photo likely showing professionals or business environment with blurred background and dynamic composition, suggesting modern workplace or digital collaboration.\nUsed on the WALLIX page to visually support content about secure enterprise operations, productivity, and cybersecurity solutions.\"  data-av-masonry-custom-link=\"https:\/\/www.wallix.com\/fr\/solutions\/efficacite-operationnelle\/\"  itemprop=\"thumbnailUrl\" ><div class='av-inner-masonry-sizer'><\/div><figure class='av-inner-masonry main_color'><div class=\"av-masonry-outerimage-container\"><div class='av-masonry-image-container' style=\"background-image: url(https:\/\/www.wallix.com\/wp-content\/uploads\/2023\/12\/AdobeStock_636589753-1-705x328.jpeg);\"  title=\"EFFICACIT\u00c9 OP\u00c9RATIONNELLE\" ><\/div><\/div><figcaption class='av-inner-masonry-content site-background'><div class='av-inner-masonry-content-pos'><div class='av-inner-masonry-content-pos-content'><div class='avia-arrow'><\/div><h3 class='av-masonry-entry-title entry-title '  itemprop=\"headline\" >EFFICACIT\u00c9 OP\u00c9RATIONNELLE<\/h3><\/div><\/div><\/figcaption><\/figure><\/a><!--end av-masonry entry--><a href=\"https:\/\/www.wallix.com\/fr\/solutions\/preventions-des-fraudes\/\"  aria-label=\"image FRAUDE\"  target=\"_blank\" rel=\"noopener noreferrer\" id='av-masonry-1-item-37844' data-av-masonry-item='37844' class='av-masonry-entry isotope-item post-37844 attachment type-attachment status-inherit hentry  av-masonry-item-with-image' title=\"FRAUDE\" alt=\"hand entering credit card data on a device screen under suspicious circumstances, representing digital fraud and cybersecurity risk.\nUsed on the WALLIX page to visually reinforce the topic of fraud prevention and unauthorized transactions as part of identity and access security solutions.\"  data-av-masonry-custom-link=\"https:\/\/www.wallix.com\/fr\/solutions\/preventions-des-fraudes\/\"  itemprop=\"thumbnailUrl\" ><div class='av-inner-masonry-sizer'><\/div><figure class='av-inner-masonry main_color'><div class=\"av-masonry-outerimage-container\"><div class='av-masonry-image-container' style=\"background-image: url(https:\/\/www.wallix.com\/wp-content\/uploads\/2023\/12\/AdobeStock_99799056-705x471.jpeg);\"  title=\"FRAUDE\" ><\/div><\/div><figcaption class='av-inner-masonry-content site-background'><div class='av-inner-masonry-content-pos'><div class='av-inner-masonry-content-pos-content'><div class='avia-arrow'><\/div><h3 class='av-masonry-entry-title entry-title '  itemprop=\"headline\" >FRAUDE<\/h3><\/div><\/div><\/figcaption><\/figure><\/a><!--end av-masonry entry--><a href=\"https:\/\/www.wallix.com\/fr\/solutions\/transformation-numerique\/\"  aria-label=\"image TRANSFORMATION DIGITALE\"  target=\"_blank\" rel=\"noopener noreferrer\" id='av-masonry-1-item-32045' data-av-masonry-item='32045' class='av-masonry-entry isotope-item post-32045 attachment type-attachment status-inherit hentry  av-masonry-item-with-image' title=\"TRANSFORMATION DIGITALE\" alt=\"\"  data-av-masonry-custom-link=\"https:\/\/www.wallix.com\/fr\/solutions\/transformation-numerique\/\"  itemprop=\"thumbnailUrl\" ><div class='av-inner-masonry-sizer'><\/div><figure class='av-inner-masonry main_color'><div class=\"av-masonry-outerimage-container\"><div class='av-masonry-image-container' style=\"background-image: url(https:\/\/www.wallix.com\/wp-content\/uploads\/2023\/10\/digital_trans-705x249.jpeg);\"  title=\"TRANSFORMATION DIGITALE\" ><\/div><\/div><figcaption class='av-inner-masonry-content site-background'><div class='av-inner-masonry-content-pos'><div class='av-inner-masonry-content-pos-content'><div class='avia-arrow'><\/div><h3 class='av-masonry-entry-title entry-title '  itemprop=\"headline\" >TRANSFORMATION DIGITALE<\/h3><\/div><\/div><\/figcaption><\/figure><\/a><!--end av-masonry entry--><a href=\"https:\/\/www.wallix.com\/fr\/solutions\/devops\/\"  aria-label=\"image DEVOPS\"  target=\"_blank\" rel=\"noopener noreferrer\" id='av-masonry-1-item-32778' data-av-masonry-item='32778' class='av-masonry-entry isotope-item post-32778 attachment type-attachment status-inherit hentry  av-masonry-item-with-image' title=\"DEVOPS\" alt=\"Illustrative DevOps\u2011themed graphic on a WALLIX page, emphasizing secure development and operations integration with identity and access management for resilient, agile digital workflows.\"  data-av-masonry-custom-link=\"https:\/\/www.wallix.com\/fr\/solutions\/devops\/\"  itemprop=\"thumbnailUrl\" ><div class='av-inner-masonry-sizer'><\/div><figure class='av-inner-masonry main_color'><div class=\"av-masonry-outerimage-container\"><div class='av-masonry-image-container' style=\"background-image: url(https:\/\/www.wallix.com\/wp-content\/uploads\/2023\/11\/devops-705x380.jpeg);\"  title=\"DEVOPS\" ><\/div><\/div><figcaption class='av-inner-masonry-content site-background'><div class='av-inner-masonry-content-pos'><div class='av-inner-masonry-content-pos-content'><div class='avia-arrow'><\/div><h3 class='av-masonry-entry-title entry-title '  itemprop=\"headline\" >DEVOPS<\/h3><\/div><\/div><\/figcaption><\/figure><\/a><!--end av-masonry entry--><div id='av-masonry-1-item-40328' data-av-masonry-item='40328' class='av-masonry-entry isotope-item post-40328 attachment type-attachment status-inherit hentry  av-masonry-item-with-image'    itemprop=\"thumbnailUrl\" ><div class='av-inner-masonry-sizer'><\/div><figure class='av-inner-masonry main_color'><div class=\"av-masonry-outerimage-container\"><div class='av-masonry-image-container' style=\"background-image: url(https:\/\/www.wallix.com\/wp-content\/uploads\/2024\/01\/OT-705x470.jpeg);\"  title=\"Robotic Process Automation engineer using laptop for smart factory automation software\" ><\/div><\/div><figcaption class='av-inner-masonry-content site-background'><div class='av-inner-masonry-content-pos'><div class='av-inner-masonry-content-pos-content'><div class='avia-arrow'><\/div><h3 class='av-masonry-entry-title entry-title '  itemprop=\"headline\" >Robotic Process Automation engineer using laptop for smart factory automation software<\/h3><\/div><\/div><\/figcaption><\/figure><\/div><!--end av-masonry entry--><\/div><\/div>\n\n","protected":false},"excerpt":{"rendered":"","protected":false},"author":3,"featured_media":0,"parent":41679,"menu_order":0,"comment_status":"closed","ping_status":"closed","template":"","meta":{"_acf_changed":false,"content-type":"","inline_featured_image":false,"footnotes":""},"class_list":["post-76197","page","type-page","status-publish","hentry"],"acf":[],"yoast_head":"<!-- This site is optimized with the Yoast SEO plugin v27.3 - https:\/\/yoast.com\/product\/yoast-seo-wordpress\/ -->\n<title>Solutions par cas d&#039;usage - WALLIX<\/title>\n<meta name=\"description\" content=\"D\u00e9couvrez les solutions Wallix class\u00e9es par cas d\u2019usage pour r\u00e9pondre aux d\u00e9fis cl\u00e9s des entreprises.\" \/>\n<meta name=\"robots\" content=\"index, follow, max-snippet:-1, max-image-preview:large, max-video-preview:-1\" \/>\n<link rel=\"canonical\" href=\"https:\/\/www.wallix.com\/fr\/solutions\/solutions-par-cas-dusage\/\" \/>\n<meta property=\"og:locale\" content=\"fr_FR\" \/>\n<meta property=\"og:type\" content=\"article\" \/>\n<meta property=\"og:title\" content=\"Solutions par cas d&#039;usage - WALLIX\" \/>\n<meta property=\"og:description\" content=\"D\u00e9couvrez les solutions Wallix class\u00e9es par cas d\u2019usage pour r\u00e9pondre aux d\u00e9fis cl\u00e9s des entreprises.\" \/>\n<meta property=\"og:url\" content=\"https:\/\/www.wallix.com\/fr\/solutions\/solutions-par-cas-dusage\/\" \/>\n<meta property=\"og:site_name\" content=\"WALLIX\" \/>\n<meta property=\"article:modified_time\" content=\"2025-12-19T12:51:15+00:00\" \/>\n<meta name=\"twitter:card\" content=\"summary_large_image\" \/>\n<meta name=\"twitter:site\" content=\"@wallixcom\" \/>\n<meta name=\"twitter:label1\" content=\"Dur\u00e9e de lecture estim\u00e9e\" \/>\n\t<meta name=\"twitter:data1\" content=\"1 minute\" \/>\n<script type=\"application\/ld+json\" class=\"yoast-schema-graph\">{\"@context\":\"https:\\\/\\\/schema.org\",\"@graph\":[{\"@type\":\"WebPage\",\"@id\":\"https:\\\/\\\/www.wallix.com\\\/fr\\\/solutions\\\/solutions-par-cas-dusage\\\/\",\"url\":\"https:\\\/\\\/www.wallix.com\\\/fr\\\/solutions\\\/solutions-par-cas-dusage\\\/\",\"name\":\"Solutions par cas d'usage - WALLIX\",\"isPartOf\":{\"@id\":\"https:\\\/\\\/www.wallix.com\\\/fr\\\/#website\"},\"datePublished\":\"2025-08-06T15:32:01+00:00\",\"dateModified\":\"2025-12-19T12:51:15+00:00\",\"description\":\"D\u00e9couvrez les solutions Wallix class\u00e9es par cas d\u2019usage pour r\u00e9pondre aux d\u00e9fis cl\u00e9s des entreprises.\",\"breadcrumb\":{\"@id\":\"https:\\\/\\\/www.wallix.com\\\/fr\\\/solutions\\\/solutions-par-cas-dusage\\\/#breadcrumb\"},\"inLanguage\":\"fr-FR\",\"potentialAction\":[{\"@type\":\"ReadAction\",\"target\":[\"https:\\\/\\\/www.wallix.com\\\/fr\\\/solutions\\\/solutions-par-cas-dusage\\\/\"]}]},{\"@type\":\"BreadcrumbList\",\"@id\":\"https:\\\/\\\/www.wallix.com\\\/fr\\\/solutions\\\/solutions-par-cas-dusage\\\/#breadcrumb\",\"itemListElement\":[{\"@type\":\"ListItem\",\"position\":1,\"name\":\"SOLUTIONS\",\"item\":\"https:\\\/\\\/www.wallix.com\\\/fr\\\/solutions\\\/\"},{\"@type\":\"ListItem\",\"position\":2,\"name\":\"Solutions par cas d&#8217;usage\"}]},{\"@type\":\"WebSite\",\"@id\":\"https:\\\/\\\/www.wallix.com\\\/fr\\\/#website\",\"url\":\"https:\\\/\\\/www.wallix.com\\\/fr\\\/\",\"name\":\"WALLIX\",\"description\":\"CYBERSECURITY SIMPLIFIED\",\"publisher\":{\"@id\":\"https:\\\/\\\/www.wallix.com\\\/fr\\\/#organization\"},\"potentialAction\":[{\"@type\":\"SearchAction\",\"target\":{\"@type\":\"EntryPoint\",\"urlTemplate\":\"https:\\\/\\\/www.wallix.com\\\/fr\\\/?s={search_term_string}\"},\"query-input\":{\"@type\":\"PropertyValueSpecification\",\"valueRequired\":true,\"valueName\":\"search_term_string\"}}],\"inLanguage\":\"fr-FR\"},{\"@type\":\"Organization\",\"@id\":\"https:\\\/\\\/www.wallix.com\\\/fr\\\/#organization\",\"name\":\"WALLIX\",\"url\":\"https:\\\/\\\/www.wallix.com\\\/fr\\\/\",\"logo\":{\"@type\":\"ImageObject\",\"inLanguage\":\"fr-FR\",\"@id\":\"https:\\\/\\\/www.wallix.com\\\/fr\\\/#\\\/schema\\\/logo\\\/image\\\/\",\"url\":\"https:\\\/\\\/www.wallix.com\\\/wp-content\\\/uploads\\\/2024\\\/03\\\/LOGO_WALLIX_2024_blackorange.png\",\"contentUrl\":\"https:\\\/\\\/www.wallix.com\\\/wp-content\\\/uploads\\\/2024\\\/03\\\/LOGO_WALLIX_2024_blackorange.png\",\"width\":3108,\"height\":827,\"caption\":\"WALLIX\"},\"image\":{\"@id\":\"https:\\\/\\\/www.wallix.com\\\/fr\\\/#\\\/schema\\\/logo\\\/image\\\/\"},\"sameAs\":[\"https:\\\/\\\/x.com\\\/wallixcom\",\"https:\\\/\\\/www.linkedin.com\\\/company\\\/wallix\\\/\",\"https:\\\/\\\/www.youtube.com\\\/wallix\"]}]}<\/script>\n<!-- \/ Yoast SEO plugin. -->","yoast_head_json":{"title":"Solutions par cas d'usage - WALLIX","description":"D\u00e9couvrez les solutions Wallix class\u00e9es par cas d\u2019usage pour r\u00e9pondre aux d\u00e9fis cl\u00e9s des entreprises.","robots":{"index":"index","follow":"follow","max-snippet":"max-snippet:-1","max-image-preview":"max-image-preview:large","max-video-preview":"max-video-preview:-1"},"canonical":"https:\/\/www.wallix.com\/fr\/solutions\/solutions-par-cas-dusage\/","og_locale":"fr_FR","og_type":"article","og_title":"Solutions par cas d'usage - WALLIX","og_description":"D\u00e9couvrez les solutions Wallix class\u00e9es par cas d\u2019usage pour r\u00e9pondre aux d\u00e9fis cl\u00e9s des entreprises.","og_url":"https:\/\/www.wallix.com\/fr\/solutions\/solutions-par-cas-dusage\/","og_site_name":"WALLIX","article_modified_time":"2025-12-19T12:51:15+00:00","twitter_card":"summary_large_image","twitter_site":"@wallixcom","twitter_misc":{"Dur\u00e9e de lecture estim\u00e9e":"1 minute"},"schema":{"@context":"https:\/\/schema.org","@graph":[{"@type":"WebPage","@id":"https:\/\/www.wallix.com\/fr\/solutions\/solutions-par-cas-dusage\/","url":"https:\/\/www.wallix.com\/fr\/solutions\/solutions-par-cas-dusage\/","name":"Solutions par cas d'usage - WALLIX","isPartOf":{"@id":"https:\/\/www.wallix.com\/fr\/#website"},"datePublished":"2025-08-06T15:32:01+00:00","dateModified":"2025-12-19T12:51:15+00:00","description":"D\u00e9couvrez les solutions Wallix class\u00e9es par cas d\u2019usage pour r\u00e9pondre aux d\u00e9fis cl\u00e9s des entreprises.","breadcrumb":{"@id":"https:\/\/www.wallix.com\/fr\/solutions\/solutions-par-cas-dusage\/#breadcrumb"},"inLanguage":"fr-FR","potentialAction":[{"@type":"ReadAction","target":["https:\/\/www.wallix.com\/fr\/solutions\/solutions-par-cas-dusage\/"]}]},{"@type":"BreadcrumbList","@id":"https:\/\/www.wallix.com\/fr\/solutions\/solutions-par-cas-dusage\/#breadcrumb","itemListElement":[{"@type":"ListItem","position":1,"name":"SOLUTIONS","item":"https:\/\/www.wallix.com\/fr\/solutions\/"},{"@type":"ListItem","position":2,"name":"Solutions par cas d&#8217;usage"}]},{"@type":"WebSite","@id":"https:\/\/www.wallix.com\/fr\/#website","url":"https:\/\/www.wallix.com\/fr\/","name":"WALLIX","description":"CYBERSECURITY SIMPLIFIED","publisher":{"@id":"https:\/\/www.wallix.com\/fr\/#organization"},"potentialAction":[{"@type":"SearchAction","target":{"@type":"EntryPoint","urlTemplate":"https:\/\/www.wallix.com\/fr\/?s={search_term_string}"},"query-input":{"@type":"PropertyValueSpecification","valueRequired":true,"valueName":"search_term_string"}}],"inLanguage":"fr-FR"},{"@type":"Organization","@id":"https:\/\/www.wallix.com\/fr\/#organization","name":"WALLIX","url":"https:\/\/www.wallix.com\/fr\/","logo":{"@type":"ImageObject","inLanguage":"fr-FR","@id":"https:\/\/www.wallix.com\/fr\/#\/schema\/logo\/image\/","url":"https:\/\/www.wallix.com\/wp-content\/uploads\/2024\/03\/LOGO_WALLIX_2024_blackorange.png","contentUrl":"https:\/\/www.wallix.com\/wp-content\/uploads\/2024\/03\/LOGO_WALLIX_2024_blackorange.png","width":3108,"height":827,"caption":"WALLIX"},"image":{"@id":"https:\/\/www.wallix.com\/fr\/#\/schema\/logo\/image\/"},"sameAs":["https:\/\/x.com\/wallixcom","https:\/\/www.linkedin.com\/company\/wallix\/","https:\/\/www.youtube.com\/wallix"]}]}},"_links":{"self":[{"href":"https:\/\/www.wallix.com\/fr\/wp-json\/wp\/v2\/pages\/76197","targetHints":{"allow":["GET"]}}],"collection":[{"href":"https:\/\/www.wallix.com\/fr\/wp-json\/wp\/v2\/pages"}],"about":[{"href":"https:\/\/www.wallix.com\/fr\/wp-json\/wp\/v2\/types\/page"}],"author":[{"embeddable":true,"href":"https:\/\/www.wallix.com\/fr\/wp-json\/wp\/v2\/users\/3"}],"replies":[{"embeddable":true,"href":"https:\/\/www.wallix.com\/fr\/wp-json\/wp\/v2\/comments?post=76197"}],"version-history":[{"count":7,"href":"https:\/\/www.wallix.com\/fr\/wp-json\/wp\/v2\/pages\/76197\/revisions"}],"predecessor-version":[{"id":82165,"href":"https:\/\/www.wallix.com\/fr\/wp-json\/wp\/v2\/pages\/76197\/revisions\/82165"}],"up":[{"embeddable":true,"href":"https:\/\/www.wallix.com\/fr\/wp-json\/wp\/v2\/pages\/41679"}],"wp:attachment":[{"href":"https:\/\/www.wallix.com\/fr\/wp-json\/wp\/v2\/media?parent=76197"}],"curies":[{"name":"wp","href":"https:\/\/api.w.org\/{rel}","templated":true}]}}