{"id":76152,"date":"2025-08-06T16:30:18","date_gmt":"2025-08-06T15:30:18","guid":{"rendered":"https:\/\/www.wallix.com\/solutions\/solutions-par-secteur-dactivite\/"},"modified":"2025-12-22T12:07:36","modified_gmt":"2025-12-22T11:07:36","slug":"solutions-par-secteur-dactivite","status":"publish","type":"page","link":"https:\/\/www.wallix.com\/fr\/solutions\/solutions-par-secteur-dactivite\/","title":{"rendered":"Solutions par secteur d&rsquo;activit\u00e9"},"content":{"rendered":"\n<style type=\"text\/css\" data-created_by=\"avia_inline_auto\" id=\"style-css-av-1pa9hvb-190197bea1c0eb8f93bc88018d7ed4b7\">\n.avia-section.av-1pa9hvb-190197bea1c0eb8f93bc88018d7ed4b7{\nbackground-color:#ffffff;\nbackground-image:unset;\n}\n.avia-section.av-1pa9hvb-190197bea1c0eb8f93bc88018d7ed4b7 .av-extra-border-element .av-extra-border-inner{\nbackground-color:#ffffff;\n}\n<\/style>\n<div id='av_section_1'  class='avia-section av-1pa9hvb-190197bea1c0eb8f93bc88018d7ed4b7 main_color avia-section-default avia-no-border-styling  avia-builder-el-0  avia-builder-el-no-sibling  avia-bg-style-scroll av-arrow-down-section container_wrap fullsize'  ><div class='container av-section-cont-open' ><main  role=\"main\" itemprop=\"mainContentOfPage\"  class='template-page content  av-content-full alpha units'><div class='post-entry post-entry-type-page post-entry-76152'><div class='entry-content-wrapper clearfix'>\n\n<style type=\"text\/css\" data-created_by=\"avia_inline_auto\" id=\"style-css-av-16p6k8n-025b7674cc28724276c24a42f5773335\">\n#top .av-special-heading.av-16p6k8n-025b7674cc28724276c24a42f5773335{\npadding-bottom:20px;\ncolor:#172542;\nfont-size:37px;\n}\nbody .av-special-heading.av-16p6k8n-025b7674cc28724276c24a42f5773335 .av-special-heading-tag .heading-char{\nfont-size:25px;\n}\n#top #wrap_all .av-special-heading.av-16p6k8n-025b7674cc28724276c24a42f5773335 .av-special-heading-tag{\nfont-size:37px;\npadding:0 0 0 0;\n}\n.av-special-heading.av-16p6k8n-025b7674cc28724276c24a42f5773335 .special-heading-inner-border{\nborder-color:#172542;\n}\n.av-special-heading.av-16p6k8n-025b7674cc28724276c24a42f5773335 .av-subheading{\nfont-size:24px;\ncolor:#172542;\n}\n\n@media only screen and (min-width: 480px) and (max-width: 767px){ \n#top #wrap_all .av-special-heading.av-16p6k8n-025b7674cc28724276c24a42f5773335 .av-special-heading-tag{\nfont-size:0.8em;\n}\n}\n\n@media only screen and (max-width: 479px){ \n#top #wrap_all .av-special-heading.av-16p6k8n-025b7674cc28724276c24a42f5773335 .av-special-heading-tag{\nfont-size:0.8em;\n}\n}\n<\/style>\n<div  class='av-special-heading av-16p6k8n-025b7674cc28724276c24a42f5773335 av-special-heading-h3 custom-color-heading blockquote modern-quote modern-centered  avia-builder-el-1  el_before_av_masonry_gallery  avia-builder-el-no-sibling  av-inherit-size'><h3 class='av-special-heading-tag '  itemprop=\"headline\"  >Solutions par secteur d\u2019activit\u00e9<\/h3><div class=\"special-heading-border\"><div class=\"special-heading-inner-border\"><\/div><\/div><\/div>\n<div id='av-masonry-1' class='av-masonry av-38uvhz-6cc0c8133e07be48015f2dd7f484bdc0 noHover av-fixed-size av-large-gap av-hover-overlay-active av-masonry-animation-active av-masonry-col-3 av-caption-on-hover-hide av-caption-style-overlay av-masonry-gallery av-orientation-square ' data-post_id=\"76152\"><div class=\"av-masonry-container isotope av-js-disabled\"><div class='av-masonry-entry isotope-item av-masonry-item-no-image '><\/div><a href=\"https:\/\/www.wallix.com\/fr\/solutions\/finances\/\"  aria-label=\"image FINANCE\"  target=\"_blank\" rel=\"noopener noreferrer\" id='av-masonry-1-item-41307' data-av-masonry-item='41307' class='av-masonry-entry isotope-item post-41307 attachment type-attachment status-inherit hentry  av-masonry-item-with-image' title=\"FINANCE\" alt=\"Abstract high\u2011quality stock photo showing blurred office or business scene with professionals and tech devices suggesting teamwork and modern work environment.\nUsed on the WALLIX page to visually reinforce themes of secure enterprise operations, collaboration, and cybersecurity solutions related to identity and access management.\"  data-av-masonry-custom-link=\"https:\/\/www.wallix.com\/fr\/solutions\/finances\/\"  itemprop=\"thumbnailUrl\" ><div class='av-inner-masonry-sizer'><\/div><figure class='av-inner-masonry main_color'><div class=\"av-masonry-outerimage-container\"><div class='av-masonry-image-container' style=\"background-image: url(https:\/\/www.wallix.com\/wp-content\/uploads\/2023\/12\/AdobeStock_268736974-705x470.jpeg);\"  title=\"FINANCE\" ><\/div><\/div><figcaption class='av-inner-masonry-content site-background'><div class='av-inner-masonry-content-pos'><div class='av-inner-masonry-content-pos-content'><div class='avia-arrow'><\/div><h3 class='av-masonry-entry-title entry-title '  itemprop=\"headline\" >FINANCE<\/h3><\/div><\/div><\/figcaption><\/figure><\/a><!--end av-masonry entry--><a href=\"https:\/\/www.wallix.com\/fr\/solutions\/secteur-de-la-sante\/\"  aria-label=\"image SANTE\"  target=\"_blank\" rel=\"noopener noreferrer\" id='av-masonry-1-item-38847' data-av-masonry-item='38847' class='av-masonry-entry isotope-item post-38847 attachment type-attachment status-inherit hentry  av-masonry-item-with-image' title=\"SANTE\" alt=\"Banner image showing healthcare professionals and digital network graphics, illustrating WALLIX\u2019s focus on securing patient data and ensuring continuous care with privileged access management solutions on the healthcare industry cybersecurity page.\"  data-av-masonry-custom-link=\"https:\/\/www.wallix.com\/fr\/solutions\/secteur-de-la-sante\/\"  itemprop=\"thumbnailUrl\" ><div class='av-inner-masonry-sizer'><\/div><figure class='av-inner-masonry main_color'><div class=\"av-masonry-outerimage-container\"><div class='av-masonry-image-container' style=\"background-image: url(https:\/\/www.wallix.com\/wp-content\/uploads\/2023\/12\/header_healthcare-705x220.jpg);\"  title=\"SANTE\" ><\/div><\/div><figcaption class='av-inner-masonry-content site-background'><div class='av-inner-masonry-content-pos'><div class='av-inner-masonry-content-pos-content'><div class='avia-arrow'><\/div><h3 class='av-masonry-entry-title entry-title '  itemprop=\"headline\" >SANTE<\/h3><\/div><\/div><\/figcaption><\/figure><\/a><!--end av-masonry entry--><a href=\"https:\/\/www.wallix.com\/fr\/solutions\/infrastructures-critiques\/\"  aria-label=\"image INFRASTRUCTURES CRITIQUES\"  target=\"_blank\" rel=\"noopener noreferrer\" id='av-masonry-1-item-41124' data-av-masonry-item='41124' class='av-masonry-entry isotope-item post-41124 attachment type-attachment status-inherit hentry  av-masonry-item-with-image' title=\"INFRASTRUCTURES CRITIQUES\" alt=\"Abstract technology stock image showing a server or computing hardware displaying a network visualization with digital connectivity graphics.\nUsed on the WALLIX page to visually support content about secure IT infrastructure, network monitoring, and cybersecurity solutions related to identity and access management\"  data-av-masonry-custom-link=\"https:\/\/www.wallix.com\/fr\/solutions\/infrastructures-critiques\/\"  itemprop=\"thumbnailUrl\" ><div class='av-inner-masonry-sizer'><\/div><figure class='av-inner-masonry main_color'><div class=\"av-masonry-outerimage-container\"><div class='av-masonry-image-container' style=\"background-image: url(https:\/\/www.wallix.com\/wp-content\/uploads\/2023\/12\/AdobeStock_639628481-705x395.jpeg);\"  title=\"INFRASTRUCTURES CRITIQUES\" ><\/div><\/div><figcaption class='av-inner-masonry-content site-background'><div class='av-inner-masonry-content-pos'><div class='av-inner-masonry-content-pos-content'><div class='avia-arrow'><\/div><h3 class='av-masonry-entry-title entry-title '  itemprop=\"headline\" >INFRASTRUCTURES CRITIQUES<\/h3><\/div><\/div><\/figcaption><\/figure><\/a><!--end av-masonry entry--><a href=\"https:\/\/www.wallix.com\/fr\/solutions\/education\/\"  aria-label=\"image EDUCATION\"  target=\"_blank\" rel=\"noopener noreferrer\" id='av-masonry-1-item-58933' data-av-masonry-item='58933' class='av-masonry-entry isotope-item post-58933 attachment type-attachment status-inherit hentry  av-masonry-item-with-image' title=\"EDUCATION\" alt=\"Speaker giving a talk on scientific conference. Audience at the conference hall. Business and Entrepreneurship concept.\"  data-av-masonry-custom-link=\"https:\/\/www.wallix.com\/fr\/solutions\/education\/\"  itemprop=\"thumbnailUrl\" ><div class='av-inner-masonry-sizer'><\/div><figure class='av-inner-masonry main_color'><div class=\"av-masonry-outerimage-container\"><div class='av-masonry-image-container' style=\"background-image: url(https:\/\/www.wallix.com\/wp-content\/uploads\/2024\/06\/AdobeStock_126612344-705x319.jpeg);\"  title=\"EDUCATION\" ><\/div><\/div><figcaption class='av-inner-masonry-content site-background'><div class='av-inner-masonry-content-pos'><div class='av-inner-masonry-content-pos-content'><div class='avia-arrow'><\/div><h3 class='av-masonry-entry-title entry-title '  itemprop=\"headline\" >EDUCATION<\/h3><\/div><\/div><\/figcaption><\/figure><\/a><!--end av-masonry entry--><a href=\"https:\/\/www.wallix.com\/fr\/solutions\/telecommunications\/\"  aria-label=\"image TELECOMS\"  target=\"_blank\" rel=\"noopener noreferrer\" id='av-masonry-1-item-59650' data-av-masonry-item='59650' class='av-masonry-entry isotope-item post-59650 attachment type-attachment status-inherit hentry  av-masonry-item-with-image' title=\"TELECOMS\" alt=\"Image d&#039;archives illustrant les th\u00e8mes de la cybers\u00e9curit\u00e9, de la protection des donn\u00e9es et de la s\u00e9curit\u00e9 num\u00e9rique, compl\u00e9tant l&#039;expertise de Wallix en mati\u00e8re de gestion des acc\u00e8s s\u00e9curis\u00e9s et de protection des syst\u00e8mes informatiques des entreprises.\"  data-av-masonry-custom-link=\"https:\/\/www.wallix.com\/fr\/solutions\/telecommunications\/\"  itemprop=\"thumbnailUrl\" ><div class='av-inner-masonry-sizer'><\/div><figure class='av-inner-masonry main_color'><div class=\"av-masonry-outerimage-container\"><div class='av-masonry-image-container' style=\"background-image: url(https:\/\/www.wallix.com\/wp-content\/uploads\/2024\/06\/AdobeStock_733121876-705x395.jpeg);\"  title=\"TELECOMS\" ><\/div><\/div><figcaption class='av-inner-masonry-content site-background'><div class='av-inner-masonry-content-pos'><div class='av-inner-masonry-content-pos-content'><div class='avia-arrow'><\/div><h3 class='av-masonry-entry-title entry-title '  itemprop=\"headline\" >TELECOMS<\/h3><\/div><\/div><\/figcaption><\/figure><\/a><!--end av-masonry entry--><a href=\"https:\/\/www.wallix.com\/fr\/solutions\/gouvernement\/\"  aria-label=\"image GOUVERNEMENT\"  target=\"_blank\" rel=\"noopener noreferrer\" id='av-masonry-1-item-59347' data-av-masonry-item='59347' class='av-masonry-entry isotope-item post-59347 attachment type-attachment status-inherit hentry  av-masonry-item-with-image' title=\"GOUVERNEMENT\" alt=\"Image showcasing Wallix\u2019s cybersecurity solutions tailored for government institutions, focusing on secure identity management, access control, and the protection of sensitive public sector data.\"  data-av-masonry-custom-link=\"https:\/\/www.wallix.com\/fr\/solutions\/gouvernement\/\"  itemprop=\"thumbnailUrl\" ><div class='av-inner-masonry-sizer'><\/div><figure class='av-inner-masonry main_color'><div class=\"av-masonry-outerimage-container\"><div class='av-masonry-image-container' style=\"background-image: url(https:\/\/www.wallix.com\/wp-content\/uploads\/2024\/06\/wallix_government-705x470.jpeg);\"  title=\"GOUVERNEMENT\" ><\/div><\/div><figcaption class='av-inner-masonry-content site-background'><div class='av-inner-masonry-content-pos'><div class='av-inner-masonry-content-pos-content'><div class='avia-arrow'><\/div><h3 class='av-masonry-entry-title entry-title '  itemprop=\"headline\" >GOUVERNEMENT<\/h3><\/div><\/div><\/figcaption><\/figure><\/a><!--end av-masonry entry--><a href=\"https:\/\/www.wallix.com\/fr\/solutions\/fournisseurs-de-services-geres\/\"  aria-label=\"image MSP\"  target=\"_blank\" rel=\"noopener noreferrer\" id='av-masonry-1-item-58140' data-av-masonry-item='58140' class='av-masonry-entry isotope-item post-58140 attachment type-attachment status-inherit hentry  av-masonry-item-with-image' title=\"MSP\" alt=\"Homme confiant, sp\u00e9cialiste des donn\u00e9es, travaillant sur un ordinateur personnel dans une salle de contr\u00f4le et de surveillance d&#039;une grande infrastructure avec un r\u00e9seau neuronal. Jeune ing\u00e9nieur dans un bureau avec des coll\u00e8gues.\"  data-av-masonry-custom-link=\"https:\/\/www.wallix.com\/fr\/solutions\/fournisseurs-de-services-geres\/\"  itemprop=\"thumbnailUrl\" ><div class='av-inner-masonry-sizer'><\/div><figure class='av-inner-masonry main_color'><div class=\"av-masonry-outerimage-container\"><div class='av-masonry-image-container' style=\"background-image: url(https:\/\/www.wallix.com\/wp-content\/uploads\/2024\/05\/KSAs_NCA_ECC-705x397.jpeg);\"  title=\"MSP\" ><\/div><\/div><figcaption class='av-inner-masonry-content site-background'><div class='av-inner-masonry-content-pos'><div class='av-inner-masonry-content-pos-content'><div class='avia-arrow'><\/div><h3 class='av-masonry-entry-title entry-title '  itemprop=\"headline\" >MSP<\/h3><\/div><\/div><\/figcaption><\/figure><\/a><!--end av-masonry entry--><\/div><\/div>\n\n","protected":false},"excerpt":{"rendered":"","protected":false},"author":3,"featured_media":0,"parent":41679,"menu_order":0,"comment_status":"closed","ping_status":"closed","template":"","meta":{"_acf_changed":false,"content-type":"","inline_featured_image":false,"footnotes":""},"class_list":["post-76152","page","type-page","status-publish","hentry"],"acf":[],"yoast_head":"<!-- This site is optimized with the Yoast SEO plugin v27.3 - https:\/\/yoast.com\/product\/yoast-seo-wordpress\/ -->\n<title>Solutions par secteur d&#039;activit\u00e9 - WALLIX<\/title>\n<meta name=\"description\" content=\"D\u00e9couvrez nos solutions adapt\u00e9es \u00e0 chaque secteur avec les technologies avanc\u00e9es de gestion des acc\u00e8s et des identit\u00e9s de WALLIX.\" \/>\n<meta name=\"robots\" content=\"index, follow, max-snippet:-1, max-image-preview:large, max-video-preview:-1\" \/>\n<link rel=\"canonical\" href=\"https:\/\/www.wallix.com\/fr\/solutions\/solutions-par-secteur-dactivite\/\" \/>\n<meta property=\"og:locale\" content=\"fr_FR\" \/>\n<meta property=\"og:type\" content=\"article\" \/>\n<meta property=\"og:title\" content=\"Solutions par secteur d&#039;activit\u00e9 - WALLIX\" \/>\n<meta property=\"og:description\" content=\"D\u00e9couvrez nos solutions adapt\u00e9es \u00e0 chaque secteur avec les technologies avanc\u00e9es de gestion des acc\u00e8s et des identit\u00e9s de WALLIX.\" \/>\n<meta property=\"og:url\" content=\"https:\/\/www.wallix.com\/fr\/solutions\/solutions-par-secteur-dactivite\/\" \/>\n<meta property=\"og:site_name\" content=\"WALLIX\" \/>\n<meta property=\"article:modified_time\" content=\"2025-12-22T11:07:36+00:00\" \/>\n<meta name=\"twitter:card\" content=\"summary_large_image\" \/>\n<meta name=\"twitter:site\" content=\"@wallixcom\" \/>\n<meta name=\"twitter:label1\" content=\"Dur\u00e9e de lecture estim\u00e9e\" \/>\n\t<meta name=\"twitter:data1\" content=\"1 minute\" \/>\n<script type=\"application\/ld+json\" class=\"yoast-schema-graph\">{\"@context\":\"https:\\\/\\\/schema.org\",\"@graph\":[{\"@type\":\"WebPage\",\"@id\":\"https:\\\/\\\/www.wallix.com\\\/fr\\\/solutions\\\/solutions-par-secteur-dactivite\\\/\",\"url\":\"https:\\\/\\\/www.wallix.com\\\/fr\\\/solutions\\\/solutions-par-secteur-dactivite\\\/\",\"name\":\"Solutions par secteur d'activit\u00e9 - WALLIX\",\"isPartOf\":{\"@id\":\"https:\\\/\\\/www.wallix.com\\\/fr\\\/#website\"},\"datePublished\":\"2025-08-06T15:30:18+00:00\",\"dateModified\":\"2025-12-22T11:07:36+00:00\",\"description\":\"D\u00e9couvrez nos solutions adapt\u00e9es \u00e0 chaque secteur avec les technologies avanc\u00e9es de gestion des acc\u00e8s et des identit\u00e9s de WALLIX.\",\"breadcrumb\":{\"@id\":\"https:\\\/\\\/www.wallix.com\\\/fr\\\/solutions\\\/solutions-par-secteur-dactivite\\\/#breadcrumb\"},\"inLanguage\":\"fr-FR\",\"potentialAction\":[{\"@type\":\"ReadAction\",\"target\":[\"https:\\\/\\\/www.wallix.com\\\/fr\\\/solutions\\\/solutions-par-secteur-dactivite\\\/\"]}]},{\"@type\":\"BreadcrumbList\",\"@id\":\"https:\\\/\\\/www.wallix.com\\\/fr\\\/solutions\\\/solutions-par-secteur-dactivite\\\/#breadcrumb\",\"itemListElement\":[{\"@type\":\"ListItem\",\"position\":1,\"name\":\"SOLUTIONS\",\"item\":\"https:\\\/\\\/www.wallix.com\\\/fr\\\/solutions\\\/\"},{\"@type\":\"ListItem\",\"position\":2,\"name\":\"Solutions par secteur d&#8217;activit\u00e9\"}]},{\"@type\":\"WebSite\",\"@id\":\"https:\\\/\\\/www.wallix.com\\\/fr\\\/#website\",\"url\":\"https:\\\/\\\/www.wallix.com\\\/fr\\\/\",\"name\":\"WALLIX\",\"description\":\"CYBERSECURITY SIMPLIFIED\",\"publisher\":{\"@id\":\"https:\\\/\\\/www.wallix.com\\\/fr\\\/#organization\"},\"potentialAction\":[{\"@type\":\"SearchAction\",\"target\":{\"@type\":\"EntryPoint\",\"urlTemplate\":\"https:\\\/\\\/www.wallix.com\\\/fr\\\/?s={search_term_string}\"},\"query-input\":{\"@type\":\"PropertyValueSpecification\",\"valueRequired\":true,\"valueName\":\"search_term_string\"}}],\"inLanguage\":\"fr-FR\"},{\"@type\":\"Organization\",\"@id\":\"https:\\\/\\\/www.wallix.com\\\/fr\\\/#organization\",\"name\":\"WALLIX\",\"url\":\"https:\\\/\\\/www.wallix.com\\\/fr\\\/\",\"logo\":{\"@type\":\"ImageObject\",\"inLanguage\":\"fr-FR\",\"@id\":\"https:\\\/\\\/www.wallix.com\\\/fr\\\/#\\\/schema\\\/logo\\\/image\\\/\",\"url\":\"https:\\\/\\\/www.wallix.com\\\/wp-content\\\/uploads\\\/2024\\\/03\\\/LOGO_WALLIX_2024_blackorange.png\",\"contentUrl\":\"https:\\\/\\\/www.wallix.com\\\/wp-content\\\/uploads\\\/2024\\\/03\\\/LOGO_WALLIX_2024_blackorange.png\",\"width\":3108,\"height\":827,\"caption\":\"WALLIX\"},\"image\":{\"@id\":\"https:\\\/\\\/www.wallix.com\\\/fr\\\/#\\\/schema\\\/logo\\\/image\\\/\"},\"sameAs\":[\"https:\\\/\\\/x.com\\\/wallixcom\",\"https:\\\/\\\/www.linkedin.com\\\/company\\\/wallix\\\/\",\"https:\\\/\\\/www.youtube.com\\\/wallix\"]}]}<\/script>\n<!-- \/ Yoast SEO plugin. -->","yoast_head_json":{"title":"Solutions par secteur d'activit\u00e9 - WALLIX","description":"D\u00e9couvrez nos solutions adapt\u00e9es \u00e0 chaque secteur avec les technologies avanc\u00e9es de gestion des acc\u00e8s et des identit\u00e9s de WALLIX.","robots":{"index":"index","follow":"follow","max-snippet":"max-snippet:-1","max-image-preview":"max-image-preview:large","max-video-preview":"max-video-preview:-1"},"canonical":"https:\/\/www.wallix.com\/fr\/solutions\/solutions-par-secteur-dactivite\/","og_locale":"fr_FR","og_type":"article","og_title":"Solutions par secteur d'activit\u00e9 - WALLIX","og_description":"D\u00e9couvrez nos solutions adapt\u00e9es \u00e0 chaque secteur avec les technologies avanc\u00e9es de gestion des acc\u00e8s et des identit\u00e9s de WALLIX.","og_url":"https:\/\/www.wallix.com\/fr\/solutions\/solutions-par-secteur-dactivite\/","og_site_name":"WALLIX","article_modified_time":"2025-12-22T11:07:36+00:00","twitter_card":"summary_large_image","twitter_site":"@wallixcom","twitter_misc":{"Dur\u00e9e de lecture estim\u00e9e":"1 minute"},"schema":{"@context":"https:\/\/schema.org","@graph":[{"@type":"WebPage","@id":"https:\/\/www.wallix.com\/fr\/solutions\/solutions-par-secteur-dactivite\/","url":"https:\/\/www.wallix.com\/fr\/solutions\/solutions-par-secteur-dactivite\/","name":"Solutions par secteur d'activit\u00e9 - WALLIX","isPartOf":{"@id":"https:\/\/www.wallix.com\/fr\/#website"},"datePublished":"2025-08-06T15:30:18+00:00","dateModified":"2025-12-22T11:07:36+00:00","description":"D\u00e9couvrez nos solutions adapt\u00e9es \u00e0 chaque secteur avec les technologies avanc\u00e9es de gestion des acc\u00e8s et des identit\u00e9s de WALLIX.","breadcrumb":{"@id":"https:\/\/www.wallix.com\/fr\/solutions\/solutions-par-secteur-dactivite\/#breadcrumb"},"inLanguage":"fr-FR","potentialAction":[{"@type":"ReadAction","target":["https:\/\/www.wallix.com\/fr\/solutions\/solutions-par-secteur-dactivite\/"]}]},{"@type":"BreadcrumbList","@id":"https:\/\/www.wallix.com\/fr\/solutions\/solutions-par-secteur-dactivite\/#breadcrumb","itemListElement":[{"@type":"ListItem","position":1,"name":"SOLUTIONS","item":"https:\/\/www.wallix.com\/fr\/solutions\/"},{"@type":"ListItem","position":2,"name":"Solutions par secteur d&#8217;activit\u00e9"}]},{"@type":"WebSite","@id":"https:\/\/www.wallix.com\/fr\/#website","url":"https:\/\/www.wallix.com\/fr\/","name":"WALLIX","description":"CYBERSECURITY SIMPLIFIED","publisher":{"@id":"https:\/\/www.wallix.com\/fr\/#organization"},"potentialAction":[{"@type":"SearchAction","target":{"@type":"EntryPoint","urlTemplate":"https:\/\/www.wallix.com\/fr\/?s={search_term_string}"},"query-input":{"@type":"PropertyValueSpecification","valueRequired":true,"valueName":"search_term_string"}}],"inLanguage":"fr-FR"},{"@type":"Organization","@id":"https:\/\/www.wallix.com\/fr\/#organization","name":"WALLIX","url":"https:\/\/www.wallix.com\/fr\/","logo":{"@type":"ImageObject","inLanguage":"fr-FR","@id":"https:\/\/www.wallix.com\/fr\/#\/schema\/logo\/image\/","url":"https:\/\/www.wallix.com\/wp-content\/uploads\/2024\/03\/LOGO_WALLIX_2024_blackorange.png","contentUrl":"https:\/\/www.wallix.com\/wp-content\/uploads\/2024\/03\/LOGO_WALLIX_2024_blackorange.png","width":3108,"height":827,"caption":"WALLIX"},"image":{"@id":"https:\/\/www.wallix.com\/fr\/#\/schema\/logo\/image\/"},"sameAs":["https:\/\/x.com\/wallixcom","https:\/\/www.linkedin.com\/company\/wallix\/","https:\/\/www.youtube.com\/wallix"]}]}},"_links":{"self":[{"href":"https:\/\/www.wallix.com\/fr\/wp-json\/wp\/v2\/pages\/76152","targetHints":{"allow":["GET"]}}],"collection":[{"href":"https:\/\/www.wallix.com\/fr\/wp-json\/wp\/v2\/pages"}],"about":[{"href":"https:\/\/www.wallix.com\/fr\/wp-json\/wp\/v2\/types\/page"}],"author":[{"embeddable":true,"href":"https:\/\/www.wallix.com\/fr\/wp-json\/wp\/v2\/users\/3"}],"replies":[{"embeddable":true,"href":"https:\/\/www.wallix.com\/fr\/wp-json\/wp\/v2\/comments?post=76152"}],"version-history":[{"count":4,"href":"https:\/\/www.wallix.com\/fr\/wp-json\/wp\/v2\/pages\/76152\/revisions"}],"predecessor-version":[{"id":82304,"href":"https:\/\/www.wallix.com\/fr\/wp-json\/wp\/v2\/pages\/76152\/revisions\/82304"}],"up":[{"embeddable":true,"href":"https:\/\/www.wallix.com\/fr\/wp-json\/wp\/v2\/pages\/41679"}],"wp:attachment":[{"href":"https:\/\/www.wallix.com\/fr\/wp-json\/wp\/v2\/media?parent=76152"}],"curies":[{"name":"wp","href":"https:\/\/api.w.org\/{rel}","templated":true}]}}