{"id":41979,"date":"2024-01-23T17:01:50","date_gmt":"2024-01-23T16:01:50","guid":{"rendered":"https:\/\/www.wallix.com\/partenaires\/"},"modified":"2025-12-29T10:07:01","modified_gmt":"2025-12-29T09:07:01","slug":"partenaires","status":"publish","type":"page","link":"https:\/\/www.wallix.com\/fr\/partenaires\/","title":{"rendered":"PARTENAIRES"},"content":{"rendered":"<div id='av_section_1'  class='avia-section av-10axc00-c63335c22198d75d1e5bd76edc76acde main_color avia-section-default avia-no-border-styling  avia-builder-el-0  avia-builder-el-no-sibling  avia-bg-style-scroll container_wrap fullsize'  ><div class='container av-section-cont-open' ><main  role=\"main\" itemprop=\"mainContentOfPage\"  class='template-page content  av-content-full alpha units'><div class='post-entry post-entry-type-page post-entry-41979'><div class='entry-content-wrapper clearfix'>\n\n<style type=\"text\/css\" data-created_by=\"avia_inline_auto\" id=\"style-css-av-k88000-f6d778591d953297db6202d0d877b5eb\">\n.avia-accordion.av-k88000-f6d778591d953297db6202d0d877b5eb{\nmax-height:430px;\n}\n.avia-accordion.av-k88000-f6d778591d953297db6202d0d877b5eb .aviaccordion-preview{\nwidth:34.1%;\n}\n.avia-accordion .aviaccordion-slide.av-k88000-f6d778591d953297db6202d0d877b5eb__0{\nleft:0%;\n}\n.avia-accordion .aviaccordion-slide.av-k88000-f6d778591d953297db6202d0d877b5eb__1{\nleft:33.333333333333%;\n}\n.avia-accordion .aviaccordion-slide.av-k88000-f6d778591d953297db6202d0d877b5eb__2{\nleft:66.666666666667%;\n}\n<\/style>\n<div  id=\"accordion_slider_1\"  class='aviaccordion avia-accordion av-k88000-f6d778591d953297db6202d0d877b5eb aviaccordion-title-active av-slideshow-manual av-loop-once ' data-slideshow-options=\"{&quot;interval&quot;:5,&quot;autoplay&quot;:false,&quot;loop_autoplay&quot;:&quot;once&quot;}\"  itemscope=\"itemscope\" itemtype=\"https:\/\/schema.org\/Blog\" ><ul class=\"aviaccordion-inner\"><li class='aviaccordion-slide av-k88000-f6d778591d953297db6202d0d877b5eb__0 aviaccordion-slide-1' data-av-left='0'  itemscope=\"itemscope\" itemtype=\"https:\/\/schema.org\/CreativeWork\" ><a class='aviaccordion-slide-link noHover' href=\"https:\/\/www.wallix.com\/fr\/partenaires\/recherche-de-partenaires\/\"  ><div class='aviaccordion-preview '><div class=\"aviaccordion-preview-title-pos\"><div class=\"aviaccordion-preview-title-wrap\"><div class=\"aviaccordion-preview-title\"><h3 class='aviaccordion-title '  itemprop=\"headline\" >Trouver un partenaire<\/h3><\/div><\/div><\/div><\/div><img loading=\"lazy\" decoding=\"async\" width=\"1500\" height=\"430\" src=\"https:\/\/www.wallix.com\/wp-content\/uploads\/2023\/12\/AdobeStock_641341907-1500x430.jpeg\" class=\"aviaccordion-image\" alt=\"Businessman looking at a magnifying glass over a network of small people.\" \/><\/a><\/li><li class='aviaccordion-slide av-k88000-f6d778591d953297db6202d0d877b5eb__1 aviaccordion-slide-2' data-av-left='33.333333333333'  itemscope=\"itemscope\" itemtype=\"https:\/\/schema.org\/CreativeWork\" ><a class='aviaccordion-slide-link noHover' href=\"https:\/\/www.wallix.com\/fr\/partenaires\/partenaires-commerciaux\/\"  ><div class='aviaccordion-preview '><div class=\"aviaccordion-preview-title-pos\"><div class=\"aviaccordion-preview-title-wrap\"><div class=\"aviaccordion-preview-title\"><h3 class='aviaccordion-title '  itemprop=\"headline\" >Devenir partenaire<\/h3><\/div><\/div><\/div><\/div><img loading=\"lazy\" decoding=\"async\" width=\"1500\" height=\"430\" src=\"https:\/\/www.wallix.com\/wp-content\/uploads\/2023\/12\/professional-services-1500x430.jpeg\" class=\"aviaccordion-image\" alt=\"shake hands\" \/><\/a><\/li><li class='aviaccordion-slide av-k88000-f6d778591d953297db6202d0d877b5eb__2 aviaccordion-slide-3' data-av-left='66.666666666667'  itemscope=\"itemscope\" itemtype=\"https:\/\/schema.org\/CreativeWork\" ><a class='aviaccordion-slide-link noHover' href=\"https:\/\/partner.wallix.com\/\"  target='_blank'><div class='aviaccordion-preview '><div class=\"aviaccordion-preview-title-pos\"><div class=\"aviaccordion-preview-title-wrap\"><div class=\"aviaccordion-preview-title\"><h3 class='aviaccordion-title '  itemprop=\"headline\" >Ressources<\/h3><\/div><\/div><\/div><\/div><img loading=\"lazy\" decoding=\"async\" width=\"1500\" height=\"430\" src=\"https:\/\/www.wallix.com\/wp-content\/uploads\/2023\/12\/AdobeStock_621766708-1500x430.jpeg\" class=\"aviaccordion-image\" alt=\"Project manager working and update tasks with milestones progress planning and professional investor working new start up project in the office.\" \/><\/a><\/li><\/ul><div class='aviaccordion-spacer' style='padding-bottom:28.666666666667%'><\/div><\/div>\n\n","protected":false},"excerpt":{"rendered":"","protected":false},"author":3,"featured_media":0,"parent":0,"menu_order":0,"comment_status":"closed","ping_status":"closed","template":"","meta":{"_acf_changed":false,"content-type":"","inline_featured_image":false,"footnotes":""},"class_list":["post-41979","page","type-page","status-publish","hentry"],"acf":[],"yoast_head":"<!-- This site is optimized with the Yoast SEO plugin v26.9 - https:\/\/yoast.com\/product\/yoast-seo-wordpress\/ -->\n<title>PARTENAIRES - WALLIX<\/title>\n<meta name=\"description\" content=\"D\u00e9couvrez nos partenaires pour des solutions de cybers\u00e9curit\u00e9 de confiance. Rejoignez notre r\u00e9seau pour un avenir num\u00e9rique s\u00e9curis\u00e9.\" \/>\n<meta name=\"robots\" content=\"index, follow, max-snippet:-1, max-image-preview:large, max-video-preview:-1\" \/>\n<link rel=\"canonical\" href=\"https:\/\/www.wallix.com\/fr\/partenaires\/\" \/>\n<meta property=\"og:locale\" content=\"fr_FR\" \/>\n<meta property=\"og:type\" content=\"article\" \/>\n<meta property=\"og:title\" content=\"PARTENAIRES - WALLIX\" \/>\n<meta property=\"og:description\" content=\"D\u00e9couvrez nos partenaires pour des solutions de cybers\u00e9curit\u00e9 de confiance. Rejoignez notre r\u00e9seau pour un avenir num\u00e9rique s\u00e9curis\u00e9.\" \/>\n<meta property=\"og:url\" content=\"https:\/\/www.wallix.com\/fr\/partenaires\/\" \/>\n<meta property=\"og:site_name\" content=\"WALLIX\" \/>\n<meta property=\"article:modified_time\" content=\"2025-12-29T09:07:01+00:00\" \/>\n<meta name=\"twitter:card\" content=\"summary_large_image\" \/>\n<meta name=\"twitter:site\" content=\"@wallixcom\" \/>\n<meta name=\"twitter:label1\" content=\"Dur\u00e9e de lecture estim\u00e9e\" \/>\n\t<meta name=\"twitter:data1\" content=\"1 minute\" \/>\n<script type=\"application\/ld+json\" class=\"yoast-schema-graph\">{\"@context\":\"https:\/\/schema.org\",\"@graph\":[{\"@type\":\"WebPage\",\"@id\":\"https:\/\/www.wallix.com\/fr\/partenaires\/\",\"url\":\"https:\/\/www.wallix.com\/fr\/partenaires\/\",\"name\":\"PARTENAIRES - WALLIX\",\"isPartOf\":{\"@id\":\"https:\/\/www.wallix.com\/fr\/#website\"},\"datePublished\":\"2024-01-23T16:01:50+00:00\",\"dateModified\":\"2025-12-29T09:07:01+00:00\",\"description\":\"D\u00e9couvrez nos partenaires pour des solutions de cybers\u00e9curit\u00e9 de confiance. Rejoignez notre r\u00e9seau pour un avenir num\u00e9rique s\u00e9curis\u00e9.\",\"inLanguage\":\"fr-FR\",\"potentialAction\":[{\"@type\":\"ReadAction\",\"target\":[\"https:\/\/www.wallix.com\/fr\/partenaires\/\"]}]},{\"@type\":\"WebSite\",\"@id\":\"https:\/\/www.wallix.com\/fr\/#website\",\"url\":\"https:\/\/www.wallix.com\/fr\/\",\"name\":\"WALLIX\",\"description\":\"CYBERSECURITY SIMPLIFIED\",\"publisher\":{\"@id\":\"https:\/\/www.wallix.com\/fr\/#organization\"},\"potentialAction\":[{\"@type\":\"SearchAction\",\"target\":{\"@type\":\"EntryPoint\",\"urlTemplate\":\"https:\/\/www.wallix.com\/fr\/?s={search_term_string}\"},\"query-input\":{\"@type\":\"PropertyValueSpecification\",\"valueRequired\":true,\"valueName\":\"search_term_string\"}}],\"inLanguage\":\"fr-FR\"},{\"@type\":\"Organization\",\"@id\":\"https:\/\/www.wallix.com\/fr\/#organization\",\"name\":\"WALLIX\",\"url\":\"https:\/\/www.wallix.com\/fr\/\",\"logo\":{\"@type\":\"ImageObject\",\"inLanguage\":\"fr-FR\",\"@id\":\"https:\/\/www.wallix.com\/fr\/#\/schema\/logo\/image\/\",\"url\":\"https:\/\/www.wallix.com\/wp-content\/uploads\/2024\/03\/LOGO_WALLIX_2024_blackorange.png\",\"contentUrl\":\"https:\/\/www.wallix.com\/wp-content\/uploads\/2024\/03\/LOGO_WALLIX_2024_blackorange.png\",\"width\":3108,\"height\":827,\"caption\":\"WALLIX\"},\"image\":{\"@id\":\"https:\/\/www.wallix.com\/fr\/#\/schema\/logo\/image\/\"},\"sameAs\":[\"https:\/\/x.com\/wallixcom\",\"https:\/\/www.linkedin.com\/company\/wallix\/\",\"https:\/\/www.youtube.com\/wallix\"]}]}<\/script>\n<!-- \/ Yoast SEO plugin. -->","yoast_head_json":{"title":"PARTENAIRES - WALLIX","description":"D\u00e9couvrez nos partenaires pour des solutions de cybers\u00e9curit\u00e9 de confiance. Rejoignez notre r\u00e9seau pour un avenir num\u00e9rique s\u00e9curis\u00e9.","robots":{"index":"index","follow":"follow","max-snippet":"max-snippet:-1","max-image-preview":"max-image-preview:large","max-video-preview":"max-video-preview:-1"},"canonical":"https:\/\/www.wallix.com\/fr\/partenaires\/","og_locale":"fr_FR","og_type":"article","og_title":"PARTENAIRES - WALLIX","og_description":"D\u00e9couvrez nos partenaires pour des solutions de cybers\u00e9curit\u00e9 de confiance. Rejoignez notre r\u00e9seau pour un avenir num\u00e9rique s\u00e9curis\u00e9.","og_url":"https:\/\/www.wallix.com\/fr\/partenaires\/","og_site_name":"WALLIX","article_modified_time":"2025-12-29T09:07:01+00:00","twitter_card":"summary_large_image","twitter_site":"@wallixcom","twitter_misc":{"Dur\u00e9e de lecture estim\u00e9e":"1 minute"},"schema":{"@context":"https:\/\/schema.org","@graph":[{"@type":"WebPage","@id":"https:\/\/www.wallix.com\/fr\/partenaires\/","url":"https:\/\/www.wallix.com\/fr\/partenaires\/","name":"PARTENAIRES - WALLIX","isPartOf":{"@id":"https:\/\/www.wallix.com\/fr\/#website"},"datePublished":"2024-01-23T16:01:50+00:00","dateModified":"2025-12-29T09:07:01+00:00","description":"D\u00e9couvrez nos partenaires pour des solutions de cybers\u00e9curit\u00e9 de confiance. Rejoignez notre r\u00e9seau pour un avenir num\u00e9rique s\u00e9curis\u00e9.","inLanguage":"fr-FR","potentialAction":[{"@type":"ReadAction","target":["https:\/\/www.wallix.com\/fr\/partenaires\/"]}]},{"@type":"WebSite","@id":"https:\/\/www.wallix.com\/fr\/#website","url":"https:\/\/www.wallix.com\/fr\/","name":"WALLIX","description":"CYBERSECURITY SIMPLIFIED","publisher":{"@id":"https:\/\/www.wallix.com\/fr\/#organization"},"potentialAction":[{"@type":"SearchAction","target":{"@type":"EntryPoint","urlTemplate":"https:\/\/www.wallix.com\/fr\/?s={search_term_string}"},"query-input":{"@type":"PropertyValueSpecification","valueRequired":true,"valueName":"search_term_string"}}],"inLanguage":"fr-FR"},{"@type":"Organization","@id":"https:\/\/www.wallix.com\/fr\/#organization","name":"WALLIX","url":"https:\/\/www.wallix.com\/fr\/","logo":{"@type":"ImageObject","inLanguage":"fr-FR","@id":"https:\/\/www.wallix.com\/fr\/#\/schema\/logo\/image\/","url":"https:\/\/www.wallix.com\/wp-content\/uploads\/2024\/03\/LOGO_WALLIX_2024_blackorange.png","contentUrl":"https:\/\/www.wallix.com\/wp-content\/uploads\/2024\/03\/LOGO_WALLIX_2024_blackorange.png","width":3108,"height":827,"caption":"WALLIX"},"image":{"@id":"https:\/\/www.wallix.com\/fr\/#\/schema\/logo\/image\/"},"sameAs":["https:\/\/x.com\/wallixcom","https:\/\/www.linkedin.com\/company\/wallix\/","https:\/\/www.youtube.com\/wallix"]}]}},"_links":{"self":[{"href":"https:\/\/www.wallix.com\/fr\/wp-json\/wp\/v2\/pages\/41979","targetHints":{"allow":["GET"]}}],"collection":[{"href":"https:\/\/www.wallix.com\/fr\/wp-json\/wp\/v2\/pages"}],"about":[{"href":"https:\/\/www.wallix.com\/fr\/wp-json\/wp\/v2\/types\/page"}],"author":[{"embeddable":true,"href":"https:\/\/www.wallix.com\/fr\/wp-json\/wp\/v2\/users\/3"}],"replies":[{"embeddable":true,"href":"https:\/\/www.wallix.com\/fr\/wp-json\/wp\/v2\/comments?post=41979"}],"version-history":[{"count":7,"href":"https:\/\/www.wallix.com\/fr\/wp-json\/wp\/v2\/pages\/41979\/revisions"}],"predecessor-version":[{"id":82434,"href":"https:\/\/www.wallix.com\/fr\/wp-json\/wp\/v2\/pages\/41979\/revisions\/82434"}],"wp:attachment":[{"href":"https:\/\/www.wallix.com\/fr\/wp-json\/wp\/v2\/media?parent=41979"}],"curies":[{"name":"wp","href":"https:\/\/api.w.org\/{rel}","templated":true}]}}