{"id":41911,"date":"2024-01-23T16:58:22","date_gmt":"2024-01-23T15:58:22","guid":{"rendered":"https:\/\/www.wallix.com\/toutes-les-ressources\/articles-de-blog\/"},"modified":"2025-12-18T14:49:04","modified_gmt":"2025-12-18T13:49:04","slug":"articles-de-blog","status":"publish","type":"page","link":"https:\/\/www.wallix.com\/fr\/toutes-les-ressources\/articles-de-blog\/","title":{"rendered":"Articles de blog"},"content":{"rendered":"<div id='full_slider_1'  class='avia-fullwidth-slider main_color avia-shadow   avia-builder-el-0  el_before_av_section  avia-builder-el-first   container_wrap fullsize'  >\n<style type=\"text\/css\" data-created_by=\"avia_inline_auto\" id=\"style-css-av-230vh6l-060f77f8bdd474dfeb5a387afee46e82\">\n#top #wrap_all .avia-slideshow .av-slideshow-caption.av-230vh6l-060f77f8bdd474dfeb5a387afee46e82__0 .avia-caption-title{\nfont-size:35px;\n}\n#top .avia-slideshow .av-slideshow-caption.av-230vh6l-060f77f8bdd474dfeb5a387afee46e82__0 .avia-caption-content{\nfont-size:24px;\n}\n#top .avia-slideshow .av-slideshow-caption.av-230vh6l-060f77f8bdd474dfeb5a387afee46e82__0 .avia-caption-content p{\nfont-size:24px;\n}\n<\/style>\n<div  class='avia-slideshow av-230vh6l-060f77f8bdd474dfeb5a387afee46e82 avia-slideshow-featured av_slideshow_full avia-slide-slider av-slideshow-ui av-control-default av-slideshow-manual av-loop-once av-loop-manual-endless av-default-height-applied   avia-slideshow-1' data-slideshow-options=\"{&quot;animation&quot;:&quot;slide&quot;,&quot;autoplay&quot;:false,&quot;loop_autoplay&quot;:&quot;once&quot;,&quot;interval&quot;:5,&quot;loop_manual&quot;:&quot;manual-endless&quot;,&quot;autoplay_stopper&quot;:false,&quot;noNavigation&quot;:false,&quot;bg_slider&quot;:false,&quot;keep_padding&quot;:false,&quot;hoverpause&quot;:false,&quot;show_slide_delay&quot;:0}\"  itemprop=\"image\" itemscope=\"itemscope\" itemtype=\"https:\/\/schema.org\/ImageObject\" ><ul class='avia-slideshow-inner ' style='padding-bottom: 28.666666666667%;'><\/ul><\/div><\/div>\n\n<style type=\"text\/css\" data-created_by=\"avia_inline_auto\" id=\"style-css-av-zdn5tp-e5f1866067e199eabc526bd43f3e1225\">\n.avia-section.av-zdn5tp-e5f1866067e199eabc526bd43f3e1225{\nbackground-color:#e8e8e8;\nbackground-image:unset;\n}\n<\/style>\n<div id='av_section_1'  class='avia-section av-zdn5tp-e5f1866067e199eabc526bd43f3e1225 main_color avia-section-default avia-no-shadow  avia-builder-el-1  el_after_av_slideshow_full  avia-builder-el-last  avia-bg-style-scroll container_wrap fullsize'  ><div class='container av-section-cont-open' ><div class='template-page content  av-content-full alpha units'><div class='post-entry post-entry-type-page post-entry-41911'><div class='entry-content-wrapper clearfix'>\n\n\n\n","protected":false},"excerpt":{"rendered":"","protected":false},"author":1,"featured_media":0,"parent":41897,"menu_order":0,"comment_status":"closed","ping_status":"closed","template":"","meta":{"_acf_changed":false,"content-type":"","inline_featured_image":false,"footnotes":""},"class_list":["post-41911","page","type-page","status-publish","hentry"],"acf":[],"yoast_head":"<!-- This site is optimized with the Yoast SEO plugin v26.9 - https:\/\/yoast.com\/product\/yoast-seo-wordpress\/ -->\n<title>Articles de blog - WALLIX<\/title>\n<meta name=\"description\" content=\"Consultez les blog posts de Wallix pour des conseils d\u2019experts, des tendances cybers\u00e9curit\u00e9, des bonnes pratiques PAM et des analyses pour s\u00e9curiser les acc\u00e8s et les identit\u00e9s.\" \/>\n<meta name=\"robots\" content=\"index, follow, max-snippet:-1, max-image-preview:large, max-video-preview:-1\" \/>\n<link rel=\"canonical\" href=\"https:\/\/www.wallix.com\/fr\/toutes-les-ressources\/articles-de-blog\/\" \/>\n<meta property=\"og:locale\" content=\"fr_FR\" \/>\n<meta property=\"og:type\" content=\"article\" \/>\n<meta property=\"og:title\" content=\"Articles de blog - WALLIX\" \/>\n<meta property=\"og:description\" content=\"Consultez les blog posts de Wallix pour des conseils d\u2019experts, des tendances cybers\u00e9curit\u00e9, des bonnes pratiques PAM et des analyses pour s\u00e9curiser les acc\u00e8s et les identit\u00e9s.\" \/>\n<meta property=\"og:url\" content=\"https:\/\/www.wallix.com\/fr\/toutes-les-ressources\/articles-de-blog\/\" \/>\n<meta property=\"og:site_name\" content=\"WALLIX\" \/>\n<meta property=\"article:modified_time\" content=\"2025-12-18T13:49:04+00:00\" \/>\n<meta name=\"twitter:card\" content=\"summary_large_image\" \/>\n<meta name=\"twitter:site\" content=\"@wallixcom\" \/>\n<meta name=\"twitter:label1\" content=\"Dur\u00e9e de lecture estim\u00e9e\" \/>\n\t<meta name=\"twitter:data1\" content=\"1 minute\" \/>\n<script type=\"application\/ld+json\" class=\"yoast-schema-graph\">{\"@context\":\"https:\/\/schema.org\",\"@graph\":[{\"@type\":\"WebPage\",\"@id\":\"https:\/\/www.wallix.com\/fr\/toutes-les-ressources\/articles-de-blog\/\",\"url\":\"https:\/\/www.wallix.com\/fr\/toutes-les-ressources\/articles-de-blog\/\",\"name\":\"Articles de blog - WALLIX\",\"isPartOf\":{\"@id\":\"https:\/\/www.wallix.com\/fr\/#website\"},\"datePublished\":\"2024-01-23T15:58:22+00:00\",\"dateModified\":\"2025-12-18T13:49:04+00:00\",\"description\":\"Consultez les blog posts de Wallix pour des conseils d\u2019experts, des tendances cybers\u00e9curit\u00e9, des bonnes pratiques PAM et des analyses pour s\u00e9curiser les acc\u00e8s et les identit\u00e9s.\",\"breadcrumb\":{\"@id\":\"https:\/\/www.wallix.com\/fr\/toutes-les-ressources\/articles-de-blog\/#breadcrumb\"},\"inLanguage\":\"fr-FR\",\"potentialAction\":[{\"@type\":\"ReadAction\",\"target\":[\"https:\/\/www.wallix.com\/fr\/toutes-les-ressources\/articles-de-blog\/\"]}]},{\"@type\":\"BreadcrumbList\",\"@id\":\"https:\/\/www.wallix.com\/fr\/toutes-les-ressources\/articles-de-blog\/#breadcrumb\",\"itemListElement\":[{\"@type\":\"ListItem\",\"position\":1,\"name\":\"Toutes les ressources\",\"item\":\"https:\/\/www.wallix.com\/fr\/toutes-les-ressources\/\"},{\"@type\":\"ListItem\",\"position\":2,\"name\":\"Articles de blog\"}]},{\"@type\":\"WebSite\",\"@id\":\"https:\/\/www.wallix.com\/fr\/#website\",\"url\":\"https:\/\/www.wallix.com\/fr\/\",\"name\":\"WALLIX\",\"description\":\"CYBERSECURITY SIMPLIFIED\",\"publisher\":{\"@id\":\"https:\/\/www.wallix.com\/fr\/#organization\"},\"potentialAction\":[{\"@type\":\"SearchAction\",\"target\":{\"@type\":\"EntryPoint\",\"urlTemplate\":\"https:\/\/www.wallix.com\/fr\/?s={search_term_string}\"},\"query-input\":{\"@type\":\"PropertyValueSpecification\",\"valueRequired\":true,\"valueName\":\"search_term_string\"}}],\"inLanguage\":\"fr-FR\"},{\"@type\":\"Organization\",\"@id\":\"https:\/\/www.wallix.com\/fr\/#organization\",\"name\":\"WALLIX\",\"url\":\"https:\/\/www.wallix.com\/fr\/\",\"logo\":{\"@type\":\"ImageObject\",\"inLanguage\":\"fr-FR\",\"@id\":\"https:\/\/www.wallix.com\/fr\/#\/schema\/logo\/image\/\",\"url\":\"https:\/\/www.wallix.com\/wp-content\/uploads\/2024\/03\/LOGO_WALLIX_2024_blackorange.png\",\"contentUrl\":\"https:\/\/www.wallix.com\/wp-content\/uploads\/2024\/03\/LOGO_WALLIX_2024_blackorange.png\",\"width\":3108,\"height\":827,\"caption\":\"WALLIX\"},\"image\":{\"@id\":\"https:\/\/www.wallix.com\/fr\/#\/schema\/logo\/image\/\"},\"sameAs\":[\"https:\/\/x.com\/wallixcom\",\"https:\/\/www.linkedin.com\/company\/wallix\/\",\"https:\/\/www.youtube.com\/wallix\"]}]}<\/script>\n<!-- \/ Yoast SEO plugin. -->","yoast_head_json":{"title":"Articles de blog - WALLIX","description":"Consultez les blog posts de Wallix pour des conseils d\u2019experts, des tendances cybers\u00e9curit\u00e9, des bonnes pratiques PAM et des analyses pour s\u00e9curiser les acc\u00e8s et les identit\u00e9s.","robots":{"index":"index","follow":"follow","max-snippet":"max-snippet:-1","max-image-preview":"max-image-preview:large","max-video-preview":"max-video-preview:-1"},"canonical":"https:\/\/www.wallix.com\/fr\/toutes-les-ressources\/articles-de-blog\/","og_locale":"fr_FR","og_type":"article","og_title":"Articles de blog - WALLIX","og_description":"Consultez les blog posts de Wallix pour des conseils d\u2019experts, des tendances cybers\u00e9curit\u00e9, des bonnes pratiques PAM et des analyses pour s\u00e9curiser les acc\u00e8s et les identit\u00e9s.","og_url":"https:\/\/www.wallix.com\/fr\/toutes-les-ressources\/articles-de-blog\/","og_site_name":"WALLIX","article_modified_time":"2025-12-18T13:49:04+00:00","twitter_card":"summary_large_image","twitter_site":"@wallixcom","twitter_misc":{"Dur\u00e9e de lecture estim\u00e9e":"1 minute"},"schema":{"@context":"https:\/\/schema.org","@graph":[{"@type":"WebPage","@id":"https:\/\/www.wallix.com\/fr\/toutes-les-ressources\/articles-de-blog\/","url":"https:\/\/www.wallix.com\/fr\/toutes-les-ressources\/articles-de-blog\/","name":"Articles de blog - WALLIX","isPartOf":{"@id":"https:\/\/www.wallix.com\/fr\/#website"},"datePublished":"2024-01-23T15:58:22+00:00","dateModified":"2025-12-18T13:49:04+00:00","description":"Consultez les blog posts de Wallix pour des conseils d\u2019experts, des tendances cybers\u00e9curit\u00e9, des bonnes pratiques PAM et des analyses pour s\u00e9curiser les acc\u00e8s et les identit\u00e9s.","breadcrumb":{"@id":"https:\/\/www.wallix.com\/fr\/toutes-les-ressources\/articles-de-blog\/#breadcrumb"},"inLanguage":"fr-FR","potentialAction":[{"@type":"ReadAction","target":["https:\/\/www.wallix.com\/fr\/toutes-les-ressources\/articles-de-blog\/"]}]},{"@type":"BreadcrumbList","@id":"https:\/\/www.wallix.com\/fr\/toutes-les-ressources\/articles-de-blog\/#breadcrumb","itemListElement":[{"@type":"ListItem","position":1,"name":"Toutes les ressources","item":"https:\/\/www.wallix.com\/fr\/toutes-les-ressources\/"},{"@type":"ListItem","position":2,"name":"Articles de blog"}]},{"@type":"WebSite","@id":"https:\/\/www.wallix.com\/fr\/#website","url":"https:\/\/www.wallix.com\/fr\/","name":"WALLIX","description":"CYBERSECURITY SIMPLIFIED","publisher":{"@id":"https:\/\/www.wallix.com\/fr\/#organization"},"potentialAction":[{"@type":"SearchAction","target":{"@type":"EntryPoint","urlTemplate":"https:\/\/www.wallix.com\/fr\/?s={search_term_string}"},"query-input":{"@type":"PropertyValueSpecification","valueRequired":true,"valueName":"search_term_string"}}],"inLanguage":"fr-FR"},{"@type":"Organization","@id":"https:\/\/www.wallix.com\/fr\/#organization","name":"WALLIX","url":"https:\/\/www.wallix.com\/fr\/","logo":{"@type":"ImageObject","inLanguage":"fr-FR","@id":"https:\/\/www.wallix.com\/fr\/#\/schema\/logo\/image\/","url":"https:\/\/www.wallix.com\/wp-content\/uploads\/2024\/03\/LOGO_WALLIX_2024_blackorange.png","contentUrl":"https:\/\/www.wallix.com\/wp-content\/uploads\/2024\/03\/LOGO_WALLIX_2024_blackorange.png","width":3108,"height":827,"caption":"WALLIX"},"image":{"@id":"https:\/\/www.wallix.com\/fr\/#\/schema\/logo\/image\/"},"sameAs":["https:\/\/x.com\/wallixcom","https:\/\/www.linkedin.com\/company\/wallix\/","https:\/\/www.youtube.com\/wallix"]}]}},"_links":{"self":[{"href":"https:\/\/www.wallix.com\/fr\/wp-json\/wp\/v2\/pages\/41911","targetHints":{"allow":["GET"]}}],"collection":[{"href":"https:\/\/www.wallix.com\/fr\/wp-json\/wp\/v2\/pages"}],"about":[{"href":"https:\/\/www.wallix.com\/fr\/wp-json\/wp\/v2\/types\/page"}],"author":[{"embeddable":true,"href":"https:\/\/www.wallix.com\/fr\/wp-json\/wp\/v2\/users\/1"}],"replies":[{"embeddable":true,"href":"https:\/\/www.wallix.com\/fr\/wp-json\/wp\/v2\/comments?post=41911"}],"version-history":[{"count":2,"href":"https:\/\/www.wallix.com\/fr\/wp-json\/wp\/v2\/pages\/41911\/revisions"}],"predecessor-version":[{"id":82091,"href":"https:\/\/www.wallix.com\/fr\/wp-json\/wp\/v2\/pages\/41911\/revisions\/82091"}],"up":[{"embeddable":true,"href":"https:\/\/www.wallix.com\/fr\/wp-json\/wp\/v2\/pages\/41897"}],"wp:attachment":[{"href":"https:\/\/www.wallix.com\/fr\/wp-json\/wp\/v2\/media?parent=41911"}],"curies":[{"name":"wp","href":"https:\/\/api.w.org\/{rel}","templated":true}]}}