{"id":41566,"date":"2024-01-23T14:32:35","date_gmt":"2024-01-23T13:32:35","guid":{"rendered":"https:\/\/www.wallix.com\/recherche-de-partenaires\/"},"modified":"2025-12-29T10:21:06","modified_gmt":"2025-12-29T09:21:06","slug":"recherche-de-partenaires","status":"publish","type":"page","link":"https:\/\/www.wallix.com\/fr\/partenaires\/recherche-de-partenaires\/","title":{"rendered":"Recherche de partenaires"},"content":{"rendered":"\n<style type=\"text\/css\" data-created_by=\"avia_inline_auto\" id=\"style-css-av-lnn8e1mq-5f1e473a567676e25ab15270acff45fa\">\n.avia-section.av-lnn8e1mq-5f1e473a567676e25ab15270acff45fa{\nbackground-color:#ec6707;\nbackground-image:unset;\n}\n<\/style>\n<div id='av_section_1'  class='avia-section av-lnn8e1mq-5f1e473a567676e25ab15270acff45fa main_color avia-section-small avia-no-border-styling  avia-builder-el-0  el_before_av_one_full  avia-builder-el-first  avia-bg-style-scroll container_wrap fullsize'  ><div class='container av-section-cont-open' ><main  role=\"main\" itemprop=\"mainContentOfPage\"  class='template-page content  av-content-full alpha units'><div class='post-entry post-entry-type-page post-entry-41566'><div class='entry-content-wrapper clearfix'>\n\n<style type=\"text\/css\" data-created_by=\"avia_inline_auto\" id=\"style-css-av-n5nxrw0-3a7b431028aa28b2358539395aba1be3\">\n.flex_column.av-n5nxrw0-3a7b431028aa28b2358539395aba1be3{\npadding:50px 50px 50px 50px;\n}\n<\/style>\n<div  class='flex_column av-n5nxrw0-3a7b431028aa28b2358539395aba1be3 av_one_full  avia-builder-el-1  avia-builder-el-no-sibling  first flex_column_div  '     ><style type=\"text\/css\" data-created_by=\"avia_inline_auto\" id=\"style-css-av-mvwyqs0-ca813181d3c75e5231f9104a5325c48d\">\n#top .av-special-heading.av-mvwyqs0-ca813181d3c75e5231f9104a5325c48d{\npadding-bottom:0;\ncolor:#ffffff;\nfont-size:37px;\n}\nbody .av-special-heading.av-mvwyqs0-ca813181d3c75e5231f9104a5325c48d .av-special-heading-tag .heading-char{\nfont-size:25px;\n}\n#top #wrap_all .av-special-heading.av-mvwyqs0-ca813181d3c75e5231f9104a5325c48d .av-special-heading-tag{\nfont-size:37px;\npadding:0 0 0 0;\n}\n.av-special-heading.av-mvwyqs0-ca813181d3c75e5231f9104a5325c48d .special-heading-inner-border{\nborder-color:#ffffff;\n}\n.av-special-heading.av-mvwyqs0-ca813181d3c75e5231f9104a5325c48d .av-subheading{\nfont-size:24px;\ncolor:#ffffff;\n}\n\n@media only screen and (min-width: 480px) and (max-width: 767px){ \n#top #wrap_all .av-special-heading.av-mvwyqs0-ca813181d3c75e5231f9104a5325c48d .av-special-heading-tag{\nfont-size:0.8em;\n}\n}\n\n@media only screen and (max-width: 479px){ \n#top #wrap_all .av-special-heading.av-mvwyqs0-ca813181d3c75e5231f9104a5325c48d .av-special-heading-tag{\nfont-size:0.8em;\n}\n}\n<\/style>\n<div  class='av-special-heading av-mvwyqs0-ca813181d3c75e5231f9104a5325c48d av-special-heading-h3 custom-color-heading blockquote modern-quote modern-centered  avia-builder-el-2  avia-builder-el-no-sibling  av-inherit-size'><h3 class='av-special-heading-tag '  itemprop=\"headline\"  >Vous cherchez un partenaire WALLIX ?<\/h3><div class='av_custom_color av-subheading av-subheading_below'><p>Trouvez le bon partenaire pour vous aider \u00e0 vous fournir le bon service ou construire votre architecture,<br \/>\nd\u00e9ployer votre projet et assurer la maintenance de nos solutions.<\/p>\n<\/div><div class=\"special-heading-border\"><div class=\"special-heading-inner-border\"><\/div><\/div><\/div><\/div>\n<\/div><\/div><\/main><!-- close content main element --><\/div><\/div><div id='after_section_1'  class='main_color av_default_container_wrap container_wrap fullsize'  ><div class='container av-section-cont-open' ><div class='template-page content  av-content-full alpha units'><div class='post-entry post-entry-type-page post-entry-41566'><div class='entry-content-wrapper clearfix'>\n<div  class='flex_column av-av_one_full-048119fdb636ea3d70edc0b975509c6c av_one_full  avia-builder-el-3  el_after_av_section  el_before_av_section  avia-builder-el-no-sibling  first flex_column_div  '     ><style type=\"text\/css\" data-created_by=\"avia_inline_auto\" id=\"style-css-av-m3wx927h-406554edb8225730f453d4ac2d777a4a\">\n#top .av-special-heading.av-m3wx927h-406554edb8225730f453d4ac2d777a4a{\npadding-bottom:10px;\nfont-size:34px;\n}\nbody .av-special-heading.av-m3wx927h-406554edb8225730f453d4ac2d777a4a .av-special-heading-tag .heading-char{\nfont-size:25px;\n}\n#top #wrap_all .av-special-heading.av-m3wx927h-406554edb8225730f453d4ac2d777a4a .av-special-heading-tag{\nfont-size:34px;\n}\n.av-special-heading.av-m3wx927h-406554edb8225730f453d4ac2d777a4a .av-subheading{\nfont-size:15px;\n}\n\n@media only screen and (min-width: 480px) and (max-width: 767px){ \n#top #wrap_all .av-special-heading.av-m3wx927h-406554edb8225730f453d4ac2d777a4a .av-special-heading-tag{\nfont-size:0.8em;\n}\n}\n\n@media only screen and (max-width: 479px){ \n#top #wrap_all .av-special-heading.av-m3wx927h-406554edb8225730f453d4ac2d777a4a .av-special-heading-tag{\nfont-size:0.8em;\n}\n}\n<\/style>\n<div  class='av-special-heading av-m3wx927h-406554edb8225730f453d4ac2d777a4a av-special-heading-h3 blockquote modern-quote modern-centered  avia-builder-el-4  avia-builder-el-no-sibling  av-inherit-size'><h3 class='av-special-heading-tag '  itemprop=\"headline\"  >Trouvez un partenaire<\/h3><div class=\"special-heading-border\"><div class=\"special-heading-inner-border\"><\/div><\/div><\/div><\/div><\/div><\/div><\/div><!-- close content main div --><\/div><\/div>\n<style type=\"text\/css\" data-created_by=\"avia_inline_auto\" id=\"style-css-av-1p9aaba-5b7ceb9b425f6d839a71d299f839654b\">\n.avia-section.av-1p9aaba-5b7ceb9b425f6d839a71d299f839654b{\nbackground-color:#e8e8e8;\nbackground-image:unset;\nz-index:30;\nposition:relative;\n}\n.av-curtain-footer.av-curtain-activated #main .avia-section.av-1p9aaba-5b7ceb9b425f6d839a71d299f839654b{\nz-index:30;\n}\n<\/style>\n<div id='av_section_2'  class='avia-section av-1p9aaba-5b7ceb9b425f6d839a71d299f839654b main_color avia-section-default avia-no-border-styling  avia-builder-el-5  el_after_av_one_full  el_before_av_one_full  avia-bg-style-scroll av-custom-positioned container_wrap fullsize'  ><div class='container av-section-cont-open' ><div class='template-page content  av-content-full alpha units'><div class='post-entry post-entry-type-page post-entry-41566'><div class='entry-content-wrapper clearfix'>\n\n<style type=\"text\/css\" data-created_by=\"avia_inline_auto\" id=\"style-css-av-179r8s6-1b7ec18ea65752382a5722b6db0fa39f\">\n.flex_column.av-179r8s6-1b7ec18ea65752382a5722b6db0fa39f{\nz-index:999;\n}\n<\/style>\n<div  class='flex_column av-179r8s6-1b7ec18ea65752382a5722b6db0fa39f av_one_full  avia-builder-el-6  el_before_av_one_full  avia-builder-el-first  first flex_column_div av-custom-positioned  '     ><p><br \/>\n<\/p><\/div><div  class='flex_column av-l1c33q-02e424f76f14bad76af1c2e2cb6692a7 av_one_full  avia-builder-el-9  el_after_av_one_full  avia-builder-el-last  first flex_column_div  column-top-margin'     ><\/div>\n<\/div><\/div><\/div><!-- close content main div --><\/div><\/div><div id='after_section_2'  class='main_color av_default_container_wrap container_wrap fullsize'  ><div class='container av-section-cont-open' ><div class='template-page content  av-content-full alpha units'><div class='post-entry post-entry-type-page post-entry-41566'><div class='entry-content-wrapper clearfix'><\/p>\n<div  class='flex_column av-av_one_full-048119fdb636ea3d70edc0b975509c6c av_one_full  avia-builder-el-11  el_after_av_section  avia-builder-el-no-sibling  first flex_column_div  '     ><section  class='av_textblock_section av-m3wx5hqj-9306ed29c00e55a13d9ed251dc1f2b8e '   itemscope=\"itemscope\" itemtype=\"https:\/\/schema.org\/CreativeWork\" ><div class='avia_textblock'  itemprop=\"text\" ><h3 style=\"text-align: center;\">Vous ne trouvez par votre pays ?<\/h3>\n<\/div><\/section><br \/>\n<div  class='avia-button-wrap av-m3wx3u7s-1deeb3deddaeacc076b9ea71ce18ea3a-wrap avia-button-center  avia-builder-el-13  el_after_av_textblock  avia-builder-el-last '>\n<style type=\"text\/css\" data-created_by=\"avia_inline_auto\" id=\"style-css-av-m3wx3u7s-1deeb3deddaeacc076b9ea71ce18ea3a\">\n#top #wrap_all .avia-button.av-m3wx3u7s-1deeb3deddaeacc076b9ea71ce18ea3a{\nbackground-color:#ec6707;\nborder-color:#ea6e52;\ncolor:#ffffff;\nborder-style:solid;\nborder-width:1px 1px 1px 1px;\ntransition:all 0.4s ease-in-out;\nmargin:20px 0 0 0;\n}\n#top #wrap_all .avia-button.av-m3wx3u7s-1deeb3deddaeacc076b9ea71ce18ea3a:hover{\nbackground-color:#ffffff;\ncolor:#f17c00;\ntransition:all 0.4s ease-in-out;\n}\n#top #wrap_all .avia-button.av-m3wx3u7s-1deeb3deddaeacc076b9ea71ce18ea3a .avia-svg-icon svg:first-child{\nfill:#ffffff;\nstroke:#ffffff;\n}\n#top #wrap_all .avia-button.av-m3wx3u7s-1deeb3deddaeacc076b9ea71ce18ea3a:hover .avia-svg-icon svg:first-child{\nfill:#f17c00;\nstroke:#f17c00;\n}\n<\/style>\n<a href='https:\/\/www.wallix.com\/fr\/societe\/contact\/'  class='avia-button av-m3wx3u7s-1deeb3deddaeacc076b9ea71ce18ea3a av-link-btn avia-icon_select-no avia-size-large avia-position-center'   aria-label=\"Contactez-nous\"><span class='avia_iconbox_title' >Contactez-nous<\/span><\/a><\/div><\/p><\/div>\n","protected":false},"excerpt":{"rendered":"","protected":false},"author":1,"featured_media":0,"parent":41979,"menu_order":0,"comment_status":"closed","ping_status":"closed","template":"","meta":{"_acf_changed":false,"content-type":"","inline_featured_image":false,"footnotes":""},"class_list":["post-41566","page","type-page","status-publish","hentry"],"acf":[],"yoast_head":"<!-- This site is optimized with the Yoast SEO plugin v26.9 - https:\/\/yoast.com\/product\/yoast-seo-wordpress\/ -->\n<title>Recherche de partenaires - WALLIX<\/title>\n<meta name=\"description\" content=\"D\u00e9couvrez les partenaires WALLIX pour des solutions de cybers\u00e9curit\u00e9 fiables. Trouvez ou rejoignez des partenaires pour renforcer votre croissance.\" \/>\n<meta name=\"robots\" content=\"index, follow, max-snippet:-1, max-image-preview:large, max-video-preview:-1\" \/>\n<link rel=\"canonical\" href=\"https:\/\/www.wallix.com\/fr\/partenaires\/recherche-de-partenaires\/\" \/>\n<meta property=\"og:locale\" content=\"fr_FR\" \/>\n<meta property=\"og:type\" content=\"article\" \/>\n<meta property=\"og:title\" content=\"Recherche de partenaires - WALLIX\" \/>\n<meta property=\"og:description\" content=\"D\u00e9couvrez les partenaires WALLIX pour des solutions de cybers\u00e9curit\u00e9 fiables. Trouvez ou rejoignez des partenaires pour renforcer votre croissance.\" \/>\n<meta property=\"og:url\" content=\"https:\/\/www.wallix.com\/fr\/partenaires\/recherche-de-partenaires\/\" \/>\n<meta property=\"og:site_name\" content=\"WALLIX\" \/>\n<meta property=\"article:modified_time\" content=\"2025-12-29T09:21:06+00:00\" \/>\n<meta name=\"twitter:card\" content=\"summary_large_image\" \/>\n<meta name=\"twitter:site\" content=\"@wallixcom\" \/>\n<meta name=\"twitter:label1\" content=\"Dur\u00e9e de lecture estim\u00e9e\" \/>\n\t<meta name=\"twitter:data1\" content=\"1 minute\" \/>\n<script type=\"application\/ld+json\" class=\"yoast-schema-graph\">{\"@context\":\"https:\/\/schema.org\",\"@graph\":[{\"@type\":\"WebPage\",\"@id\":\"https:\/\/www.wallix.com\/fr\/partenaires\/recherche-de-partenaires\/\",\"url\":\"https:\/\/www.wallix.com\/fr\/partenaires\/recherche-de-partenaires\/\",\"name\":\"Recherche de partenaires - WALLIX\",\"isPartOf\":{\"@id\":\"https:\/\/www.wallix.com\/fr\/#website\"},\"datePublished\":\"2024-01-23T13:32:35+00:00\",\"dateModified\":\"2025-12-29T09:21:06+00:00\",\"description\":\"D\u00e9couvrez les partenaires WALLIX pour des solutions de cybers\u00e9curit\u00e9 fiables. Trouvez ou rejoignez des partenaires pour renforcer votre croissance.\",\"breadcrumb\":{\"@id\":\"https:\/\/www.wallix.com\/fr\/partenaires\/recherche-de-partenaires\/#breadcrumb\"},\"inLanguage\":\"fr-FR\",\"potentialAction\":[{\"@type\":\"ReadAction\",\"target\":[\"https:\/\/www.wallix.com\/fr\/partenaires\/recherche-de-partenaires\/\"]}]},{\"@type\":\"BreadcrumbList\",\"@id\":\"https:\/\/www.wallix.com\/fr\/partenaires\/recherche-de-partenaires\/#breadcrumb\",\"itemListElement\":[{\"@type\":\"ListItem\",\"position\":1,\"name\":\"PARTENAIRES\",\"item\":\"https:\/\/www.wallix.com\/fr\/partenaires\/\"},{\"@type\":\"ListItem\",\"position\":2,\"name\":\"Recherche de partenaires\"}]},{\"@type\":\"WebSite\",\"@id\":\"https:\/\/www.wallix.com\/fr\/#website\",\"url\":\"https:\/\/www.wallix.com\/fr\/\",\"name\":\"WALLIX\",\"description\":\"CYBERSECURITY SIMPLIFIED\",\"publisher\":{\"@id\":\"https:\/\/www.wallix.com\/fr\/#organization\"},\"potentialAction\":[{\"@type\":\"SearchAction\",\"target\":{\"@type\":\"EntryPoint\",\"urlTemplate\":\"https:\/\/www.wallix.com\/fr\/?s={search_term_string}\"},\"query-input\":{\"@type\":\"PropertyValueSpecification\",\"valueRequired\":true,\"valueName\":\"search_term_string\"}}],\"inLanguage\":\"fr-FR\"},{\"@type\":\"Organization\",\"@id\":\"https:\/\/www.wallix.com\/fr\/#organization\",\"name\":\"WALLIX\",\"url\":\"https:\/\/www.wallix.com\/fr\/\",\"logo\":{\"@type\":\"ImageObject\",\"inLanguage\":\"fr-FR\",\"@id\":\"https:\/\/www.wallix.com\/fr\/#\/schema\/logo\/image\/\",\"url\":\"https:\/\/www.wallix.com\/wp-content\/uploads\/2024\/03\/LOGO_WALLIX_2024_blackorange.png\",\"contentUrl\":\"https:\/\/www.wallix.com\/wp-content\/uploads\/2024\/03\/LOGO_WALLIX_2024_blackorange.png\",\"width\":3108,\"height\":827,\"caption\":\"WALLIX\"},\"image\":{\"@id\":\"https:\/\/www.wallix.com\/fr\/#\/schema\/logo\/image\/\"},\"sameAs\":[\"https:\/\/x.com\/wallixcom\",\"https:\/\/www.linkedin.com\/company\/wallix\/\",\"https:\/\/www.youtube.com\/wallix\"]}]}<\/script>\n<!-- \/ Yoast SEO plugin. -->","yoast_head_json":{"title":"Recherche de partenaires - WALLIX","description":"D\u00e9couvrez les partenaires WALLIX pour des solutions de cybers\u00e9curit\u00e9 fiables. Trouvez ou rejoignez des partenaires pour renforcer votre croissance.","robots":{"index":"index","follow":"follow","max-snippet":"max-snippet:-1","max-image-preview":"max-image-preview:large","max-video-preview":"max-video-preview:-1"},"canonical":"https:\/\/www.wallix.com\/fr\/partenaires\/recherche-de-partenaires\/","og_locale":"fr_FR","og_type":"article","og_title":"Recherche de partenaires - WALLIX","og_description":"D\u00e9couvrez les partenaires WALLIX pour des solutions de cybers\u00e9curit\u00e9 fiables. Trouvez ou rejoignez des partenaires pour renforcer votre croissance.","og_url":"https:\/\/www.wallix.com\/fr\/partenaires\/recherche-de-partenaires\/","og_site_name":"WALLIX","article_modified_time":"2025-12-29T09:21:06+00:00","twitter_card":"summary_large_image","twitter_site":"@wallixcom","twitter_misc":{"Dur\u00e9e de lecture estim\u00e9e":"1 minute"},"schema":{"@context":"https:\/\/schema.org","@graph":[{"@type":"WebPage","@id":"https:\/\/www.wallix.com\/fr\/partenaires\/recherche-de-partenaires\/","url":"https:\/\/www.wallix.com\/fr\/partenaires\/recherche-de-partenaires\/","name":"Recherche de partenaires - WALLIX","isPartOf":{"@id":"https:\/\/www.wallix.com\/fr\/#website"},"datePublished":"2024-01-23T13:32:35+00:00","dateModified":"2025-12-29T09:21:06+00:00","description":"D\u00e9couvrez les partenaires WALLIX pour des solutions de cybers\u00e9curit\u00e9 fiables. Trouvez ou rejoignez des partenaires pour renforcer votre croissance.","breadcrumb":{"@id":"https:\/\/www.wallix.com\/fr\/partenaires\/recherche-de-partenaires\/#breadcrumb"},"inLanguage":"fr-FR","potentialAction":[{"@type":"ReadAction","target":["https:\/\/www.wallix.com\/fr\/partenaires\/recherche-de-partenaires\/"]}]},{"@type":"BreadcrumbList","@id":"https:\/\/www.wallix.com\/fr\/partenaires\/recherche-de-partenaires\/#breadcrumb","itemListElement":[{"@type":"ListItem","position":1,"name":"PARTENAIRES","item":"https:\/\/www.wallix.com\/fr\/partenaires\/"},{"@type":"ListItem","position":2,"name":"Recherche de partenaires"}]},{"@type":"WebSite","@id":"https:\/\/www.wallix.com\/fr\/#website","url":"https:\/\/www.wallix.com\/fr\/","name":"WALLIX","description":"CYBERSECURITY SIMPLIFIED","publisher":{"@id":"https:\/\/www.wallix.com\/fr\/#organization"},"potentialAction":[{"@type":"SearchAction","target":{"@type":"EntryPoint","urlTemplate":"https:\/\/www.wallix.com\/fr\/?s={search_term_string}"},"query-input":{"@type":"PropertyValueSpecification","valueRequired":true,"valueName":"search_term_string"}}],"inLanguage":"fr-FR"},{"@type":"Organization","@id":"https:\/\/www.wallix.com\/fr\/#organization","name":"WALLIX","url":"https:\/\/www.wallix.com\/fr\/","logo":{"@type":"ImageObject","inLanguage":"fr-FR","@id":"https:\/\/www.wallix.com\/fr\/#\/schema\/logo\/image\/","url":"https:\/\/www.wallix.com\/wp-content\/uploads\/2024\/03\/LOGO_WALLIX_2024_blackorange.png","contentUrl":"https:\/\/www.wallix.com\/wp-content\/uploads\/2024\/03\/LOGO_WALLIX_2024_blackorange.png","width":3108,"height":827,"caption":"WALLIX"},"image":{"@id":"https:\/\/www.wallix.com\/fr\/#\/schema\/logo\/image\/"},"sameAs":["https:\/\/x.com\/wallixcom","https:\/\/www.linkedin.com\/company\/wallix\/","https:\/\/www.youtube.com\/wallix"]}]}},"_links":{"self":[{"href":"https:\/\/www.wallix.com\/fr\/wp-json\/wp\/v2\/pages\/41566","targetHints":{"allow":["GET"]}}],"collection":[{"href":"https:\/\/www.wallix.com\/fr\/wp-json\/wp\/v2\/pages"}],"about":[{"href":"https:\/\/www.wallix.com\/fr\/wp-json\/wp\/v2\/types\/page"}],"author":[{"embeddable":true,"href":"https:\/\/www.wallix.com\/fr\/wp-json\/wp\/v2\/users\/1"}],"replies":[{"embeddable":true,"href":"https:\/\/www.wallix.com\/fr\/wp-json\/wp\/v2\/comments?post=41566"}],"version-history":[{"count":16,"href":"https:\/\/www.wallix.com\/fr\/wp-json\/wp\/v2\/pages\/41566\/revisions"}],"predecessor-version":[{"id":82448,"href":"https:\/\/www.wallix.com\/fr\/wp-json\/wp\/v2\/pages\/41566\/revisions\/82448"}],"up":[{"embeddable":true,"href":"https:\/\/www.wallix.com\/fr\/wp-json\/wp\/v2\/pages\/41979"}],"wp:attachment":[{"href":"https:\/\/www.wallix.com\/fr\/wp-json\/wp\/v2\/media?parent=41566"}],"curies":[{"name":"wp","href":"https:\/\/api.w.org\/{rel}","templated":true}]}}