{"id":41539,"date":"2024-01-23T14:23:36","date_gmt":"2024-01-23T13:23:36","guid":{"rendered":"https:\/\/www.wallix.com\/avis-juridique\/"},"modified":"2025-08-27T10:38:48","modified_gmt":"2025-08-27T09:38:48","slug":"mentions-legales","status":"publish","type":"page","link":"https:\/\/www.wallix.com\/fr\/mentions-legales\/","title":{"rendered":"Mentions l\u00e9gales"},"content":{"rendered":"<div  class='flex_column av-av_two_third-048119fdb636ea3d70edc0b975509c6c av_two_third  avia-builder-el-0  el_before_av_one_third  avia-builder-el-first  first flex_column_div  '     ><p>\n<style type=\"text\/css\" data-created_by=\"avia_inline_auto\" id=\"style-css-av-lu70ly9n-25b2ddbcc378f07e4b51da250f125a4b\">\n#top .av-special-heading.av-lu70ly9n-25b2ddbcc378f07e4b51da250f125a4b{\npadding-bottom:10px;\n}\nbody .av-special-heading.av-lu70ly9n-25b2ddbcc378f07e4b51da250f125a4b .av-special-heading-tag .heading-char{\nfont-size:25px;\n}\n.av-special-heading.av-lu70ly9n-25b2ddbcc378f07e4b51da250f125a4b .av-subheading{\nfont-size:15px;\n}\n<\/style>\n<div  class='av-special-heading av-lu70ly9n-25b2ddbcc378f07e4b51da250f125a4b av-special-heading-h3 blockquote modern-quote  avia-builder-el-1  el_before_av_textblock  avia-builder-el-first '><h3 class='av-special-heading-tag '  itemprop=\"headline\"  >MENTION LEGALES<\/h3><div class=\"special-heading-border\"><div class=\"special-heading-inner-border\"><\/div><\/div><\/div><br \/>\n<section  class='av_textblock_section av-lu70mhl9-7fbe3f6f96738569fb64351a03ec30fd '   itemscope=\"itemscope\" itemtype=\"https:\/\/schema.org\/CreativeWork\" ><div class='avia_textblock'  itemprop=\"text\" ><p>Conform\u00e9ment aux dispositions de la loi n\u00b0 2004-575 du 21 juin 2004 pour la confiance en l&rsquo;\u00e9conomie num\u00e9rique, il est pr\u00e9cis\u00e9 aux Utilisateurs du Site,\u00a0l&rsquo;identit\u00e9 des diff\u00e9rents intervenants dans le cadre de sa r\u00e9alisation et de son suivi.<\/p>\n<p>\u00c9DITEUR<\/p>\n<p><strong>WALLIX<\/strong><\/p>\n<p>Soci\u00e9t\u00e9 \u00e0 Responsabilit\u00e9 Limit\u00e9e au capital social de 50.000 EUROS,<br \/>\nImmatricul\u00e9e au RCS de Paris sous le num\u00e9ro B 450 401\u00a0153, dont le si\u00e8ge social est situ\u00e9 au 250 bis, rue du Faubourg Saint-Honor\u00e9, 75 008 \u2013 PARIS, Num\u00e9ro de TVA intracommunautaire : FR 67 450 401 153.<\/p>\n<p>T\u00e9l. : + 33 (0)1 53 42 12 81<\/p>\n<p>Fax : + 33 (0)1 43 87 68 38<\/p>\n<p>Mail\u00a0: info@wallix.com<\/p>\n<p><strong>Directeur de la publication <\/strong>: Jean-No\u00ebl de GALZAIN, CEO WALLIX Group.<\/p>\n<p><strong>Responsable \u00e9ditorial<\/strong> et <strong>Responsable de la r\u00e9daction<\/strong> : Edwige BROSSARD, Directrice marketing.<\/p>\n<p>H\u00c9BERGEURS<\/p>\n<p><strong>wallix.com et pam.wallix.one<br \/>\n<\/strong><\/p>\n<p>Ce site est h\u00e9berg\u00e9 sur l\u2019offre Cloud de Microsoft (Azure). Il est g\u00e9ographiquement localis\u00e9 dans le centre d\u2019h\u00e9bergement de Microsoft, situ\u00e9 au sein de l\u2019Union Europ\u00e9enne.<\/p>\n<p>Microsoft France, Soci\u00e9t\u00e9 Anonyme par Actions Simplifi\u00e9e, au capital de 4 240 000,00 euros dont le si\u00e8ge social est situ\u00e9 au 37 QUAI DU PRESIDENT ROOSEVELT 92130 ISSY-LES-MOULINEAUX, et immatricul\u00e9e au Registre du Commerce et des Soci\u00e9t\u00e9s de Nanterre sous le num\u00e9ro 327 733\u00a0184.<\/p>\n<p>Site internet : <a href=\"https:\/\/azure.microsoft.com\/fr-fr\/\">https:\/\/azure.microsoft.com\/fr-fr\/<\/a><\/p>\n<p>Pour plus d\u2019informations, se r\u00e9f\u00e9rer \u00e0 : <a href=\"https:\/\/azure.microsoft.com\/\">https:\/\/www.windowsazure.com\/fr-fr\/support\/trust-center\/privacy\/<\/a><\/p>\n<p><strong>investors.wallix.com<\/strong><\/p>\n<p>Ce site est h\u00e9berg\u00e9 chez Scaleway et localis\u00e9 en France.<\/p>\n<p>Scaleway, Soci\u00e9t\u00e9 par Actions Simplifi\u00e9e au capital de 214 410,50 Euros dont le si\u00e8ge social est situ\u00e9 au 8 rue de la Ville l\u2019Ev\u00eaque, 75008 Paris, et immatricul\u00e9e au Registre du Commerce et des Soci\u00e9t\u00e9s de Paris sous le num\u00e9ro 433 115 904.<\/p>\n<p>Site internet : <a href=\"https:\/\/www.scaleway.com\/fr\">https:\/\/www.scaleway.com\/fr<\/a> \/ Contact :\u00a0+33 (0)1 84 13 00 00<\/p>\n<p><strong>Autres h\u00e9bergeurs applicables \u00e0 tous les Sites\u00a0:<\/strong><\/p>\n<p>Nos sites web contiennent des outils de collecte de donn\u00e9es (formulaires, chatbot\u2026) qui utilisent les services d\u2019Hubspot et dont les donn\u00e9es sont h\u00e9berg\u00e9es dans l\u2019Union Europ\u00e9enne.<\/p>\n<p>HubSpot France, Soci\u00e9t\u00e9 par Actions Simplifi\u00e9e \u00e0 associ\u00e9 unique au capital de 475\u00a0000, 00 Euros dont le si\u00e8ge social est situ\u00e9 au 24 rue Cambaceres 75008 Paris, et immatricul\u00e9e au Registre du Commerce et des Soci\u00e9t\u00e9s de Paris sous le num\u00e9ro 844\u00a0620\u00a0971.<\/p>\n<p>L\u2019h\u00e9bergeur est joignable par t\u00e9l\u00e9phone\u00a0: +1 888 482 7768 (USA)<\/p>\n<p>Pour plus d\u2019informations, se r\u00e9f\u00e9rer \u00e0\u00a0: https:\/\/<a href=\"https:\/\/legal.hubspot.com\/fr\/terms-of-service\">legal.hubspot.com\/fr\/terms-of-service<\/a><\/p>\n<p>Nos sites web utilisent des services externes permettant de communiquer sur les offres d\u2019emplois publi\u00e9es par WALLIX. La collecte de donn\u00e9es est op\u00e9r\u00e9e par la soci\u00e9t\u00e9 SOFTY dont les donn\u00e9es sont h\u00e9berg\u00e9es dans l\u2019Union Europ\u00e9enne.<\/p>\n<p>Softy, Altagile, Soci\u00e9t\u00e9 par Actions Simplifi\u00e9e au capital de 48 240 euros dont le si\u00e8ge social est situ\u00e9 au 14N rue Pierre de Coubertin 21000 Dijon, et immatricul\u00e9e au Registre du Commerce et des Soci\u00e9t\u00e9s de Dijon sous le num\u00e9ro 810 145 847 00010.<\/p>\n<p>Site internet\u00a0: <a href=\"https:\/\/recrutement.softy.pro\/\">https:\/\/recrutement.softy.pro\/<\/a><\/p>\n<p>Pour plus d\u2019information sur le traitement des donn\u00e9es\u00a0: <a href=\"https:\/\/recrutement.softy.pro\/politique-de-confidentialite\/\">https:\/\/recrutement.softy.pro\/politique-de-confidentialite\/<\/a><\/p>\n<p><strong>Conditions d\u2019utilisation du Site<\/strong><\/p>\n<p>L\u2019utilisation des sites <a href=\"https:\/\/www.wallix.com\/fr\/\">wallix.com<\/a>,\u00a0 <a href=\"https:\/\/investors.wallix.com\">investors.wallix.com<\/a> et\u00a0<a href=\"https:\/\/pam.wallix.one\">pam.wallix.one<\/a> (le ou les \u00ab Site(s) \u00bb) implique l\u2019acceptation des pr\u00e9sentes Conditions d\u2019utilisation, ainsi que de la <u>Politique de Confidentialit\u00e9 <\/u>qui en fait partie int\u00e9grante. Les pr\u00e9sentes Conditions et la <u>Politique de Confidentialit\u00e9 <\/u>sont des documents \u00e0 valeur contractuelle qui forment un ensemble contractuel. Ils sont susceptibles d\u2019\u00eatre modifi\u00e9s ou compl\u00e9t\u00e9s \u00e0 tout moment par WALLIX, notamment en vue de se conformer \u00e0 toute \u00e9volution l\u00e9gislative, r\u00e8glementaire, jurisprudentielle ou technologique. Dans un tel cas, la date de leur mise \u00e0 jour sera clairement identifi\u00e9e en t\u00eate des pr\u00e9sentes. Ces modifications engagent l\u2019Utilisateur d\u00e8s leur mise en ligne. Il convient par cons\u00e9quent que l\u2019Utilisateur consulte r\u00e9guli\u00e8rement les pr\u00e9sentes Conditions afin de prendre connaissance de ses \u00e9ventuelles modifications.<\/p>\n<p><strong>INFORMATION DE L\u2019UTILISATEUR<\/strong><\/p>\n<p>Tout Utilisateur du Site, quelle que soit sa qualit\u00e9 (professionnel ou particulier), sa localisation, son terminal de connexion au Site et l\u2019objet de sa visite, est inform\u00e9 des risques inh\u00e9rents \u00e0 l\u2019Internet notamment de continuit\u00e9 non garantie dans l\u2019acc\u00e8s au Site.<\/p>\n<p>Si le Site est en principe accessible \u00e0 tout moment aux Utilisateurs, une interruption pour motif de maintenance technique peut \u00eatre d\u00e9cid\u00e9e par WALLIX, qui s\u2019efforcera de communiquer pr\u00e9alablement aux Utilisateurs les dates et heures de l\u2019intervention.<\/p>\n<p>Le Site a pour objet de fournir aux Utilisateurs une information concernant l\u2019ensemble des activit\u00e9s de WALLIX. Les informations contenues sur ces Sites sont aussi pr\u00e9cises que possibles et p\u00e9riodiquement mises \u00e0 jour. Cependant, les informations sont donn\u00e9es \u00e0 titre indicatives, ne sont pas exhaustives et peuvent contenir des inexactitudes, des omissions ou des lacunes. Si vous constatez une lacune, erreur ou ce qui parait \u00eatre un dysfonctionnement, merci de bien vouloir le signaler par le biais de notre<u> formulaire de contact<\/u> en d\u00e9crivant le probl\u00e8me de la mani\u00e8re la plus pr\u00e9cise possible (page posant probl\u00e8me, action d\u00e9clenchante, type d\u2019ordinateur et de navigateur utilis\u00e9, \u2026).<\/p>\n<p>WALLIX ne pourra \u00eatre en aucun cas tenue responsable de l\u2019utilisation faite des informations contenues sur le Site, de toute inexactitudes, omissions ou lacunes concernant ces informations, et de tout pr\u00e9judice direct ou indirect pouvant en d\u00e9couler.<\/p>\n<p><strong>PROPRI\u00c9T\u00c9 INTELLECTUELLE<\/strong><\/p>\n<p>L\u2019ensemble du Site rel\u00e8ve de la l\u00e9gislation fran\u00e7aise sur les droits d\u2019auteur et la propri\u00e9t\u00e9 intellectuelle. Tous les droits de reproduction sont r\u00e9serv\u00e9s. La reproduction de tout ou partie de ce Site sur quelque support que ce soit est formellement interdite sauf autorisation expresse et pr\u00e9alable de WALLIX.<\/p>\n<p>Toute reproduction, repr\u00e9sentation, modification, publication, transmission et\/ou d\u00e9naturation, totale ou partielle du site et de ses composants, par quelque proc\u00e9d\u00e9 que ce soit, sans autorisation expresse de WALLIX, est interdite, engagerait la responsabilit\u00e9 de son auteur et constituerait une contrefa\u00e7on notamment sanctionn\u00e9e par l\u2019article L.335-2 du Code de la propri\u00e9t\u00e9 intellectuelle. Les marques de WALLIX et de ses partenaires, ainsi que les logos figurant sur le Site sont des marques d\u00e9pos\u00e9es. Toute reproduction totale ou partielle de ces marques ainsi que toute repr\u00e9sentation totale ou partielle de ces marques et\/ou logos, effectu\u00e9es \u00e0 partir des \u00e9l\u00e9ments du Site sans l\u2019autorisation expresse de WALLIX et\/ ou de ses partenaires sont prohib\u00e9es, en application de l\u2019article L 713-2 du Code de la propri\u00e9t\u00e9 intellectuelle.<\/p>\n<p><strong>LIENS HYPERTEXTES<\/strong><\/p>\n<ul>\n<li><em>Liens hypertextes pos\u00e9s par l\u2019Utilisateur renvoyant vers le Site<\/em><\/li>\n<\/ul>\n<p>Les Utilisateurs et les visiteurs du Site ne peuvent mettre en place un hyperlien en direction d\u2019un de ce Site sans l\u2019autorisation expresse et pr\u00e9alable de WALLIX. La demande d\u2019autorisation peut se faire par le biais de notre <u>formulaire de contact<\/u>. WALLIX se r\u00e9serve le droit d\u2019accepter ou de refuser la mise en place d\u2019un hyperlien en direction du Site sans avoir \u00e0 en justifier sa d\u00e9cision.<\/p>\n<p>La mise en place d\u2019un hyperlien en direction d\u2019un Site doit se faire uniquement en direction de la page d\u2019accueil, \u00e0 condition que ce lien s\u2019ouvre dans une nouvelle fen\u00eatre. En particulier, un lien vers une sous page (\u00ab lien profond \u00bb) est interdit, ainsi que l\u2019ouverture du Site au sein d\u2019un cadre (\u00ab framing \u00bb), sauf autorisation expresse et pr\u00e9alable de WALLIX.<\/p>\n<ul>\n<li><em>Liens hypertextes pos\u00e9s sur les Sites renvoyant vers des sites internet tiers<\/em><\/li>\n<\/ul>\n<p>Le Site peut contenir des liens vers d\u2019autres sites internet ou d\u2019autres ressources disponibles sur Internet, mis en place avec l\u2019autorisation de WALLIX.<\/p>\n<p>WALLIX ne dispose d\u2019aucun moyen pour contr\u00f4ler les sites en connexion avec l\u2019un de ses Sites internet et ne r\u00e9pond pas de la disponibilit\u00e9 de tels sites et sources externes, ni ne la garantit. WALLIX ne peut \u00eatre tenu pour responsable de tout dommage, de quelque nature que ce soit, r\u00e9sultant du contenu de ces sites ou sources externes, et notamment des informations, produits ou services qu\u2019ils proposent, ou de tout usage qui peut \u00eatre fait de ces \u00e9l\u00e9ments. Les risques li\u00e9s \u00e0 cette utilisation incombent pleinement \u00e0 l\u2019Utilisateur, qui doit par ailleurs se conformer aux conditions d\u2019utilisation de ces sites internet tiers.<\/p>\n<p>En outre, le renvoi sur un site internet pour compl\u00e9ter une information recherch\u00e9e ne signifie en aucune fa\u00e7on que WALLIX reconna\u00eet ou accepte quelque responsabilit\u00e9 quant \u00e0 la teneur ou \u00e0 l\u2019utilisation dudit site.<\/p>\n<p><strong>COOKIES<\/strong><\/p>\n<p>WALLIX est autoris\u00e9 \u00e0 collecter des cookies sous r\u00e9serve du consentement de l\u2019Utilisateur formalis\u00e9 par l\u2019acceptation des cookies et la navigation sur le Site.<\/p>\n<p>Un cookie est un fichier texte d\u00e9pos\u00e9 sur le disque dur de l\u2019Utilisateur par le serveur du Site visit\u00e9 par l\u2019Utilisateur. Il contient g\u00e9n\u00e9ralement le nom du serveur qui l\u2019a d\u00e9pos\u00e9, un identifiant sous forme de num\u00e9ro unique et une date d\u2019expiration. Il a pour but de collecter des informations relatives \u00e0 votre navigation afin de proposer \u00e0 l\u2019Utilisateur des services adapt\u00e9s \u00e0 son terminal (ordinateur, mobile, ou tablette).<\/p>\n<p>Les d\u00e9tails relatifs \u00e0 l\u2019utilisation des cookies est disponible dans la <a href=\"https:\/\/www.wallix.com\/fr\/politique-de-confidentialite\/\">Politique de Confidentialit\u00e9 <\/a><\/p>\n<p><strong>LIMITATION DE RESPONSABILIT\u00c9<\/strong><\/p>\n<p>WALLIX ne pourra \u00eatre tenu responsable des dommages directs et indirects caus\u00e9s au mat\u00e9riel de l\u2019Utilisateur, lors de l\u2019acc\u00e8s au Site et l\u2019Utilisateur s\u2019engage en outre \u00e0 acc\u00e9der au SIte en utilisant un mat\u00e9riel r\u00e9cent, ne contenant pas de virus et avec un navigateur de derni\u00e8re g\u00e9n\u00e9ration mis-\u00e0-jour.<\/p>\n<p>WALLIX ne pourra \u00e9galement \u00eatre tenu responsable des dommages indirects (tels par exemple qu\u2019une perte de march\u00e9 ou perte d\u2019une chance) cons\u00e9cutifs \u00e0 l\u2019utilisation du Site.<\/p>\n<p>Les liens qui peuvent \u00eatre propos\u00e9s vers d\u2019autres sites Internet sont communiqu\u00e9s \u00e0 titre indicatif et ne sauraient engager la responsabilit\u00e9 de WALLIX, tant en ce qui concerne les contenus que les conditions d\u2019acc\u00e8s et d\u2019utilisation.<\/p>\n<p><strong>DONN\u00c9ES PERSONNELLES<\/strong><\/p>\n<p>Le traitement des donn\u00e9es \u00e0 caract\u00e8re personnel de tout Utilisateur est r\u00e9gi par la <u>Politique de Confidentialit\u00e9, <\/u>conform\u00e9ment au R\u00e8glement G\u00e9n\u00e9ral sur la Protection des Donn\u00e9es 2016\/679 du 27 avril 2016 (\u00ab\u00a0RGPD\u00a0\u00bb).<\/p>\n<p>Pour toute question concernant les donn\u00e9es \u00e0 caract\u00e8re personnel ou demande de suppression de compte, merci de contacter WALLIX \u00e0 l\u2019adresse suivante : WALLIX 250 bis rue du Faubourg Saint-Honor\u00e9 75008 Paris (en indiquant \u00ab\u00a0Vie Priv\u00e9e &#8211; Protection des Donn\u00e9es\u00a0\u00bb), ou par email \u00e0 privacy@wallix.fr.<\/p>\n<p><strong>LOI APPLICABLE ET COMP\u00c9TENCE JURIDICTIONNELLE<\/strong><\/p>\n<p>Les pr\u00e9sentes CGU sont r\u00e9gies par les lois fran\u00e7aises et toute contestation ou litiges qui pourraient na\u00eetre de l\u2019interpr\u00e9tation, de la validit\u00e9 ou de l\u2019ex\u00e9cution de celles-ci seront de la comp\u00e9tence exclusive des tribunaux de Paris.<\/p>\n<p><strong>Pour toute information compl\u00e9mentaire, consultez notre <\/strong><u>Politique de Confidentialit\u00e9.<\/u><\/p>\n<\/div><\/section><\/p><\/div><div  class='flex_column av-av_one_third-feecfcc73494c68bb0d1632d1d5c38ae av_one_third  avia-builder-el-3  el_after_av_two_third  avia-builder-el-last  flex_column_div  '     ><p>\n<style type=\"text\/css\" data-created_by=\"avia_inline_auto\" id=\"style-css-av-lu70of25-2c50514257a0bd6f85a825f287660564\">\n#top .av-special-heading.av-lu70of25-2c50514257a0bd6f85a825f287660564{\npadding-bottom:10px;\n}\nbody .av-special-heading.av-lu70of25-2c50514257a0bd6f85a825f287660564 .av-special-heading-tag .heading-char{\nfont-size:25px;\n}\n.av-special-heading.av-lu70of25-2c50514257a0bd6f85a825f287660564 .av-subheading{\nfont-size:15px;\n}\n<\/style>\n<div  class='av-special-heading av-lu70of25-2c50514257a0bd6f85a825f287660564 av-special-heading-h3 blockquote modern-quote  avia-builder-el-4  el_before_av_hr  avia-builder-el-first '><h3 class='av-special-heading-tag '  itemprop=\"headline\"  >CONTACTER LE DPO<br \/>\n(Data Protection Officer)<\/h3><div class=\"special-heading-border\"><div class=\"special-heading-inner-border\"><\/div><\/div><\/div><br \/>\n\n<style type=\"text\/css\" data-created_by=\"avia_inline_auto\" id=\"style-css-av-av_hr-82f5be0ae0af6a64fe3091010b237709\">\n#top .hr.hr-invisible.av-av_hr-82f5be0ae0af6a64fe3091010b237709{\nheight:20px;\n}\n<\/style>\n<div  class='hr av-av_hr-82f5be0ae0af6a64fe3091010b237709 hr-invisible  avia-builder-el-5  el_after_av_heading  el_before_av_codeblock '><span class='hr-inner '><span class=\"hr-inner-style\"><\/span><\/span><\/div><br \/>\n<br \/>\n\n<style type=\"text\/css\" data-created_by=\"avia_inline_auto\" id=\"style-css-av-av_hr-82f5be0ae0af6a64fe3091010b237709\">\n#top .hr.hr-invisible.av-av_hr-82f5be0ae0af6a64fe3091010b237709{\nheight:20px;\n}\n<\/style>\n<div  class='hr av-av_hr-82f5be0ae0af6a64fe3091010b237709 hr-invisible  avia-builder-el-7  el_after_av_codeblock  el_before_av_button '><span class='hr-inner '><span class=\"hr-inner-style\"><\/span><\/span><\/div><br \/>\n<div  class='avia-button-wrap av-lu70nvtk-cbbbbd1e879da380b23f412c35cb09fb-wrap avia-button-left  avia-builder-el-8  el_after_av_hr  avia-builder-el-last '><a href='https:\/\/www.wallix.com\/fr\/politique-de-confidentialite\/'  class='avia-button av-lu70nvtk-cbbbbd1e879da380b23f412c35cb09fb av-link-btn avia-icon_select-no avia-size-large avia-position-left avia-color-theme-color'   aria-label=\"Lire la Politique de confidentialit\u00e9\"><span class='avia_iconbox_title' >Lire la Politique de confidentialit\u00e9<\/span><\/a><\/div><\/p><\/div><\/p>\n","protected":false},"excerpt":{"rendered":"","protected":false},"author":1,"featured_media":0,"parent":0,"menu_order":0,"comment_status":"closed","ping_status":"closed","template":"","meta":{"_acf_changed":false,"content-type":"","inline_featured_image":false,"footnotes":""},"class_list":["post-41539","page","type-page","status-publish","hentry"],"acf":[],"yoast_head":"<!-- This site is optimized with the Yoast SEO plugin v27.3 - https:\/\/yoast.com\/product\/yoast-seo-wordpress\/ -->\n<title>Mentions l\u00e9gales - WALLIX<\/title>\n<meta name=\"description\" content=\"Mentions l\u00e9gales - WALLIX\" \/>\n<meta name=\"robots\" content=\"index, follow, max-snippet:-1, max-image-preview:large, max-video-preview:-1\" \/>\n<link rel=\"canonical\" href=\"https:\/\/www.wallix.com\/fr\/mentions-legales\/\" \/>\n<meta property=\"og:locale\" content=\"fr_FR\" \/>\n<meta property=\"og:type\" content=\"article\" \/>\n<meta property=\"og:title\" content=\"Mentions l\u00e9gales - WALLIX\" \/>\n<meta property=\"og:description\" content=\"Mentions l\u00e9gales - WALLIX\" \/>\n<meta property=\"og:url\" content=\"https:\/\/www.wallix.com\/fr\/mentions-legales\/\" \/>\n<meta property=\"og:site_name\" content=\"WALLIX\" \/>\n<meta property=\"article:modified_time\" content=\"2025-08-27T09:38:48+00:00\" \/>\n<meta name=\"twitter:card\" content=\"summary_large_image\" \/>\n<meta name=\"twitter:site\" content=\"@wallixcom\" \/>\n<meta name=\"twitter:label1\" content=\"Dur\u00e9e de lecture estim\u00e9e\" \/>\n\t<meta name=\"twitter:data1\" content=\"8 minutes\" \/>\n<script type=\"application\/ld+json\" class=\"yoast-schema-graph\">{\"@context\":\"https:\\\/\\\/schema.org\",\"@graph\":[{\"@type\":\"WebPage\",\"@id\":\"https:\\\/\\\/www.wallix.com\\\/fr\\\/mentions-legales\\\/\",\"url\":\"https:\\\/\\\/www.wallix.com\\\/fr\\\/mentions-legales\\\/\",\"name\":\"Mentions l\u00e9gales - WALLIX\",\"isPartOf\":{\"@id\":\"https:\\\/\\\/www.wallix.com\\\/fr\\\/#website\"},\"datePublished\":\"2024-01-23T13:23:36+00:00\",\"dateModified\":\"2025-08-27T09:38:48+00:00\",\"description\":\"Mentions l\u00e9gales - WALLIX\",\"inLanguage\":\"fr-FR\",\"potentialAction\":[{\"@type\":\"ReadAction\",\"target\":[\"https:\\\/\\\/www.wallix.com\\\/fr\\\/mentions-legales\\\/\"]}]},{\"@type\":\"WebSite\",\"@id\":\"https:\\\/\\\/www.wallix.com\\\/fr\\\/#website\",\"url\":\"https:\\\/\\\/www.wallix.com\\\/fr\\\/\",\"name\":\"WALLIX\",\"description\":\"CYBERSECURITY SIMPLIFIED\",\"publisher\":{\"@id\":\"https:\\\/\\\/www.wallix.com\\\/fr\\\/#organization\"},\"potentialAction\":[{\"@type\":\"SearchAction\",\"target\":{\"@type\":\"EntryPoint\",\"urlTemplate\":\"https:\\\/\\\/www.wallix.com\\\/fr\\\/?s={search_term_string}\"},\"query-input\":{\"@type\":\"PropertyValueSpecification\",\"valueRequired\":true,\"valueName\":\"search_term_string\"}}],\"inLanguage\":\"fr-FR\"},{\"@type\":\"Organization\",\"@id\":\"https:\\\/\\\/www.wallix.com\\\/fr\\\/#organization\",\"name\":\"WALLIX\",\"url\":\"https:\\\/\\\/www.wallix.com\\\/fr\\\/\",\"logo\":{\"@type\":\"ImageObject\",\"inLanguage\":\"fr-FR\",\"@id\":\"https:\\\/\\\/www.wallix.com\\\/fr\\\/#\\\/schema\\\/logo\\\/image\\\/\",\"url\":\"https:\\\/\\\/www.wallix.com\\\/wp-content\\\/uploads\\\/2024\\\/03\\\/LOGO_WALLIX_2024_blackorange.png\",\"contentUrl\":\"https:\\\/\\\/www.wallix.com\\\/wp-content\\\/uploads\\\/2024\\\/03\\\/LOGO_WALLIX_2024_blackorange.png\",\"width\":3108,\"height\":827,\"caption\":\"WALLIX\"},\"image\":{\"@id\":\"https:\\\/\\\/www.wallix.com\\\/fr\\\/#\\\/schema\\\/logo\\\/image\\\/\"},\"sameAs\":[\"https:\\\/\\\/x.com\\\/wallixcom\",\"https:\\\/\\\/www.linkedin.com\\\/company\\\/wallix\\\/\",\"https:\\\/\\\/www.youtube.com\\\/wallix\"]}]}<\/script>\n<!-- \/ Yoast SEO plugin. -->","yoast_head_json":{"title":"Mentions l\u00e9gales - WALLIX","description":"Mentions l\u00e9gales - WALLIX","robots":{"index":"index","follow":"follow","max-snippet":"max-snippet:-1","max-image-preview":"max-image-preview:large","max-video-preview":"max-video-preview:-1"},"canonical":"https:\/\/www.wallix.com\/fr\/mentions-legales\/","og_locale":"fr_FR","og_type":"article","og_title":"Mentions l\u00e9gales - WALLIX","og_description":"Mentions l\u00e9gales - WALLIX","og_url":"https:\/\/www.wallix.com\/fr\/mentions-legales\/","og_site_name":"WALLIX","article_modified_time":"2025-08-27T09:38:48+00:00","twitter_card":"summary_large_image","twitter_site":"@wallixcom","twitter_misc":{"Dur\u00e9e de lecture estim\u00e9e":"8 minutes"},"schema":{"@context":"https:\/\/schema.org","@graph":[{"@type":"WebPage","@id":"https:\/\/www.wallix.com\/fr\/mentions-legales\/","url":"https:\/\/www.wallix.com\/fr\/mentions-legales\/","name":"Mentions l\u00e9gales - WALLIX","isPartOf":{"@id":"https:\/\/www.wallix.com\/fr\/#website"},"datePublished":"2024-01-23T13:23:36+00:00","dateModified":"2025-08-27T09:38:48+00:00","description":"Mentions l\u00e9gales - WALLIX","inLanguage":"fr-FR","potentialAction":[{"@type":"ReadAction","target":["https:\/\/www.wallix.com\/fr\/mentions-legales\/"]}]},{"@type":"WebSite","@id":"https:\/\/www.wallix.com\/fr\/#website","url":"https:\/\/www.wallix.com\/fr\/","name":"WALLIX","description":"CYBERSECURITY SIMPLIFIED","publisher":{"@id":"https:\/\/www.wallix.com\/fr\/#organization"},"potentialAction":[{"@type":"SearchAction","target":{"@type":"EntryPoint","urlTemplate":"https:\/\/www.wallix.com\/fr\/?s={search_term_string}"},"query-input":{"@type":"PropertyValueSpecification","valueRequired":true,"valueName":"search_term_string"}}],"inLanguage":"fr-FR"},{"@type":"Organization","@id":"https:\/\/www.wallix.com\/fr\/#organization","name":"WALLIX","url":"https:\/\/www.wallix.com\/fr\/","logo":{"@type":"ImageObject","inLanguage":"fr-FR","@id":"https:\/\/www.wallix.com\/fr\/#\/schema\/logo\/image\/","url":"https:\/\/www.wallix.com\/wp-content\/uploads\/2024\/03\/LOGO_WALLIX_2024_blackorange.png","contentUrl":"https:\/\/www.wallix.com\/wp-content\/uploads\/2024\/03\/LOGO_WALLIX_2024_blackorange.png","width":3108,"height":827,"caption":"WALLIX"},"image":{"@id":"https:\/\/www.wallix.com\/fr\/#\/schema\/logo\/image\/"},"sameAs":["https:\/\/x.com\/wallixcom","https:\/\/www.linkedin.com\/company\/wallix\/","https:\/\/www.youtube.com\/wallix"]}]}},"_links":{"self":[{"href":"https:\/\/www.wallix.com\/fr\/wp-json\/wp\/v2\/pages\/41539","targetHints":{"allow":["GET"]}}],"collection":[{"href":"https:\/\/www.wallix.com\/fr\/wp-json\/wp\/v2\/pages"}],"about":[{"href":"https:\/\/www.wallix.com\/fr\/wp-json\/wp\/v2\/types\/page"}],"author":[{"embeddable":true,"href":"https:\/\/www.wallix.com\/fr\/wp-json\/wp\/v2\/users\/1"}],"replies":[{"embeddable":true,"href":"https:\/\/www.wallix.com\/fr\/wp-json\/wp\/v2\/comments?post=41539"}],"version-history":[{"count":15,"href":"https:\/\/www.wallix.com\/fr\/wp-json\/wp\/v2\/pages\/41539\/revisions"}],"predecessor-version":[{"id":77197,"href":"https:\/\/www.wallix.com\/fr\/wp-json\/wp\/v2\/pages\/41539\/revisions\/77197"}],"wp:attachment":[{"href":"https:\/\/www.wallix.com\/fr\/wp-json\/wp\/v2\/media?parent=41539"}],"curies":[{"name":"wp","href":"https:\/\/api.w.org\/{rel}","templated":true}]}}