{"id":41501,"date":"2024-01-23T14:12:08","date_gmt":"2024-01-23T13:12:08","guid":{"rendered":"https:\/\/www.wallix.com\/evenements\/"},"modified":"2025-12-29T11:45:29","modified_gmt":"2025-12-29T10:45:29","slug":"evenements","status":"publish","type":"page","link":"https:\/\/www.wallix.com\/fr\/societe\/evenements\/","title":{"rendered":"Ev\u00e9nements"},"content":{"rendered":"<div id='full_slider_1'  class='avia-fullwidth-slider main_color avia-shadow   avia-builder-el-0  el_before_av_section  avia-builder-el-first   container_wrap fullsize'  >\n<style type=\"text\/css\" data-created_by=\"avia_inline_auto\" id=\"style-css-av-lr575gze-7bde75548927a9d30696072a5c856e05\">\n#top #wrap_all .avia-slideshow .av-slideshow-caption.av-lr575gze-7bde75548927a9d30696072a5c856e05__0 .avia-caption-title{\nfont-size:35px;\n}\n#top .avia-slideshow .av-slideshow-caption.av-lr575gze-7bde75548927a9d30696072a5c856e05__0 .avia-caption-content{\nfont-size:18px;\n}\n#top .avia-slideshow .av-slideshow-caption.av-lr575gze-7bde75548927a9d30696072a5c856e05__0 .avia-caption-content p{\nfont-size:18px;\n}\n<\/style>\n<div  class='avia-slideshow av-lr575gze-7bde75548927a9d30696072a5c856e05 avia-slideshow-featured av_slideshow_full avia-slide-slider av-slideshow-ui av-control-default av-slideshow-manual av-loop-once av-loop-manual-endless av-default-height-applied   avia-slideshow-1' data-slideshow-options=\"{&quot;animation&quot;:&quot;slide&quot;,&quot;autoplay&quot;:false,&quot;loop_autoplay&quot;:&quot;once&quot;,&quot;interval&quot;:5,&quot;loop_manual&quot;:&quot;manual-endless&quot;,&quot;autoplay_stopper&quot;:false,&quot;noNavigation&quot;:false,&quot;bg_slider&quot;:false,&quot;keep_padding&quot;:false,&quot;hoverpause&quot;:false,&quot;show_slide_delay&quot;:0}\"  itemprop=\"image\" itemscope=\"itemscope\" itemtype=\"https:\/\/schema.org\/ImageObject\" ><ul class='avia-slideshow-inner ' style='padding-bottom: 28.666666666667%;'><li  class='avia-slideshow-slide av-lr575gze-7bde75548927a9d30696072a5c856e05__0  av-single-slide slide-1 slide-odd'><div data-rel='slideshow-1' class='avia-slide-wrap '   ><div class='av-slideshow-caption av-lr575gze-7bde75548927a9d30696072a5c856e05__0 caption_fullwidth caption_left'><div class=\"container caption_container\"><div class=\"slideshow_caption\"><div class=\"slideshow_inner_caption\"><div class=\"slideshow_align_caption\"><h2 class='avia-caption-title '  itemprop=\"name\" >\u00c9v\u00e9nements \u00e0 venir<\/h2><div class='avia-caption-content '  itemprop=\"description\" ><p>Rendez-nous visite lors d&rsquo;une conf\u00e9rence ou d&rsquo;un salon.<\/p>\n<\/div><\/div><\/div><\/div><\/div><\/div><img decoding=\"async\" loading=\"lazy\" class=\"wp-image-40001 avia-img-lazy-loading-40001\"  src=\"https:\/\/www.wallix.com\/wp-content\/uploads\/2024\/01\/events-1500x430.jpeg\" width=\"1500\" height=\"430\" title='\u5c55\u793a\u4f1a\u5834\u306e\u30a4\u30e1\u30fc\u30b8' alt='Image showcasing WALLIX events, featuring professionals engaging in networking and discussions. The visual emphasizes knowledge sharing, industry collaboration, and participation in cybersecurity-focused gatherings.'  itemprop=\"thumbnailUrl\"   \/><div class='av-section-color-overlay' style='opacity: 0.8; background-image: url(https:\/\/www.wallix.com\/wp-content\/uploads\/2023\/09\/overlay_3_slider-1500x571.png); background-repeat: repeat;'><\/div><\/div><\/li><\/ul><\/div><\/div>\n\n<style type=\"text\/css\" data-created_by=\"avia_inline_auto\" id=\"style-css-av-33gylkx-754344f48b608522c8cf03ee6761a9a6\">\n.avia-section.av-33gylkx-754344f48b608522c8cf03ee6761a9a6{\nbackground-color:#e8e8e8;\nbackground-image:unset;\nz-index:30;\nposition:relative;\n}\n.av-curtain-footer.av-curtain-activated #main .avia-section.av-33gylkx-754344f48b608522c8cf03ee6761a9a6{\nz-index:30;\n}\n<\/style>\n<div id='av_section_1'  class='avia-section av-33gylkx-754344f48b608522c8cf03ee6761a9a6 main_color avia-section-default avia-no-border-styling  avia-builder-el-1  el_after_av_slideshow_full  avia-builder-el-last  avia-bg-style-scroll av-custom-positioned container_wrap fullsize'  ><div class='container av-section-cont-open' ><div class='template-page content  av-content-full alpha units'><div class='post-entry post-entry-type-page post-entry-41501'><div class='entry-content-wrapper clearfix'>\n\n<style type=\"text\/css\" data-created_by=\"avia_inline_auto\" id=\"style-css-av-2exlrc1-c4c30a9e5f6a6fa34733e9374dd78a67\">\n.flex_column.av-2exlrc1-c4c30a9e5f6a6fa34733e9374dd78a67{\nz-index:999;\n}\n<\/style>\n<div  class='flex_column av-2exlrc1-c4c30a9e5f6a6fa34733e9374dd78a67 av_one_full  avia-builder-el-2  avia-builder-el-no-sibling  first flex_column_div av-custom-positioned  '     ><p><br \/>\n<\/p><\/div>\n","protected":false},"excerpt":{"rendered":"","protected":false},"author":3,"featured_media":0,"parent":41835,"menu_order":0,"comment_status":"closed","ping_status":"closed","template":"","meta":{"_acf_changed":false,"content-type":"","inline_featured_image":false,"footnotes":""},"class_list":["post-41501","page","type-page","status-publish","hentry"],"acf":[],"yoast_head":"<!-- This site is optimized with the Yoast SEO plugin v27.3 - https:\/\/yoast.com\/product\/yoast-seo-wordpress\/ -->\n<title>Ev\u00e9nements - WALLIX<\/title>\n<meta name=\"description\" content=\"Consultez les \u00e9v\u00e9nements WALLIX pour les prochains webinars, conf\u00e9rences et rencontres autour de la cybers\u00e9curit\u00e9.\" \/>\n<meta name=\"robots\" content=\"index, follow, max-snippet:-1, max-image-preview:large, max-video-preview:-1\" \/>\n<link rel=\"canonical\" href=\"https:\/\/www.wallix.com\/fr\/societe\/evenements\/\" \/>\n<meta property=\"og:locale\" content=\"fr_FR\" \/>\n<meta property=\"og:type\" content=\"article\" \/>\n<meta property=\"og:title\" content=\"Ev\u00e9nements - WALLIX\" \/>\n<meta property=\"og:description\" content=\"Consultez les \u00e9v\u00e9nements WALLIX pour les prochains webinars, conf\u00e9rences et rencontres autour de la cybers\u00e9curit\u00e9.\" \/>\n<meta property=\"og:url\" content=\"https:\/\/www.wallix.com\/fr\/societe\/evenements\/\" \/>\n<meta property=\"og:site_name\" content=\"WALLIX\" \/>\n<meta property=\"article:modified_time\" content=\"2025-12-29T10:45:29+00:00\" \/>\n<meta name=\"twitter:card\" content=\"summary_large_image\" \/>\n<meta name=\"twitter:site\" content=\"@wallixcom\" \/>\n<meta name=\"twitter:label1\" content=\"Dur\u00e9e de lecture estim\u00e9e\" \/>\n\t<meta name=\"twitter:data1\" content=\"1 minute\" \/>\n<script type=\"application\/ld+json\" class=\"yoast-schema-graph\">{\"@context\":\"https:\\\/\\\/schema.org\",\"@graph\":[{\"@type\":\"WebPage\",\"@id\":\"https:\\\/\\\/www.wallix.com\\\/fr\\\/societe\\\/evenements\\\/\",\"url\":\"https:\\\/\\\/www.wallix.com\\\/fr\\\/societe\\\/evenements\\\/\",\"name\":\"Ev\u00e9nements - WALLIX\",\"isPartOf\":{\"@id\":\"https:\\\/\\\/www.wallix.com\\\/fr\\\/#website\"},\"datePublished\":\"2024-01-23T13:12:08+00:00\",\"dateModified\":\"2025-12-29T10:45:29+00:00\",\"description\":\"Consultez les \u00e9v\u00e9nements WALLIX pour les prochains webinars, conf\u00e9rences et rencontres autour de la cybers\u00e9curit\u00e9.\",\"breadcrumb\":{\"@id\":\"https:\\\/\\\/www.wallix.com\\\/fr\\\/societe\\\/evenements\\\/#breadcrumb\"},\"inLanguage\":\"fr-FR\",\"potentialAction\":[{\"@type\":\"ReadAction\",\"target\":[\"https:\\\/\\\/www.wallix.com\\\/fr\\\/societe\\\/evenements\\\/\"]}]},{\"@type\":\"BreadcrumbList\",\"@id\":\"https:\\\/\\\/www.wallix.com\\\/fr\\\/societe\\\/evenements\\\/#breadcrumb\",\"itemListElement\":[{\"@type\":\"ListItem\",\"position\":1,\"name\":\"SOCI\u00c9T\u00c9\",\"item\":\"https:\\\/\\\/www.wallix.com\\\/fr\\\/societe\\\/\"},{\"@type\":\"ListItem\",\"position\":2,\"name\":\"Ev\u00e9nements\"}]},{\"@type\":\"WebSite\",\"@id\":\"https:\\\/\\\/www.wallix.com\\\/fr\\\/#website\",\"url\":\"https:\\\/\\\/www.wallix.com\\\/fr\\\/\",\"name\":\"WALLIX\",\"description\":\"CYBERSECURITY SIMPLIFIED\",\"publisher\":{\"@id\":\"https:\\\/\\\/www.wallix.com\\\/fr\\\/#organization\"},\"potentialAction\":[{\"@type\":\"SearchAction\",\"target\":{\"@type\":\"EntryPoint\",\"urlTemplate\":\"https:\\\/\\\/www.wallix.com\\\/fr\\\/?s={search_term_string}\"},\"query-input\":{\"@type\":\"PropertyValueSpecification\",\"valueRequired\":true,\"valueName\":\"search_term_string\"}}],\"inLanguage\":\"fr-FR\"},{\"@type\":\"Organization\",\"@id\":\"https:\\\/\\\/www.wallix.com\\\/fr\\\/#organization\",\"name\":\"WALLIX\",\"url\":\"https:\\\/\\\/www.wallix.com\\\/fr\\\/\",\"logo\":{\"@type\":\"ImageObject\",\"inLanguage\":\"fr-FR\",\"@id\":\"https:\\\/\\\/www.wallix.com\\\/fr\\\/#\\\/schema\\\/logo\\\/image\\\/\",\"url\":\"https:\\\/\\\/www.wallix.com\\\/wp-content\\\/uploads\\\/2024\\\/03\\\/LOGO_WALLIX_2024_blackorange.png\",\"contentUrl\":\"https:\\\/\\\/www.wallix.com\\\/wp-content\\\/uploads\\\/2024\\\/03\\\/LOGO_WALLIX_2024_blackorange.png\",\"width\":3108,\"height\":827,\"caption\":\"WALLIX\"},\"image\":{\"@id\":\"https:\\\/\\\/www.wallix.com\\\/fr\\\/#\\\/schema\\\/logo\\\/image\\\/\"},\"sameAs\":[\"https:\\\/\\\/x.com\\\/wallixcom\",\"https:\\\/\\\/www.linkedin.com\\\/company\\\/wallix\\\/\",\"https:\\\/\\\/www.youtube.com\\\/wallix\"]}]}<\/script>\n<!-- \/ Yoast SEO plugin. -->","yoast_head_json":{"title":"Ev\u00e9nements - WALLIX","description":"Consultez les \u00e9v\u00e9nements WALLIX pour les prochains webinars, conf\u00e9rences et rencontres autour de la cybers\u00e9curit\u00e9.","robots":{"index":"index","follow":"follow","max-snippet":"max-snippet:-1","max-image-preview":"max-image-preview:large","max-video-preview":"max-video-preview:-1"},"canonical":"https:\/\/www.wallix.com\/fr\/societe\/evenements\/","og_locale":"fr_FR","og_type":"article","og_title":"Ev\u00e9nements - WALLIX","og_description":"Consultez les \u00e9v\u00e9nements WALLIX pour les prochains webinars, conf\u00e9rences et rencontres autour de la cybers\u00e9curit\u00e9.","og_url":"https:\/\/www.wallix.com\/fr\/societe\/evenements\/","og_site_name":"WALLIX","article_modified_time":"2025-12-29T10:45:29+00:00","twitter_card":"summary_large_image","twitter_site":"@wallixcom","twitter_misc":{"Dur\u00e9e de lecture estim\u00e9e":"1 minute"},"schema":{"@context":"https:\/\/schema.org","@graph":[{"@type":"WebPage","@id":"https:\/\/www.wallix.com\/fr\/societe\/evenements\/","url":"https:\/\/www.wallix.com\/fr\/societe\/evenements\/","name":"Ev\u00e9nements - WALLIX","isPartOf":{"@id":"https:\/\/www.wallix.com\/fr\/#website"},"datePublished":"2024-01-23T13:12:08+00:00","dateModified":"2025-12-29T10:45:29+00:00","description":"Consultez les \u00e9v\u00e9nements WALLIX pour les prochains webinars, conf\u00e9rences et rencontres autour de la cybers\u00e9curit\u00e9.","breadcrumb":{"@id":"https:\/\/www.wallix.com\/fr\/societe\/evenements\/#breadcrumb"},"inLanguage":"fr-FR","potentialAction":[{"@type":"ReadAction","target":["https:\/\/www.wallix.com\/fr\/societe\/evenements\/"]}]},{"@type":"BreadcrumbList","@id":"https:\/\/www.wallix.com\/fr\/societe\/evenements\/#breadcrumb","itemListElement":[{"@type":"ListItem","position":1,"name":"SOCI\u00c9T\u00c9","item":"https:\/\/www.wallix.com\/fr\/societe\/"},{"@type":"ListItem","position":2,"name":"Ev\u00e9nements"}]},{"@type":"WebSite","@id":"https:\/\/www.wallix.com\/fr\/#website","url":"https:\/\/www.wallix.com\/fr\/","name":"WALLIX","description":"CYBERSECURITY SIMPLIFIED","publisher":{"@id":"https:\/\/www.wallix.com\/fr\/#organization"},"potentialAction":[{"@type":"SearchAction","target":{"@type":"EntryPoint","urlTemplate":"https:\/\/www.wallix.com\/fr\/?s={search_term_string}"},"query-input":{"@type":"PropertyValueSpecification","valueRequired":true,"valueName":"search_term_string"}}],"inLanguage":"fr-FR"},{"@type":"Organization","@id":"https:\/\/www.wallix.com\/fr\/#organization","name":"WALLIX","url":"https:\/\/www.wallix.com\/fr\/","logo":{"@type":"ImageObject","inLanguage":"fr-FR","@id":"https:\/\/www.wallix.com\/fr\/#\/schema\/logo\/image\/","url":"https:\/\/www.wallix.com\/wp-content\/uploads\/2024\/03\/LOGO_WALLIX_2024_blackorange.png","contentUrl":"https:\/\/www.wallix.com\/wp-content\/uploads\/2024\/03\/LOGO_WALLIX_2024_blackorange.png","width":3108,"height":827,"caption":"WALLIX"},"image":{"@id":"https:\/\/www.wallix.com\/fr\/#\/schema\/logo\/image\/"},"sameAs":["https:\/\/x.com\/wallixcom","https:\/\/www.linkedin.com\/company\/wallix\/","https:\/\/www.youtube.com\/wallix"]}]}},"_links":{"self":[{"href":"https:\/\/www.wallix.com\/fr\/wp-json\/wp\/v2\/pages\/41501","targetHints":{"allow":["GET"]}}],"collection":[{"href":"https:\/\/www.wallix.com\/fr\/wp-json\/wp\/v2\/pages"}],"about":[{"href":"https:\/\/www.wallix.com\/fr\/wp-json\/wp\/v2\/types\/page"}],"author":[{"embeddable":true,"href":"https:\/\/www.wallix.com\/fr\/wp-json\/wp\/v2\/users\/3"}],"replies":[{"embeddable":true,"href":"https:\/\/www.wallix.com\/fr\/wp-json\/wp\/v2\/comments?post=41501"}],"version-history":[{"count":5,"href":"https:\/\/www.wallix.com\/fr\/wp-json\/wp\/v2\/pages\/41501\/revisions"}],"predecessor-version":[{"id":82528,"href":"https:\/\/www.wallix.com\/fr\/wp-json\/wp\/v2\/pages\/41501\/revisions\/82528"}],"up":[{"embeddable":true,"href":"https:\/\/www.wallix.com\/fr\/wp-json\/wp\/v2\/pages\/41835"}],"wp:attachment":[{"href":"https:\/\/www.wallix.com\/fr\/wp-json\/wp\/v2\/media?parent=41501"}],"curies":[{"name":"wp","href":"https:\/\/api.w.org\/{rel}","templated":true}]}}