{"id":41465,"date":"2024-01-23T13:58:16","date_gmt":"2024-01-23T12:58:16","guid":{"rendered":"https:\/\/www.wallix.com\/carrieres\/offres-demploi\/"},"modified":"2026-01-06T10:09:47","modified_gmt":"2026-01-06T09:09:47","slug":"offres-demploi","status":"publish","type":"page","link":"https:\/\/www.wallix.com\/fr\/societe\/carrieres\/offres-demploi\/","title":{"rendered":"Offres d&#8217;emploi"},"content":{"rendered":"<div id='full_slider_1'  class='avia-fullwidth-slider main_color avia-shadow   avia-builder-el-0  el_before_av_section  avia-builder-el-first   container_wrap fullsize'  >\n<style type=\"text\/css\" data-created_by=\"avia_inline_auto\" id=\"style-css-av-3m6buym-aa59c57f64df81bd2f122e2331ac6e88\">\n#top #wrap_all .avia-slideshow .av-slideshow-caption.av-3m6buym-aa59c57f64df81bd2f122e2331ac6e88__0 .avia-caption-title{\nfont-size:35px;\n}\n#top .avia-slideshow .av-slideshow-caption.av-3m6buym-aa59c57f64df81bd2f122e2331ac6e88__0 .avia-caption-content{\nfont-size:31px;\n}\n#top .avia-slideshow .av-slideshow-caption.av-3m6buym-aa59c57f64df81bd2f122e2331ac6e88__0 .avia-caption-content p{\nfont-size:31px;\n}\n<\/style>\n<div  class='avia-slideshow av-3m6buym-aa59c57f64df81bd2f122e2331ac6e88 avia-slideshow-featured av_slideshow_full avia-slide-slider av-slideshow-ui av-control-default av-slideshow-manual av-loop-once av-loop-manual-endless av-default-height-applied   avia-slideshow-1' data-slideshow-options=\"{&quot;animation&quot;:&quot;slide&quot;,&quot;autoplay&quot;:false,&quot;loop_autoplay&quot;:&quot;once&quot;,&quot;interval&quot;:5,&quot;loop_manual&quot;:&quot;manual-endless&quot;,&quot;autoplay_stopper&quot;:false,&quot;noNavigation&quot;:false,&quot;bg_slider&quot;:false,&quot;keep_padding&quot;:false,&quot;hoverpause&quot;:false,&quot;show_slide_delay&quot;:0}\"  itemprop=\"image\" itemscope=\"itemscope\" itemtype=\"https:\/\/schema.org\/ImageObject\" ><ul class='avia-slideshow-inner ' style='padding-bottom: 28.666666666667%;'><li  class='avia-slideshow-slide av-3m6buym-aa59c57f64df81bd2f122e2331ac6e88__0  av-single-slide slide-1 slide-odd'><div data-rel='slideshow-1' class='avia-slide-wrap '   ><div class='av-slideshow-caption av-3m6buym-aa59c57f64df81bd2f122e2331ac6e88__0 caption_fullwidth caption_left'><div class=\"container caption_container\"><div class=\"slideshow_caption\"><div class=\"slideshow_inner_caption\"><div class=\"slideshow_align_caption\"><div class='avia-caption-content '  itemprop=\"description\" ><p>Rejoignez l&rsquo;\u00e9quipe WALLIX !<\/p>\n<\/div><a href='#formhr'  class='avia-slideshow-button avia-button avia-color-theme-color ' data-duration='800' data-easing='easeInOutQuad'> Envoyez-nous une candidature spontan\u00e9e<\/a><\/div><\/div><\/div><\/div><\/div><img decoding=\"async\" loading=\"lazy\" class=\"wp-image-33941 avia-img-lazy-loading-33941\"  src=\"https:\/\/www.wallix.com\/wp-content\/uploads\/2023\/11\/wallix_team-1500x430.jpeg\" width=\"1500\" height=\"430\" title='Happy diverse employees team celebrating success business achievement among confetti.' alt='Happy diverse employees team celebrating success business achievement among confetti.'  itemprop=\"thumbnailUrl\"   \/><div class='av-section-color-overlay' style='opacity: 0.8; background-image: url(https:\/\/www.wallix.com\/wp-content\/uploads\/2023\/09\/overlay_3_slider-1500x571.png); background-repeat: repeat;'><\/div><\/div><\/li><\/ul><\/div><\/div>\n\n<style type=\"text\/css\" data-created_by=\"avia_inline_auto\" id=\"style-css-av-2n2nbha-b3a87d7e2ab194087713104262b27482\">\n.avia-section.av-2n2nbha-b3a87d7e2ab194087713104262b27482{\nbackground-color:#ffffff;\nbackground-image:unset;\n}\n.avia-section.av-2n2nbha-b3a87d7e2ab194087713104262b27482 .av-extra-border-element .av-extra-border-inner{\nbackground-color:#ffffff;\n}\n<\/style>\n<div id='av_section_1'  class='avia-section av-2n2nbha-b3a87d7e2ab194087713104262b27482 main_color avia-section-default avia-no-border-styling  avia-builder-el-1  el_after_av_slideshow_full  el_before_av_section  avia-bg-style-scroll av-arrow-down-section container_wrap fullsize'  ><div class='container av-section-cont-open' ><div class='template-page content  av-content-full alpha units'><div class='post-entry post-entry-type-page post-entry-41465'><div class='entry-content-wrapper clearfix'>\n\n<style type=\"text\/css\" data-created_by=\"avia_inline_auto\" id=\"style-css-av-lp8gztmw-954b9641bf7bc22a37e3fb8e1ad2c405\">\n#top .av-special-heading.av-lp8gztmw-954b9641bf7bc22a37e3fb8e1ad2c405{\npadding-bottom:10px;\ncolor:#172441;\nfont-size:37px;\n}\nbody .av-special-heading.av-lp8gztmw-954b9641bf7bc22a37e3fb8e1ad2c405 .av-special-heading-tag .heading-char{\nfont-size:25px;\n}\n#top #wrap_all .av-special-heading.av-lp8gztmw-954b9641bf7bc22a37e3fb8e1ad2c405 .av-special-heading-tag{\nfont-size:37px;\n}\n.av-special-heading.av-lp8gztmw-954b9641bf7bc22a37e3fb8e1ad2c405 .special-heading-inner-border{\nborder-color:#172441;\n}\n.av-special-heading.av-lp8gztmw-954b9641bf7bc22a37e3fb8e1ad2c405 .av-subheading{\nfont-size:26px;\n}\n\n@media only screen and (min-width: 480px) and (max-width: 767px){ \n#top #wrap_all .av-special-heading.av-lp8gztmw-954b9641bf7bc22a37e3fb8e1ad2c405 .av-special-heading-tag{\nfont-size:0.8em;\n}\n}\n\n@media only screen and (max-width: 479px){ \n#top #wrap_all .av-special-heading.av-lp8gztmw-954b9641bf7bc22a37e3fb8e1ad2c405 .av-special-heading-tag{\nfont-size:0.8em;\n}\n}\n<\/style>\n<div  class='av-special-heading av-lp8gztmw-954b9641bf7bc22a37e3fb8e1ad2c405 av-special-heading-h3 custom-color-heading blockquote modern-quote modern-centered  avia-builder-el-2  el_before_av_hr  avia-builder-el-first  av-inherit-size'><h3 class='av-special-heading-tag '  itemprop=\"headline\"  >Commencez votre avenir avec nous !<\/h3><div class=\"special-heading-border\"><div class=\"special-heading-inner-border\"><\/div><\/div><\/div>\n\n<style type=\"text\/css\" data-created_by=\"avia_inline_auto\" id=\"style-css-av-29v8oxq-dd3d7ec008638d87877c51b440a28aaf\">\n#top .hr.hr-invisible.av-29v8oxq-dd3d7ec008638d87877c51b440a28aaf{\nheight:50px;\n}\n<\/style>\n<div  class='hr av-29v8oxq-dd3d7ec008638d87877c51b440a28aaf hr-invisible  avia-builder-el-3  el_after_av_heading  avia-builder-el-last '><span class='hr-inner '><span class=\"hr-inner-style\"><\/span><\/span><\/div>\n\n<\/div><\/div><\/div><!-- close content main div --><\/div><div class='av-extra-border-element border-extra-arrow-down'><div class='av-extra-border-outer'><div class='av-extra-border-inner'><\/div><\/div><\/div><\/div><div id='av_section_2'  class='avia-section av-1ts4cta-4182a8a50a7d4cf154ff3dba831a6495 main_color avia-section-default avia-no-border-styling  avia-builder-el-4  el_after_av_section  el_before_av_section  avia-bg-style-scroll container_wrap fullsize'  ><div class='container av-section-cont-open' ><div class='template-page content  av-content-full alpha units'><div class='post-entry post-entry-type-page post-entry-41465'><div class='entry-content-wrapper clearfix'>\n\n\n<\/div><\/div><\/div><!-- close content main div --><\/div><\/div>\n<style type=\"text\/css\" data-created_by=\"avia_inline_auto\" id=\"style-css-av-1bdl6u6-14d9cb50bdd629bb3985d372288059a3\">\n.avia-section.av-1bdl6u6-14d9cb50bdd629bb3985d372288059a3{\nbackground-color:#e2e2e2;\nbackground-image:unset;\n}\n.avia-section.av-1bdl6u6-14d9cb50bdd629bb3985d372288059a3 .av-extra-border-element .av-extra-border-inner{\nbackground-color:#e2e2e2;\n}\n<\/style>\n<div id='av_section_3'  class='avia-section av-1bdl6u6-14d9cb50bdd629bb3985d372288059a3 main_color avia-section-default avia-no-border-styling  avia-builder-el-6  el_after_av_section  avia-builder-el-last  avia-bg-style-scroll av-arrow-down-section container_wrap fullsize'  ><div class='container av-section-cont-open' ><div class='template-page content  av-content-full alpha units'><div class='post-entry post-entry-type-page post-entry-41465'><div class='entry-content-wrapper clearfix'>\n\n<style type=\"text\/css\" data-created_by=\"avia_inline_auto\" id=\"style-css-av-lp8gvbta-a40d813428ef80125603998a7f4233d8\">\n#top .av-special-heading.av-lp8gvbta-a40d813428ef80125603998a7f4233d8{\npadding-bottom:10px;\ncolor:#172441;\nfont-size:37px;\n}\nbody .av-special-heading.av-lp8gvbta-a40d813428ef80125603998a7f4233d8 .av-special-heading-tag .heading-char{\nfont-size:25px;\n}\n#top #wrap_all .av-special-heading.av-lp8gvbta-a40d813428ef80125603998a7f4233d8 .av-special-heading-tag{\nfont-size:37px;\n}\n.av-special-heading.av-lp8gvbta-a40d813428ef80125603998a7f4233d8 .special-heading-inner-border{\nborder-color:#172441;\n}\n.av-special-heading.av-lp8gvbta-a40d813428ef80125603998a7f4233d8 .av-subheading{\nfont-size:26px;\n}\n\n@media only screen and (min-width: 480px) and (max-width: 767px){ \n#top #wrap_all .av-special-heading.av-lp8gvbta-a40d813428ef80125603998a7f4233d8 .av-special-heading-tag{\nfont-size:0.8em;\n}\n}\n\n@media only screen and (max-width: 479px){ \n#top #wrap_all .av-special-heading.av-lp8gvbta-a40d813428ef80125603998a7f4233d8 .av-special-heading-tag{\nfont-size:0.8em;\n}\n}\n<\/style>\n<div  class='av-special-heading av-lp8gvbta-a40d813428ef80125603998a7f4233d8 av-special-heading-h3 custom-color-heading blockquote modern-quote modern-centered  avia-builder-el-7  el_before_av_button  avia-builder-el-first  av-inherit-size'><h3 class='av-special-heading-tag '  itemprop=\"headline\"  >D\u00c9COUVREZ D\u2019AUTRES EMPLOIS CHEZ WALLIX<\/h3><div class=\"special-heading-border\"><div class=\"special-heading-inner-border\"><\/div><\/div><\/div>\n<div  class='avia-button-wrap av-lp8h9i3t-cd103c9e0c98afee7372ae74517946bc-wrap avia-button-center  avia-builder-el-8  el_after_av_heading  avia-builder-el-last '><a href='https:\/\/wallix.softy.pro\/offre\/162202'  class='avia-button av-lp8h9i3t-cd103c9e0c98afee7372ae74517946bc av-link-btn avia-icon_select-no avia-size-large avia-position-center avia-color-theme-color'  target=\"_blank\"  rel=\"noopener noreferrer\"  aria-label=\"VOIR PLUS\"><span class='avia_iconbox_title' >VOIR PLUS<\/span><\/a><\/div>\n\n","protected":false},"excerpt":{"rendered":"","protected":false},"author":3,"featured_media":0,"parent":41453,"menu_order":0,"comment_status":"closed","ping_status":"closed","template":"","meta":{"_acf_changed":false,"content-type":"","inline_featured_image":false,"footnotes":""},"class_list":["post-41465","page","type-page","status-publish","hentry"],"acf":[],"yoast_head":"<!-- This site is optimized with the Yoast SEO plugin v27.3 - https:\/\/yoast.com\/product\/yoast-seo-wordpress\/ -->\n<title>Offres d&#039;emploi - WALLIX<\/title>\n<meta name=\"description\" content=\"Consultez les offres d\u2019emploi chez WALLIX. Trouvez des postes en cybers\u00e9curit\u00e9 et candidatez pour rejoindre notre \u00e9quipe.\" \/>\n<meta name=\"robots\" content=\"index, follow, max-snippet:-1, max-image-preview:large, max-video-preview:-1\" \/>\n<link rel=\"canonical\" href=\"https:\/\/www.wallix.com\/fr\/societe\/carrieres\/offres-demploi\/\" \/>\n<meta property=\"og:locale\" content=\"fr_FR\" \/>\n<meta property=\"og:type\" content=\"article\" \/>\n<meta property=\"og:title\" content=\"Offres d&#039;emploi - WALLIX\" \/>\n<meta property=\"og:description\" content=\"Consultez les offres d\u2019emploi chez WALLIX. Trouvez des postes en cybers\u00e9curit\u00e9 et candidatez pour rejoindre notre \u00e9quipe.\" \/>\n<meta property=\"og:url\" content=\"https:\/\/www.wallix.com\/fr\/societe\/carrieres\/offres-demploi\/\" \/>\n<meta property=\"og:site_name\" content=\"WALLIX\" \/>\n<meta property=\"article:modified_time\" content=\"2026-01-06T09:09:47+00:00\" \/>\n<meta name=\"twitter:card\" content=\"summary_large_image\" \/>\n<meta name=\"twitter:site\" content=\"@wallixcom\" \/>\n<meta name=\"twitter:label1\" content=\"Dur\u00e9e de lecture estim\u00e9e\" \/>\n\t<meta name=\"twitter:data1\" content=\"1 minute\" \/>\n<script type=\"application\/ld+json\" class=\"yoast-schema-graph\">{\"@context\":\"https:\\\/\\\/schema.org\",\"@graph\":[{\"@type\":\"WebPage\",\"@id\":\"https:\\\/\\\/www.wallix.com\\\/fr\\\/societe\\\/carrieres\\\/offres-demploi\\\/\",\"url\":\"https:\\\/\\\/www.wallix.com\\\/fr\\\/societe\\\/carrieres\\\/offres-demploi\\\/\",\"name\":\"Offres d'emploi - WALLIX\",\"isPartOf\":{\"@id\":\"https:\\\/\\\/www.wallix.com\\\/fr\\\/#website\"},\"datePublished\":\"2024-01-23T12:58:16+00:00\",\"dateModified\":\"2026-01-06T09:09:47+00:00\",\"description\":\"Consultez les offres d\u2019emploi chez WALLIX. Trouvez des postes en cybers\u00e9curit\u00e9 et candidatez pour rejoindre notre \u00e9quipe.\",\"breadcrumb\":{\"@id\":\"https:\\\/\\\/www.wallix.com\\\/fr\\\/societe\\\/carrieres\\\/offres-demploi\\\/#breadcrumb\"},\"inLanguage\":\"fr-FR\",\"potentialAction\":[{\"@type\":\"ReadAction\",\"target\":[\"https:\\\/\\\/www.wallix.com\\\/fr\\\/societe\\\/carrieres\\\/offres-demploi\\\/\"]}]},{\"@type\":\"BreadcrumbList\",\"@id\":\"https:\\\/\\\/www.wallix.com\\\/fr\\\/societe\\\/carrieres\\\/offres-demploi\\\/#breadcrumb\",\"itemListElement\":[{\"@type\":\"ListItem\",\"position\":1,\"name\":\"SOCI\u00c9T\u00c9\",\"item\":\"https:\\\/\\\/www.wallix.com\\\/fr\\\/societe\\\/\"},{\"@type\":\"ListItem\",\"position\":2,\"name\":\"Carri\u00e8res\",\"item\":\"https:\\\/\\\/www.wallix.com\\\/fr\\\/societe\\\/carrieres\\\/\"},{\"@type\":\"ListItem\",\"position\":3,\"name\":\"Offres d&#8217;emploi\"}]},{\"@type\":\"WebSite\",\"@id\":\"https:\\\/\\\/www.wallix.com\\\/fr\\\/#website\",\"url\":\"https:\\\/\\\/www.wallix.com\\\/fr\\\/\",\"name\":\"WALLIX\",\"description\":\"CYBERSECURITY SIMPLIFIED\",\"publisher\":{\"@id\":\"https:\\\/\\\/www.wallix.com\\\/fr\\\/#organization\"},\"potentialAction\":[{\"@type\":\"SearchAction\",\"target\":{\"@type\":\"EntryPoint\",\"urlTemplate\":\"https:\\\/\\\/www.wallix.com\\\/fr\\\/?s={search_term_string}\"},\"query-input\":{\"@type\":\"PropertyValueSpecification\",\"valueRequired\":true,\"valueName\":\"search_term_string\"}}],\"inLanguage\":\"fr-FR\"},{\"@type\":\"Organization\",\"@id\":\"https:\\\/\\\/www.wallix.com\\\/fr\\\/#organization\",\"name\":\"WALLIX\",\"url\":\"https:\\\/\\\/www.wallix.com\\\/fr\\\/\",\"logo\":{\"@type\":\"ImageObject\",\"inLanguage\":\"fr-FR\",\"@id\":\"https:\\\/\\\/www.wallix.com\\\/fr\\\/#\\\/schema\\\/logo\\\/image\\\/\",\"url\":\"https:\\\/\\\/www.wallix.com\\\/wp-content\\\/uploads\\\/2024\\\/03\\\/LOGO_WALLIX_2024_blackorange.png\",\"contentUrl\":\"https:\\\/\\\/www.wallix.com\\\/wp-content\\\/uploads\\\/2024\\\/03\\\/LOGO_WALLIX_2024_blackorange.png\",\"width\":3108,\"height\":827,\"caption\":\"WALLIX\"},\"image\":{\"@id\":\"https:\\\/\\\/www.wallix.com\\\/fr\\\/#\\\/schema\\\/logo\\\/image\\\/\"},\"sameAs\":[\"https:\\\/\\\/x.com\\\/wallixcom\",\"https:\\\/\\\/www.linkedin.com\\\/company\\\/wallix\\\/\",\"https:\\\/\\\/www.youtube.com\\\/wallix\"]}]}<\/script>\n<!-- \/ Yoast SEO plugin. -->","yoast_head_json":{"title":"Offres d'emploi - WALLIX","description":"Consultez les offres d\u2019emploi chez WALLIX. Trouvez des postes en cybers\u00e9curit\u00e9 et candidatez pour rejoindre notre \u00e9quipe.","robots":{"index":"index","follow":"follow","max-snippet":"max-snippet:-1","max-image-preview":"max-image-preview:large","max-video-preview":"max-video-preview:-1"},"canonical":"https:\/\/www.wallix.com\/fr\/societe\/carrieres\/offres-demploi\/","og_locale":"fr_FR","og_type":"article","og_title":"Offres d'emploi - WALLIX","og_description":"Consultez les offres d\u2019emploi chez WALLIX. Trouvez des postes en cybers\u00e9curit\u00e9 et candidatez pour rejoindre notre \u00e9quipe.","og_url":"https:\/\/www.wallix.com\/fr\/societe\/carrieres\/offres-demploi\/","og_site_name":"WALLIX","article_modified_time":"2026-01-06T09:09:47+00:00","twitter_card":"summary_large_image","twitter_site":"@wallixcom","twitter_misc":{"Dur\u00e9e de lecture estim\u00e9e":"1 minute"},"schema":{"@context":"https:\/\/schema.org","@graph":[{"@type":"WebPage","@id":"https:\/\/www.wallix.com\/fr\/societe\/carrieres\/offres-demploi\/","url":"https:\/\/www.wallix.com\/fr\/societe\/carrieres\/offres-demploi\/","name":"Offres d'emploi - WALLIX","isPartOf":{"@id":"https:\/\/www.wallix.com\/fr\/#website"},"datePublished":"2024-01-23T12:58:16+00:00","dateModified":"2026-01-06T09:09:47+00:00","description":"Consultez les offres d\u2019emploi chez WALLIX. Trouvez des postes en cybers\u00e9curit\u00e9 et candidatez pour rejoindre notre \u00e9quipe.","breadcrumb":{"@id":"https:\/\/www.wallix.com\/fr\/societe\/carrieres\/offres-demploi\/#breadcrumb"},"inLanguage":"fr-FR","potentialAction":[{"@type":"ReadAction","target":["https:\/\/www.wallix.com\/fr\/societe\/carrieres\/offres-demploi\/"]}]},{"@type":"BreadcrumbList","@id":"https:\/\/www.wallix.com\/fr\/societe\/carrieres\/offres-demploi\/#breadcrumb","itemListElement":[{"@type":"ListItem","position":1,"name":"SOCI\u00c9T\u00c9","item":"https:\/\/www.wallix.com\/fr\/societe\/"},{"@type":"ListItem","position":2,"name":"Carri\u00e8res","item":"https:\/\/www.wallix.com\/fr\/societe\/carrieres\/"},{"@type":"ListItem","position":3,"name":"Offres d&#8217;emploi"}]},{"@type":"WebSite","@id":"https:\/\/www.wallix.com\/fr\/#website","url":"https:\/\/www.wallix.com\/fr\/","name":"WALLIX","description":"CYBERSECURITY SIMPLIFIED","publisher":{"@id":"https:\/\/www.wallix.com\/fr\/#organization"},"potentialAction":[{"@type":"SearchAction","target":{"@type":"EntryPoint","urlTemplate":"https:\/\/www.wallix.com\/fr\/?s={search_term_string}"},"query-input":{"@type":"PropertyValueSpecification","valueRequired":true,"valueName":"search_term_string"}}],"inLanguage":"fr-FR"},{"@type":"Organization","@id":"https:\/\/www.wallix.com\/fr\/#organization","name":"WALLIX","url":"https:\/\/www.wallix.com\/fr\/","logo":{"@type":"ImageObject","inLanguage":"fr-FR","@id":"https:\/\/www.wallix.com\/fr\/#\/schema\/logo\/image\/","url":"https:\/\/www.wallix.com\/wp-content\/uploads\/2024\/03\/LOGO_WALLIX_2024_blackorange.png","contentUrl":"https:\/\/www.wallix.com\/wp-content\/uploads\/2024\/03\/LOGO_WALLIX_2024_blackorange.png","width":3108,"height":827,"caption":"WALLIX"},"image":{"@id":"https:\/\/www.wallix.com\/fr\/#\/schema\/logo\/image\/"},"sameAs":["https:\/\/x.com\/wallixcom","https:\/\/www.linkedin.com\/company\/wallix\/","https:\/\/www.youtube.com\/wallix"]}]}},"_links":{"self":[{"href":"https:\/\/www.wallix.com\/fr\/wp-json\/wp\/v2\/pages\/41465","targetHints":{"allow":["GET"]}}],"collection":[{"href":"https:\/\/www.wallix.com\/fr\/wp-json\/wp\/v2\/pages"}],"about":[{"href":"https:\/\/www.wallix.com\/fr\/wp-json\/wp\/v2\/types\/page"}],"author":[{"embeddable":true,"href":"https:\/\/www.wallix.com\/fr\/wp-json\/wp\/v2\/users\/3"}],"replies":[{"embeddable":true,"href":"https:\/\/www.wallix.com\/fr\/wp-json\/wp\/v2\/comments?post=41465"}],"version-history":[{"count":18,"href":"https:\/\/www.wallix.com\/fr\/wp-json\/wp\/v2\/pages\/41465\/revisions"}],"predecessor-version":[{"id":82824,"href":"https:\/\/www.wallix.com\/fr\/wp-json\/wp\/v2\/pages\/41465\/revisions\/82824"}],"up":[{"embeddable":true,"href":"https:\/\/www.wallix.com\/fr\/wp-json\/wp\/v2\/pages\/41453"}],"wp:attachment":[{"href":"https:\/\/www.wallix.com\/fr\/wp-json\/wp\/v2\/media?parent=41465"}],"curies":[{"name":"wp","href":"https:\/\/api.w.org\/{rel}","templated":true}]}}