{"id":41548,"date":"2024-01-23T14:24:56","date_gmt":"2024-01-23T13:24:56","guid":{"rendered":"https:\/\/www.wallix.com\/aviso-legal\/"},"modified":"2025-09-01T16:37:25","modified_gmt":"2025-09-01T15:37:25","slug":"aviso-legal","status":"publish","type":"page","link":"https:\/\/www.wallix.com\/es\/aviso-legal\/","title":{"rendered":"Aviso legal"},"content":{"rendered":"<div  class='flex_column av-av_two_third-048119fdb636ea3d70edc0b975509c6c av_two_third  avia-builder-el-0  el_before_av_one_third  avia-builder-el-first  first flex_column_div  '     ><p>\n<style type=\"text\/css\" data-created_by=\"avia_inline_auto\" id=\"style-css-av-av_heading-62ce44d613097498fbfbccf0a3efe8fe\">\n#top .av-special-heading.av-av_heading-62ce44d613097498fbfbccf0a3efe8fe{\npadding-bottom:10px;\n}\nbody .av-special-heading.av-av_heading-62ce44d613097498fbfbccf0a3efe8fe .av-special-heading-tag .heading-char{\nfont-size:25px;\n}\n.av-special-heading.av-av_heading-62ce44d613097498fbfbccf0a3efe8fe .av-subheading{\nfont-size:15px;\n}\n<\/style>\n<div  class='av-special-heading av-av_heading-62ce44d613097498fbfbccf0a3efe8fe av-special-heading-h3 blockquote modern-quote  avia-builder-el-1  el_before_av_textblock  avia-builder-el-first '><h3 class='av-special-heading-tag '  itemprop=\"headline\"  >LEGAL MENTIONS<\/h3><div class=\"special-heading-border\"><div class=\"special-heading-inner-border\"><\/div><\/div><\/div><br \/>\n<section  class='av_textblock_section av-m3x0n96a-cb826878275fd8ef4810b9bb2d335b65 '   itemscope=\"itemscope\" itemtype=\"https:\/\/schema.org\/CreativeWork\" ><div class='avia_textblock'  itemprop=\"text\" ><p>In accordance with the provisions of Law No. 2004-575 of 21 June 2004 on confidence in the digital economy, Users of the Website are informed of the identity of the various stakeholders in the context of its implementation and monitoring.<\/p>\n<p>EDITOR<\/p>\n<p><strong>wallix.com and pam.wallix.one<br \/>\n<\/strong><\/p>\n<p>This Website is hosted on Microsoft&#8217;s cloud offering (Azure). It is geographically located in Microsoft&#8217;s hosting center, located within the European Union.<\/p>\n<p>Microsoft France, a Soci\u00e9t\u00e9 Anonyme par Actions Simplifi\u00e9e, with a capital of \u20ac4,240,000.00 whose registered office is located at 37 QUAI DU PRESIDENT ROOSEVELT 92130 ISSY-LES-MOULINEAUX, and registered with the Nanterre Trade and Companies Register under number 327 733 184.<\/p>\n<p>Website address : <a href=\"https:\/\/azure.microsoft.com\/fr-fr\/\">https:\/\/azure.microsoft.com\/fr-fr\/<\/a><\/p>\n<p>For more information, please refer to: <a href=\"https:\/\/azure.microsoft.com\/\">https:\/\/azure.microsoft.com\/\u00a0<\/a><\/p>\n<p><strong>investors.wallix.com<\/strong><\/p>\n<p>This Website is hosted by Scaleway and located in France.<\/p>\n<p>Scaleway, a simplified joint-stock company with a capital of 214,410.50 Euros whose registered office is located at 8 rue de la Ville l&#8217;Ev\u00eaque, 75008 Paris, and registered with the Paris Trade and Companies Register under number 433 115 904.<\/p>\n<p>Website address : <a href=\"https:\/\/www.scaleway.com\/fr\">https:\/\/www.scaleway.com\/fr<\/a> \/ Contact :\u00a0+33 (0)1 84 13 00 00<\/p>\n<p><strong>Other hosts applicable to all Websites:<\/strong><\/p>\n<p>Websites contain data collection tools (forms, chatbots, etc.) that use Hubspot&#8217;s services and whose data is hosted in the European Union.<\/p>\n<p>HubSpot France, Soci\u00e9t\u00e9 par Actions Simplifi\u00e9e \u00e0 associ\u00e9 unique with a capital of 475,000.00 Euros whose registered office is located at 24 rue Cambaceres 75008 Paris, and registered with the Paris Trade and Companies Register under number 844 620\u00a0971.<\/p>\n<p>The host can be reached by phone: +1 888 482 7768 (USA) \/ For more information, refer to: https:\/\/ <a href=\"https:\/\/legal.hubspot.com\/fr\/terms-of-service\">legal.hubspot.com\/fr\/terms-of-service<\/a><\/p>\n<p>Websites use external services to communicate about job offers published by WALLIX. Data collection is operated by the company SOFTY whose data is hosted in the European Union.<\/p>\n<p>Softy, Altagile, Soci\u00e9t\u00e9 par Actions Simplifi\u00e9e with a capital of 48,240 euros whose registered office is located at 14N rue Pierre de Coubertin 21000 Dijon, and registered with the Dijon Trade and Companies Register under number 810 145 847 00010.<\/p>\n<p>Website address: <a href=\"https:\/\/recrutement.softy.pro\/\">https:\/\/recrutement.softy.pro\/<\/a><\/p>\n<p><strong>Website Terms of use<\/strong><\/p>\n<p>The use of the following websites <a href=\"https:\/\/wallix.com\">wallix.com<\/a>, <a href=\"https:\/\/investors.wallix.com\">investors.wallix.com<\/a> and\u00a0<a href=\"https:\/\/pam.wallix.one\">pam.wallix.one<\/a> (the \u00abWebsite(s)\u00bb) implies acceptance of the present Terms, as well as the <u>Privacy Policy <\/u>which forms an integral part thereof. The present Terms and the <u>Privacy Policy <\/u>\u00a0are documents with contractual value that form a contractual whole. These Terms may be modified or supplemented at any time by WALLIX, in particular in order to comply with any legislative, regulatory, jurisprudential or technological developments. In such a case, the date of their update will be clearly identified at the top of these Terms. These modifications commit the User as soon as they are put online. The User should therefore regularly consult these Terms in order to be aware of any changes.<\/p>\n<p><strong>USER INFORMATION<\/strong><\/p>\n<p>Any User of the Website, regardless of his quality (professional or individual), his location, his terminal connection to the Website and the purpose of his visit, is informed of the risks inherent to the Internet, in particular of continuity not guaranteed in access to the Website.<\/p>\n<p>While the Website is in principle accessible to Users at any time, an interruption for technical maintenance reasons may be decided by WALLIX, which will endeavor to inform Users of the dates and times of the intervention in advance.<\/p>\n<p>The purpose of the Website is to provide Users with information on all of WALLIX&#8217;s activities. The information contained on these Website is as accurate as possible and periodically updated. However, the information is indicative, not exhaustive and may contain inaccuracies, omissions or gaps. If you notice a gap, error or what appears to be a malfunction, please report it through our<u> contact form <\/u>describing the problem as precisely as possible (page causing problem, triggering action, type of computer and browser used, &#8230;).<\/p>\n<p>WALLIX may in no way be held liable for the use made of the information contained on the Website, for any inaccuracies, omissions or gaps concerning this information, and for any direct or indirect damage that may result.<\/p>\n<p><strong>INTELLECTUAL PROPERTY<\/strong><\/p>\n<p>The entire Website is subject to French legislation on copyright and intellectual property. All reproduction rights are reserved. The reproduction of all or part of this Website on any medium whatsoever is strictly prohibited without the express prior authorization of WALLIX.<\/p>\n<p>Any reproduction, representation, modification, publication, transmission and\/or distortion, total or partial, of the Website and its components, by any process whatsoever, without the express authorization of WALLIX, is prohibited, would engage the responsibility of its author and would constitute an infringement punishable in particular by Article L.335-2 of the Intellectual Property Code. The trademarks of WALLIX and its partners, as well as the logos appearing on the Website are registered trademarks. Any total or partial reproduction of these trademarks as well as any total or partial representation of these trademarks and\/or logos, made from the elements of the Website without the express authorization of WALLIX and\/or its partners are prohibited, pursuant to Article L 713-2 of the Intellectual Property Code.<\/p>\n<p><strong>HYPERTEXT LINKS<\/strong><\/p>\n<ul>\n<li><em>Hypertext links posted by the User to the Website<\/em><\/li>\n<\/ul>\n<p>Users and visitors to the Website may not set up a hyperlink to one of this Website without the express prior authorization of WALLIX. The request for authorization can be made through our <u>\u00a0contact form<\/u>. WALLIX reserves the right to accept or refuse the setting up of a hyperlink to the Website without having to justify its decision.<\/p>\n<p>The setting up of a hyperlink to a Website must be done only towards the home page, provided that this link opens in a new window. In particular, a link to a sub-page (\u00abdeep link\u00bb) is prohibited, as well as the opening of the Website within a frame (\u00abframing\u00bb), unless expressly and previously authorized by WALLIX.<\/p>\n<ul>\n<li><em>Hypertext links placed on the Websites referring to third-party websites<\/em><\/li>\n<\/ul>\n<p>The Website may contain links to other websites or other resources available on the Internet, set up with the authorization of WALLIX.<\/p>\n<p>WALLIX has no means of controlling the websites in connection with one of its Websites and is not responsible for the availability of such websites and external sources, nor does it guarantee it. WALLIX cannot be held liable for any damage of any nature whatsoever resulting from the content of these websites or external sources, and in particular the information, products or services they offer, or any use that may be made of these elements. The risks associated with this use are fully the responsibility of the User, who must also comply with the terms of use of these third-party websites.<\/p>\n<p>In addition, the reference to a website to complete information sought does not in any way mean that WALLIX acknowledges or accepts any responsibility for the content or use of such website.<\/p>\n<p><strong>COOKIES<\/strong><\/p>\n<p>WALLIX is authorized to collect cookies subject to the User&#8217;s consent formalized by the acceptance of cookies and browsing the Website.<\/p>\n<p>A cookie is a text file deposited on the User&#8217;s hard drive by the server of the Website visited by the User. It usually contains the name of the server that deposited it, an identifier in the form of a unique number, and an expiration date. Its purpose is to collect information relating to your browsing in order to offer the User services adapted to his terminal (computer, mobile, or tablet).<\/p>\n<p>Details on the use of cookies are available in the <a href=\"https:\/\/www.wallix.com\/es\/politica-de-privacidad\/\">Privacy Policy <\/a><\/p>\n<p><strong>LIMITATION OF LIABILITY<\/strong><\/p>\n<p>WALLIX cannot be held liable for direct or indirect damage caused to the User&#8217;s equipment when accessing the Website and the User also undertakes to access the Website using recent equipment, not containing viruses and with a browser of last generation updated.<\/p>\n<p>WALLIX cannot also be held liable for indirect damages (such as for example a loss of market or loss of opportunity) resulting from the use of the Website.<\/p>\n<p>The links that may be proposed to other websites are provided for information purposes only and cannot engage the responsibility of WALLIX, either with regard to the contents or the conditions of access and use.<\/p>\n<p><strong>PERSONAL DATA<\/strong><\/p>\n<p>The processing of any User&#8217;s personal data is governed by\u00a0 the <u>Privacy Policy, <\/u>in accordance with the General Data Protection Regulation 2016\/679 of 27 April 2016 (\u00abGDPR\u00bb).<\/p>\n<p>For any questions related to personal data or request for deletion of account, please contact WALLIX at the following address: WALLIX 250 bis rue du Faubourg Saint-Honor\u00e9 75008 Paris (indicating \u00abPrivacy &#8211; Data Protection\u00bb), or by email at privacy@wallix.fr.<\/p>\n<p><strong>APPLICABLE LAW AND JURISDICTION<\/strong><\/p>\n<p>These Terms are governed by French law and any dispute or litigation that may arise from the interpretation, validity or execution of these will be the exclusive jurisdiction of the courts of Paris.<\/p>\n<p><strong>For further information, see our <\/strong><u>Privacy Policy.<\/u><\/p>\n<\/div><\/section><\/p><\/div><div  class='flex_column av-av_one_third-feecfcc73494c68bb0d1632d1d5c38ae av_one_third  avia-builder-el-3  el_after_av_two_third  avia-builder-el-last  flex_column_div  '     ><p>\n<style type=\"text\/css\" data-created_by=\"avia_inline_auto\" id=\"style-css-av-av_heading-0f5428ac67a0c122785d844be9f1573b\">\n#top .av-special-heading.av-av_heading-0f5428ac67a0c122785d844be9f1573b{\npadding-bottom:10px;\n}\nbody .av-special-heading.av-av_heading-0f5428ac67a0c122785d844be9f1573b .av-special-heading-tag .heading-char{\nfont-size:25px;\n}\n.av-special-heading.av-av_heading-0f5428ac67a0c122785d844be9f1573b .av-subheading{\nfont-size:15px;\n}\n<\/style>\n<div  class='av-special-heading av-av_heading-0f5428ac67a0c122785d844be9f1573b av-special-heading-h3 blockquote modern-quote  avia-builder-el-4  el_before_av_hr  avia-builder-el-first '><h3 class='av-special-heading-tag '  itemprop=\"headline\"  >CONTACT THE DPO<br \/>\n(Data Protection Officer)<\/h3><div class=\"special-heading-border\"><div class=\"special-heading-inner-border\"><\/div><\/div><\/div><br \/>\n\n<style type=\"text\/css\" data-created_by=\"avia_inline_auto\" id=\"style-css-av-av_hr-82f5be0ae0af6a64fe3091010b237709\">\n#top .hr.hr-invisible.av-av_hr-82f5be0ae0af6a64fe3091010b237709{\nheight:20px;\n}\n<\/style>\n<div  class='hr av-av_hr-82f5be0ae0af6a64fe3091010b237709 hr-invisible  avia-builder-el-5  el_after_av_heading  el_before_av_codeblock '><span class='hr-inner '><span class=\"hr-inner-style\"><\/span><\/span><\/div><br \/>\n<br \/>\n\n<style type=\"text\/css\" data-created_by=\"avia_inline_auto\" id=\"style-css-av-av_hr-82f5be0ae0af6a64fe3091010b237709\">\n#top .hr.hr-invisible.av-av_hr-82f5be0ae0af6a64fe3091010b237709{\nheight:20px;\n}\n<\/style>\n<div  class='hr av-av_hr-82f5be0ae0af6a64fe3091010b237709 hr-invisible  avia-builder-el-7  el_after_av_codeblock  el_before_av_button '><span class='hr-inner '><span class=\"hr-inner-style\"><\/span><\/span><\/div><br \/>\n<div  class='avia-button-wrap av-av_button-771c07ec948d5af202fd17a65ed6b262-wrap avia-button-left  avia-builder-el-8  el_after_av_hr  avia-builder-el-last '><a href='https:\/\/www.wallix.com\/privacy-policy\/'  class='avia-button av-av_button-771c07ec948d5af202fd17a65ed6b262 av-link-btn avia-icon_select-no avia-size-large avia-position-left avia-color-theme-color'   aria-label=\"Read the privacy policy\"><span class='avia_iconbox_title' >Read the privacy policy<\/span><\/a><\/div><\/p><\/div><\/p>\n","protected":false},"excerpt":{"rendered":"","protected":false},"author":1,"featured_media":0,"parent":0,"menu_order":0,"comment_status":"closed","ping_status":"closed","template":"","meta":{"_acf_changed":false,"content-type":"","inline_featured_image":false,"footnotes":""},"class_list":["post-41548","page","type-page","status-publish","hentry"],"acf":[],"yoast_head":"<!-- This site is optimized with the Yoast SEO plugin v27.3 - https:\/\/yoast.com\/product\/yoast-seo-wordpress\/ -->\n<title>Aviso legal - WALLIX<\/title>\n<meta name=\"description\" content=\"Aviso legal - WALLIX\" \/>\n<meta name=\"robots\" content=\"index, follow, max-snippet:-1, max-image-preview:large, max-video-preview:-1\" \/>\n<link rel=\"canonical\" href=\"https:\/\/www.wallix.com\/es\/aviso-legal\/\" \/>\n<meta property=\"og:locale\" content=\"es_ES\" \/>\n<meta property=\"og:type\" content=\"article\" \/>\n<meta property=\"og:title\" content=\"Aviso legal - WALLIX\" \/>\n<meta property=\"og:description\" content=\"Aviso legal - WALLIX\" \/>\n<meta property=\"og:url\" content=\"https:\/\/www.wallix.com\/es\/aviso-legal\/\" \/>\n<meta property=\"og:site_name\" content=\"WALLIX\" \/>\n<meta property=\"article:modified_time\" content=\"2025-09-01T15:37:25+00:00\" \/>\n<meta name=\"twitter:card\" content=\"summary_large_image\" \/>\n<meta name=\"twitter:site\" content=\"@wallixcom\" \/>\n<meta name=\"twitter:label1\" content=\"Tiempo de lectura\" \/>\n\t<meta name=\"twitter:data1\" content=\"7 minutos\" \/>\n<script type=\"application\/ld+json\" class=\"yoast-schema-graph\">{\"@context\":\"https:\\\/\\\/schema.org\",\"@graph\":[{\"@type\":\"WebPage\",\"@id\":\"https:\\\/\\\/www.wallix.com\\\/es\\\/aviso-legal\\\/\",\"url\":\"https:\\\/\\\/www.wallix.com\\\/es\\\/aviso-legal\\\/\",\"name\":\"Aviso legal - WALLIX\",\"isPartOf\":{\"@id\":\"https:\\\/\\\/www.wallix.com\\\/es\\\/#website\"},\"datePublished\":\"2024-01-23T13:24:56+00:00\",\"dateModified\":\"2025-09-01T15:37:25+00:00\",\"description\":\"Aviso legal - WALLIX\",\"inLanguage\":\"es\",\"potentialAction\":[{\"@type\":\"ReadAction\",\"target\":[\"https:\\\/\\\/www.wallix.com\\\/es\\\/aviso-legal\\\/\"]}]},{\"@type\":\"WebSite\",\"@id\":\"https:\\\/\\\/www.wallix.com\\\/es\\\/#website\",\"url\":\"https:\\\/\\\/www.wallix.com\\\/es\\\/\",\"name\":\"WALLIX\",\"description\":\"CYBERSECURITY SIMPLIFIED\",\"publisher\":{\"@id\":\"https:\\\/\\\/www.wallix.com\\\/es\\\/#organization\"},\"potentialAction\":[{\"@type\":\"SearchAction\",\"target\":{\"@type\":\"EntryPoint\",\"urlTemplate\":\"https:\\\/\\\/www.wallix.com\\\/es\\\/?s={search_term_string}\"},\"query-input\":{\"@type\":\"PropertyValueSpecification\",\"valueRequired\":true,\"valueName\":\"search_term_string\"}}],\"inLanguage\":\"es\"},{\"@type\":\"Organization\",\"@id\":\"https:\\\/\\\/www.wallix.com\\\/es\\\/#organization\",\"name\":\"WALLIX\",\"url\":\"https:\\\/\\\/www.wallix.com\\\/es\\\/\",\"logo\":{\"@type\":\"ImageObject\",\"inLanguage\":\"es\",\"@id\":\"https:\\\/\\\/www.wallix.com\\\/es\\\/#\\\/schema\\\/logo\\\/image\\\/\",\"url\":\"https:\\\/\\\/www.wallix.com\\\/wp-content\\\/uploads\\\/2024\\\/03\\\/LOGO_WALLIX_2024_blackorange.png\",\"contentUrl\":\"https:\\\/\\\/www.wallix.com\\\/wp-content\\\/uploads\\\/2024\\\/03\\\/LOGO_WALLIX_2024_blackorange.png\",\"width\":3108,\"height\":827,\"caption\":\"WALLIX\"},\"image\":{\"@id\":\"https:\\\/\\\/www.wallix.com\\\/es\\\/#\\\/schema\\\/logo\\\/image\\\/\"},\"sameAs\":[\"https:\\\/\\\/x.com\\\/wallixcom\",\"https:\\\/\\\/www.linkedin.com\\\/company\\\/wallix\\\/\",\"https:\\\/\\\/www.youtube.com\\\/wallix\"]}]}<\/script>\n<!-- \/ Yoast SEO plugin. -->","yoast_head_json":{"title":"Aviso legal - WALLIX","description":"Aviso legal - WALLIX","robots":{"index":"index","follow":"follow","max-snippet":"max-snippet:-1","max-image-preview":"max-image-preview:large","max-video-preview":"max-video-preview:-1"},"canonical":"https:\/\/www.wallix.com\/es\/aviso-legal\/","og_locale":"es_ES","og_type":"article","og_title":"Aviso legal - WALLIX","og_description":"Aviso legal - WALLIX","og_url":"https:\/\/www.wallix.com\/es\/aviso-legal\/","og_site_name":"WALLIX","article_modified_time":"2025-09-01T15:37:25+00:00","twitter_card":"summary_large_image","twitter_site":"@wallixcom","twitter_misc":{"Tiempo de lectura":"7 minutos"},"schema":{"@context":"https:\/\/schema.org","@graph":[{"@type":"WebPage","@id":"https:\/\/www.wallix.com\/es\/aviso-legal\/","url":"https:\/\/www.wallix.com\/es\/aviso-legal\/","name":"Aviso legal - WALLIX","isPartOf":{"@id":"https:\/\/www.wallix.com\/es\/#website"},"datePublished":"2024-01-23T13:24:56+00:00","dateModified":"2025-09-01T15:37:25+00:00","description":"Aviso legal - WALLIX","inLanguage":"es","potentialAction":[{"@type":"ReadAction","target":["https:\/\/www.wallix.com\/es\/aviso-legal\/"]}]},{"@type":"WebSite","@id":"https:\/\/www.wallix.com\/es\/#website","url":"https:\/\/www.wallix.com\/es\/","name":"WALLIX","description":"CYBERSECURITY SIMPLIFIED","publisher":{"@id":"https:\/\/www.wallix.com\/es\/#organization"},"potentialAction":[{"@type":"SearchAction","target":{"@type":"EntryPoint","urlTemplate":"https:\/\/www.wallix.com\/es\/?s={search_term_string}"},"query-input":{"@type":"PropertyValueSpecification","valueRequired":true,"valueName":"search_term_string"}}],"inLanguage":"es"},{"@type":"Organization","@id":"https:\/\/www.wallix.com\/es\/#organization","name":"WALLIX","url":"https:\/\/www.wallix.com\/es\/","logo":{"@type":"ImageObject","inLanguage":"es","@id":"https:\/\/www.wallix.com\/es\/#\/schema\/logo\/image\/","url":"https:\/\/www.wallix.com\/wp-content\/uploads\/2024\/03\/LOGO_WALLIX_2024_blackorange.png","contentUrl":"https:\/\/www.wallix.com\/wp-content\/uploads\/2024\/03\/LOGO_WALLIX_2024_blackorange.png","width":3108,"height":827,"caption":"WALLIX"},"image":{"@id":"https:\/\/www.wallix.com\/es\/#\/schema\/logo\/image\/"},"sameAs":["https:\/\/x.com\/wallixcom","https:\/\/www.linkedin.com\/company\/wallix\/","https:\/\/www.youtube.com\/wallix"]}]}},"_links":{"self":[{"href":"https:\/\/www.wallix.com\/es\/wp-json\/wp\/v2\/pages\/41548","targetHints":{"allow":["GET"]}}],"collection":[{"href":"https:\/\/www.wallix.com\/es\/wp-json\/wp\/v2\/pages"}],"about":[{"href":"https:\/\/www.wallix.com\/es\/wp-json\/wp\/v2\/types\/page"}],"author":[{"embeddable":true,"href":"https:\/\/www.wallix.com\/es\/wp-json\/wp\/v2\/users\/1"}],"replies":[{"embeddable":true,"href":"https:\/\/www.wallix.com\/es\/wp-json\/wp\/v2\/comments?post=41548"}],"version-history":[{"count":13,"href":"https:\/\/www.wallix.com\/es\/wp-json\/wp\/v2\/pages\/41548\/revisions"}],"predecessor-version":[{"id":77286,"href":"https:\/\/www.wallix.com\/es\/wp-json\/wp\/v2\/pages\/41548\/revisions\/77286"}],"wp:attachment":[{"href":"https:\/\/www.wallix.com\/es\/wp-json\/wp\/v2\/media?parent=41548"}],"curies":[{"name":"wp","href":"https:\/\/api.w.org\/{rel}","templated":true}]}}