{"id":41486,"date":"2024-01-23T14:03:47","date_gmt":"2024-01-23T13:03:47","guid":{"rendered":"https:\/\/www.wallix.com\/pongase-en-contacto-con\/"},"modified":"2026-03-11T17:56:38","modified_gmt":"2026-03-11T16:56:38","slug":"contactanos","status":"publish","type":"page","link":"https:\/\/www.wallix.com\/es\/empresa\/contactanos\/","title":{"rendered":"Contactanos"},"content":{"rendered":"<div id='full_slider_1'  class='avia-fullwidth-slider main_color avia-shadow   avia-builder-el-0  el_before_av_layout_row  avia-builder-el-first   container_wrap fullsize'  >\n<style type=\"text\/css\" data-created_by=\"avia_inline_auto\" id=\"style-css-av-lrkqtyzr-dc00e8fd6196cfabe445cb1c461a4a6c\">\n#top #wrap_all .avia-slideshow .av-slideshow-caption.av-lrkqtyzr-dc00e8fd6196cfabe445cb1c461a4a6c__0 .avia-caption-title{\nfont-size:35px;\n}\n#top .avia-slideshow .av-slideshow-caption.av-lrkqtyzr-dc00e8fd6196cfabe445cb1c461a4a6c__0 .avia-caption-content{\nfont-size:26px;\n}\n#top .avia-slideshow .av-slideshow-caption.av-lrkqtyzr-dc00e8fd6196cfabe445cb1c461a4a6c__0 .avia-caption-content p{\nfont-size:26px;\n}\n<\/style>\n<div  class='avia-slideshow av-lrkqtyzr-dc00e8fd6196cfabe445cb1c461a4a6c avia-slideshow-featured av_slideshow_full avia-slide-slider av-slideshow-ui av-control-default av-slideshow-autoplay av-loop-endless av-loop-manual-endless av-default-height-applied   avia-slideshow-1' data-slideshow-options=\"{&quot;animation&quot;:&quot;slide&quot;,&quot;autoplay&quot;:true,&quot;loop_autoplay&quot;:&quot;endless&quot;,&quot;interval&quot;:5,&quot;loop_manual&quot;:&quot;manual-endless&quot;,&quot;autoplay_stopper&quot;:false,&quot;noNavigation&quot;:false,&quot;bg_slider&quot;:false,&quot;keep_padding&quot;:false,&quot;hoverpause&quot;:false,&quot;show_slide_delay&quot;:0}\"  itemprop=\"image\" itemscope=\"itemscope\" itemtype=\"https:\/\/schema.org\/ImageObject\" ><ul class='avia-slideshow-inner ' style='padding-bottom: 28.666666666667%;'><li  class='avia-slideshow-slide av-lrkqtyzr-dc00e8fd6196cfabe445cb1c461a4a6c__0  av-single-slide slide-1 slide-odd'><div data-rel='slideshow-1' class='avia-slide-wrap '   ><div class='av-slideshow-caption av-lrkqtyzr-dc00e8fd6196cfabe445cb1c461a4a6c__0 caption_fullwidth caption_left'><div class=\"container caption_container\"><div class=\"slideshow_caption\"><div class=\"slideshow_inner_caption\"><div class=\"slideshow_align_caption\"><h2 class='avia-caption-title '  itemprop=\"name\" >Nos encantar\u00eda<br \/>\ntrabajar con usted<br \/>\n<strong>vis\u00edtenos o escr\u00edbanos<\/strong><\/h2><div class='avia-caption-content '  itemprop=\"description\" ><p>______________<\/p>\n<\/div><\/div><\/div><\/div><\/div><\/div><img decoding=\"async\" fetchpriority=\"high\" class=\"wp-image-57723 avia-img-lazy-loading-not-57723\"  src=\"https:\/\/www.wallix.com\/wp-content\/uploads\/2024\/04\/DALL\u00b7E-2024-04-29-11.06.00-Create-an-image-of-a-modern-office-interior-with-large-glass-windows-and-an-open-space-layout.-The-office-should-have-a-sleek-and-contemporary-design--1500x430.png\" width=\"1500\" height=\"430\" title='DALL\u00b7E 2024-04-29 11.06.00 - Create an image of a modern office interior with large glass windows and an open-space layout. The office should have a sleek and contemporary design' alt='A modern office interior with large glass windows and an open-space layout, featuring sleek, contemporary design elements. The image conveys a professional, collaborative workspace that aligns with WALLIX\u2019s focus on innovative, secure, and efficient IT environments.'  itemprop=\"thumbnailUrl\"   \/><div class='av-section-color-overlay' style='opacity: 0.5; background-image: url(https:\/\/www.wallix.com\/wp-content\/uploads\/2024\/01\/overlay_x_2100X1000.png); background-repeat: repeat;'><\/div><\/div><\/li><\/ul><\/div><\/div>\n<div id='av-layout-grid-1'  class='av-layout-grid-container av-aiq58m5-e44f9d590560f56d3dd1bd2a99677ff2 entry-content-wrapper main_color av-flex-cells  avia-builder-el-1  el_after_av_slideshow_full  el_before_av_google_map  av-grid-order-reverse grid-row-not-first  container_wrap fullsize'  >\n\n<style type=\"text\/css\" data-created_by=\"avia_inline_auto\" id=\"style-css-av-a03vfrx-bf7975a6ee5572c2b1430b576a3d85e1\">\n.flex_cell.av-a03vfrx-bf7975a6ee5572c2b1430b576a3d85e1{\nvertical-align:top;\nbackground-color:#fcfcfc;\n}\n.responsive #top #wrap_all .flex_cell.av-a03vfrx-bf7975a6ee5572c2b1430b576a3d85e1{\npadding:30px 30px 30px 30px !important;\n}\n<\/style>\n<div class='flex_cell av-a03vfrx-bf7975a6ee5572c2b1430b576a3d85e1 av-gridrow-cell av_one_half no_margin  avia-builder-el-2  el_before_av_cell_one_half  avia-builder-el-first  content-align-top'  ><div class='flex_cell_inner'><p>\n<style type=\"text\/css\" data-created_by=\"avia_inline_auto\" id=\"style-css-av-9kh8t3x-1b5f18be5b8cfdceb2eac6e2c7b273c2\">\n#top .av-special-heading.av-9kh8t3x-1b5f18be5b8cfdceb2eac6e2c7b273c2{\npadding-bottom:10px;\nfont-size:40px;\n}\nbody .av-special-heading.av-9kh8t3x-1b5f18be5b8cfdceb2eac6e2c7b273c2 .av-special-heading-tag .heading-char{\nfont-size:25px;\n}\n#top #wrap_all .av-special-heading.av-9kh8t3x-1b5f18be5b8cfdceb2eac6e2c7b273c2 .av-special-heading-tag{\nfont-size:40px;\n}\n.av-special-heading.av-9kh8t3x-1b5f18be5b8cfdceb2eac6e2c7b273c2 .av-subheading{\nfont-size:15px;\n}\n\n@media only screen and (min-width: 480px) and (max-width: 767px){ \n#top #wrap_all .av-special-heading.av-9kh8t3x-1b5f18be5b8cfdceb2eac6e2c7b273c2 .av-special-heading-tag{\nfont-size:0.8em;\n}\n}\n\n@media only screen and (max-width: 479px){ \n#top #wrap_all .av-special-heading.av-9kh8t3x-1b5f18be5b8cfdceb2eac6e2c7b273c2 .av-special-heading-tag{\nfont-size:0.8em;\n}\n}\n<\/style>\n<div  class='av-special-heading av-9kh8t3x-1b5f18be5b8cfdceb2eac6e2c7b273c2 av-special-heading-h1 blockquote modern-quote modern-centered  avia-builder-el-3  el_before_av_hr  avia-builder-el-first  av-inherit-size'><h1 class='av-special-heading-tag '  itemprop=\"headline\"  >Visita a la oficina<\/h1><div class=\"special-heading-border\"><div class=\"special-heading-inner-border\"><\/div><\/div><\/div><br \/>\n\n<style type=\"text\/css\" data-created_by=\"avia_inline_auto\" id=\"style-css-av-8z80da5-d3f7ce4963d75f801221cd96909d012a\">\n#top .hr.av-8z80da5-d3f7ce4963d75f801221cd96909d012a{\nmargin-top:40px;\nmargin-bottom:40px;\n}\n.hr.av-8z80da5-d3f7ce4963d75f801221cd96909d012a .hr-inner{\nwidth:50px;\nborder-color:#000000;\n}\n<\/style>\n<div  class='hr av-8z80da5-d3f7ce4963d75f801221cd96909d012a hr-custom  avia-builder-el-4  el_after_av_heading  el_before_av_one_half  hr-center hr-icon-no'><span class='hr-inner inner-border-av-border-fat'><span class=\"hr-inner-style\"><\/span><\/span><\/div><br \/>\n<div  class='flex_column av-8ov4l3x-0ed4294c54bf7478feefbd0da82dc365 av_one_half  avia-builder-el-5  el_after_av_hr  el_before_av_one_half  first flex_column_div  '     ><section  class='av_textblock_section av-7zc3vq5-be16d4530dd018ea257ff466540fb473 '   itemscope=\"itemscope\" itemtype=\"https:\/\/schema.org\/CreativeWork\" ><div class='avia_textblock'  itemprop=\"text\" ><h4 style=\"text-align: center;\">WALLIX en Par\u00eds<\/h4>\n<p style=\"text-align: center;\">250 bis, rue du Faubourg Saint-Honor\u00e9<\/p>\n<p style=\"text-align: center;\">75008 PAR\u00cdS<\/p>\n<p style=\"text-align: center;\">FRANCIA<\/p>\n<\/div><\/section><\/div><div  class='flex_column av-2gtexj1-4ec1c5cd85b1174ef5c445523d781e15 av_one_half  avia-builder-el-7  el_after_av_one_half  el_before_av_one_half  flex_column_div  '     ><section  class='av_textblock_section av-1w6ood9-54d64435dadfb0fd4c90a2fe9d031b7e '   itemscope=\"itemscope\" itemtype=\"https:\/\/schema.org\/CreativeWork\" ><div class='avia_textblock'  itemprop=\"text\" ><h4 style=\"text-align: center;\">WALLIX en Rennes<\/h4>\n<p style=\"text-align: center;\">B\u00e2timent Cyberplace<br \/>\n1179 Avenue des Champs Blancs<\/p>\n<p style=\"text-align: center;\">35510 CESSON-SEVIGN\u00c9<\/p>\n<p style=\"text-align: center;\">FRANCIA<\/p>\n<\/div><\/section><\/div><div  class='flex_column av-7ql9v19-ed753811298c8f67c4089bcbb966b63e av_one_half  avia-builder-el-9  el_after_av_one_half  el_before_av_one_half  first flex_column_div  column-top-margin'     ><section  class='av_textblock_section av-lozzms0c-51d6615fd9c72d0501d0b2a510e200ca '   itemscope=\"itemscope\" itemtype=\"https:\/\/schema.org\/CreativeWork\" ><div class='avia_textblock'  itemprop=\"text\" ><h4 style=\"text-align: center;\">WALLIX en Lyon<\/h4>\n<p style=\"text-align: center;\">Tour Solvay, WALLIX, 15 ou 9 rue des cuirassiers<\/p>\n<p style=\"text-align: center;\">69003 LYON<\/p>\n<p style=\"text-align: center;\">FRANCIA<\/p>\n<\/div><\/section><\/div><div  class='flex_column av-1goisql-c9ad3617e090ce37e79e2eb45c927e91 av_one_half  avia-builder-el-11  el_after_av_one_half  el_before_av_one_half  flex_column_div  column-top-margin'     ><section  class='av_textblock_section av-lozzr1uh-632e8ac460917c1ac341d00af70eb3ea '   itemscope=\"itemscope\" itemtype=\"https:\/\/schema.org\/CreativeWork\" ><div class='avia_textblock'  itemprop=\"text\" ><h4 style=\"text-align: center;\">WALLIX en M\u00fanich<\/h4>\n<p style=\"text-align: center;\">Prinzregentenstrasse 91<\/p>\n<p style=\"text-align: center;\">81677 M\u00dcNICH<\/p>\n<p style=\"text-align: center;\">ALEMANIA<\/p>\n<\/div><\/section><\/div><div  class='flex_column av-1cqpcfx-901df8f092db1e74913ea1ca669795f6 av_one_half  avia-builder-el-13  el_after_av_one_half  el_before_av_one_half  first flex_column_div  column-top-margin'     ><section  class='av_textblock_section av-lozztco2-3fc15ff585f30298ffb616d61f5395da '   itemscope=\"itemscope\" itemtype=\"https:\/\/schema.org\/CreativeWork\" ><div class='avia_textblock'  itemprop=\"text\" ><h4 style=\"text-align: center;\">WALLIX en Madrid<\/h4>\n<p style=\"text-align: center;\">Copenhague 12<\/p>\n<p style=\"text-align: center;\">28232 MADRID<\/p>\n<p style=\"text-align: center;\">ESPA\u00d1A<\/p>\n<\/div><\/section><\/div><div  class='flex_column av-lhl4nx-3b12b8469dfa42c40393bcb1a9f43a24 av_one_half  avia-builder-el-15  el_after_av_one_half  el_before_av_one_half  flex_column_div  column-top-margin'     ><section  class='av_textblock_section av-lozzvlgp-416fb51bcef3806835bbcd3e25461d69 '   itemscope=\"itemscope\" itemtype=\"https:\/\/schema.org\/CreativeWork\" ><div class='avia_textblock'  itemprop=\"text\" ><h4 style=\"text-align: center;\">WALLIX en Riad<\/h4>\n<p style=\"text-align: center;\">AlMalqa, carretera de Anas Bin Malik<\/p>\n<p style=\"text-align: center;\">Riad<\/p>\n<p style=\"text-align: center;\">ARABIA SAUDITA<\/p>\n<p style=\"text-align: center;\">Tel\u00e9fono: +966-500-031-337<\/p>\n<\/div><\/section><\/div><div  class='flex_column av-104wr5p-d9e683d6fd3008c6089ad14682992df9 av_one_half  avia-builder-el-17  el_after_av_one_half  el_before_av_one_half  first flex_column_div  column-top-margin'     ><section  class='av_textblock_section av-lp1dgyzm-5a46748f082d66bf90ae506541614e56 '   itemscope=\"itemscope\" itemtype=\"https:\/\/schema.org\/CreativeWork\" ><div class='avia_textblock'  itemprop=\"text\" ><h4 style=\"text-align: center;\">WALLIX en Dubai<\/h4>\n<p style=\"text-align: center;\">G-28, Edificio Techno Point,<\/p>\n<p style=\"text-align: center;\">Dubai Silicon Oasis, apartado de correos 341271,<\/p>\n<p style=\"text-align: center;\">Dubai, EAU<\/p>\n<\/div><\/section><\/div><div  class='flex_column av-vfci2l-297e3ca4f6491ee1b0e96a167b889c90 av_one_half  avia-builder-el-19  el_after_av_one_half  el_before_av_one_half  flex_column_div  column-top-margin'     ><section  class='av_textblock_section av-lp1dhyyq-172b95699e6c33a0dcd32cc1a1f0c1de '   itemscope=\"itemscope\" itemtype=\"https:\/\/schema.org\/CreativeWork\" ><div class='avia_textblock'  itemprop=\"text\" ><h4 style=\"text-align: center;\">WALLIX en Abiy\u00e1n<\/h4>\n<p style=\"text-align: center;\">SYSCAS, Angr\u00e9<\/p>\n<p style=\"text-align: center;\">7\u00e8me Tranche Cocody<\/p>\n<p style=\"text-align: center;\">06 BP 2517 Abiy\u00e1n 06<\/p>\n<p style=\"text-align: center;\">C\u00d4TE D&#8217;IVOIRE<\/p>\n<\/div><\/section><\/div><div  class='flex_column av-16sq5ml-b3daff1f2ddd8ab97cae1fd4fb4b9e42 av_one_half  avia-builder-el-21  el_after_av_one_half  el_before_av_one_half  first flex_column_div  column-top-margin'     ><section  class='av_textblock_section av-lp1dkh4e-5a06cb41521b8793a1ce156cbfba3bf2 '   itemscope=\"itemscope\" itemtype=\"https:\/\/schema.org\/CreativeWork\" ><div class='avia_textblock'  itemprop=\"text\" ><h4 style=\"text-align: center;\">WALLIX en Montreal<\/h4>\n<p style=\"text-align: center;\">MontrealCowork inc,<\/p>\n<p style=\"text-align: center;\">4388 St-Denis,<\/p>\n<p style=\"text-align: center;\">H2J 2L1, Montreal<\/p>\n<p style=\"text-align: center;\">CANAD\u00c1<\/p>\n<\/div><\/section><\/div><div  class='flex_column av-lr42cd-3d5747254d0aac2929435125ba0c221e av_one_half  avia-builder-el-23  el_after_av_one_half  el_before_av_hr  flex_column_div  column-top-margin'     ><section  class='av_textblock_section av-lp1dm2hn-3627b187e0953a4cc05b68c2eb514284 '   itemscope=\"itemscope\" itemtype=\"https:\/\/schema.org\/CreativeWork\" ><div class='avia_textblock'  itemprop=\"text\" ><h4 style=\"text-align: center;\">WALLIX en Nueva York<\/h4>\n<p style=\"text-align: center;\">Wallix US Corp,<\/p>\n<p style=\"text-align: center;\">C\/O ORCOM US 60 Broad St<\/p>\n<p style=\"text-align: center;\">Ste 3502, Nueva York, NY 10004<\/p>\n<p style=\"text-align: center;\">EE.UU.<\/p>\n<\/div><\/section><\/div>\n<style type=\"text\/css\" data-created_by=\"avia_inline_auto\" id=\"style-css-av-6vb8qm5-77c34b12d97d5720d1f34e94f5af488c\">\n#top .hr.hr-invisible.av-6vb8qm5-77c34b12d97d5720d1f34e94f5af488c{\nheight:50px;\n}\n<\/style>\n<div  class='hr av-6vb8qm5-77c34b12d97d5720d1f34e94f5af488c hr-invisible  avia-builder-el-25  el_after_av_one_half  el_before_av_gallery '><span class='hr-inner '><span class=\"hr-inner-style\"><\/span><\/span><\/div><br \/>\n<\/p>\n<\/div><\/div>\n<style type=\"text\/css\" data-created_by=\"avia_inline_auto\" id=\"style-css-av-5mu7zrx-bd5fbed091d7b7db1118a16a41630043\">\n.flex_cell.av-5mu7zrx-bd5fbed091d7b7db1118a16a41630043{\nvertical-align:top;\n}\n.responsive #top #wrap_all .flex_cell.av-5mu7zrx-bd5fbed091d7b7db1118a16a41630043{\npadding:30px 30px 30px 30px !important;\n}\n<\/style>\n<div class='flex_cell av-5mu7zrx-bd5fbed091d7b7db1118a16a41630043 av-gridrow-cell av_one_half no_margin  avia-builder-el-27  el_after_av_cell_one_half  avia-builder-el-last  content-align-top'  ><div class='flex_cell_inner'><p>\n<style type=\"text\/css\" data-created_by=\"avia_inline_auto\" id=\"style-css-av-54gvp0d-055c4a0fa0e939bdf471d77b836e3208\">\n#top .av-special-heading.av-54gvp0d-055c4a0fa0e939bdf471d77b836e3208{\npadding-bottom:10px;\nfont-size:40px;\n}\nbody .av-special-heading.av-54gvp0d-055c4a0fa0e939bdf471d77b836e3208 .av-special-heading-tag .heading-char{\nfont-size:25px;\n}\n#top #wrap_all .av-special-heading.av-54gvp0d-055c4a0fa0e939bdf471d77b836e3208 .av-special-heading-tag{\nfont-size:40px;\n}\n.av-special-heading.av-54gvp0d-055c4a0fa0e939bdf471d77b836e3208 .av-subheading{\nfont-size:15px;\n}\n\n@media only screen and (min-width: 480px) and (max-width: 767px){ \n#top #wrap_all .av-special-heading.av-54gvp0d-055c4a0fa0e939bdf471d77b836e3208 .av-special-heading-tag{\nfont-size:0.8em;\n}\n}\n\n@media only screen and (max-width: 479px){ \n#top #wrap_all .av-special-heading.av-54gvp0d-055c4a0fa0e939bdf471d77b836e3208 .av-special-heading-tag{\nfont-size:0.8em;\n}\n}\n<\/style>\n<div  class='av-special-heading av-54gvp0d-055c4a0fa0e939bdf471d77b836e3208 av-special-heading-h1 blockquote modern-quote modern-centered  avia-builder-el-28  el_before_av_hr  avia-builder-el-first  av-inherit-size'><h1 class='av-special-heading-tag '  itemprop=\"headline\"  >P\u00f3ngase en contacto<\/h1><div class=\"special-heading-border\"><div class=\"special-heading-inner-border\"><\/div><\/div><\/div><br \/>\n\n<style type=\"text\/css\" data-created_by=\"avia_inline_auto\" id=\"style-css-av-4xkdd3x-75da97d32e324d430dc860ca641f6159\">\n#top .hr.av-4xkdd3x-75da97d32e324d430dc860ca641f6159{\nmargin-top:40px;\nmargin-bottom:40px;\n}\n.hr.av-4xkdd3x-75da97d32e324d430dc860ca641f6159 .hr-inner{\nwidth:50px;\nborder-color:#000000;\n}\n<\/style>\n<div  class='hr av-4xkdd3x-75da97d32e324d430dc860ca641f6159 hr-custom  avia-builder-el-29  el_after_av_heading  el_before_av_codeblock  hr-center hr-icon-no'><span class='hr-inner inner-border-av-border-fat'><span class=\"hr-inner-style\"><\/span><\/span><\/div><br \/>\n<\/p>\n<\/div><\/div><\/div><div  id=\"map\"  class='av_gmaps_sc_main_wrap av_gmaps_main_wrap '><div id='av_gmap_0' class='avia-google-map-container avia-google-map-sc av_gmaps_show_unconditionally av-no-fallback-img ' data-mapid='av_gmap_0'  style='height: 700px;'><a class=\"av_gmaps_browser_disabled av_text_confirm_link av_text_confirm_link_visible\" href=\"https:\/\/www.google.com\/maps\/search\/?api=1&#038;query=250%20bis,%20rue%20du%20Faubourg%20Saint-Honor\u00e9%20%2075008%20%20PAR\u00cdS%20%20%20%20FRANCIA\" target=\"_blank\">Maps were disabled by the visitor on this site. Click to open the map in a new window.<\/a><\/div><\/div><\/p>\n","protected":false},"excerpt":{"rendered":"","protected":false},"author":3,"featured_media":0,"parent":41849,"menu_order":0,"comment_status":"closed","ping_status":"closed","template":"","meta":{"_acf_changed":false,"content-type":"","inline_featured_image":false,"footnotes":""},"class_list":["post-41486","page","type-page","status-publish","hentry"],"acf":[],"yoast_head":"<!-- This site is optimized with the Yoast SEO plugin v26.9 - https:\/\/yoast.com\/product\/yoast-seo-wordpress\/ -->\n<title>Contactanos - WALLIX<\/title>\n<meta name=\"description\" content=\"Ponte en contacto con WALLIX. Visita nuestra p\u00e1gina de contacto para comunicarte con nuestro equipo para consultas, soporte o m\u00e1s informaci\u00f3n sobre nuestras soluciones.\" \/>\n<meta name=\"robots\" content=\"index, follow, max-snippet:-1, max-image-preview:large, max-video-preview:-1\" \/>\n<link rel=\"canonical\" href=\"https:\/\/www.wallix.com\/es\/empresa\/contactanos\/\" \/>\n<meta property=\"og:locale\" content=\"es_ES\" \/>\n<meta property=\"og:type\" content=\"article\" \/>\n<meta property=\"og:title\" content=\"Contactanos - WALLIX\" \/>\n<meta property=\"og:description\" content=\"Ponte en contacto con WALLIX. Visita nuestra p\u00e1gina de contacto para comunicarte con nuestro equipo para consultas, soporte o m\u00e1s informaci\u00f3n sobre nuestras soluciones.\" \/>\n<meta property=\"og:url\" content=\"https:\/\/www.wallix.com\/es\/empresa\/contactanos\/\" \/>\n<meta property=\"og:site_name\" content=\"WALLIX\" \/>\n<meta property=\"article:modified_time\" content=\"2026-03-11T16:56:38+00:00\" \/>\n<meta name=\"twitter:card\" content=\"summary_large_image\" \/>\n<meta name=\"twitter:site\" content=\"@wallixcom\" \/>\n<meta name=\"twitter:label1\" content=\"Tiempo de lectura\" \/>\n\t<meta name=\"twitter:data1\" content=\"1 minuto\" \/>\n<script type=\"application\/ld+json\" class=\"yoast-schema-graph\">{\"@context\":\"https:\/\/schema.org\",\"@graph\":[{\"@type\":\"WebPage\",\"@id\":\"https:\/\/www.wallix.com\/es\/empresa\/contactanos\/\",\"url\":\"https:\/\/www.wallix.com\/es\/empresa\/contactanos\/\",\"name\":\"Contactanos - WALLIX\",\"isPartOf\":{\"@id\":\"https:\/\/www.wallix.com\/es\/#website\"},\"datePublished\":\"2024-01-23T13:03:47+00:00\",\"dateModified\":\"2026-03-11T16:56:38+00:00\",\"description\":\"Ponte en contacto con WALLIX. Visita nuestra p\u00e1gina de contacto para comunicarte con nuestro equipo para consultas, soporte o m\u00e1s informaci\u00f3n sobre nuestras soluciones.\",\"breadcrumb\":{\"@id\":\"https:\/\/www.wallix.com\/es\/empresa\/contactanos\/#breadcrumb\"},\"inLanguage\":\"es\",\"potentialAction\":[{\"@type\":\"ReadAction\",\"target\":[\"https:\/\/www.wallix.com\/es\/empresa\/contactanos\/\"]}]},{\"@type\":\"BreadcrumbList\",\"@id\":\"https:\/\/www.wallix.com\/es\/empresa\/contactanos\/#breadcrumb\",\"itemListElement\":[{\"@type\":\"ListItem\",\"position\":1,\"name\":\"EMPRESA\",\"item\":\"https:\/\/www.wallix.com\/es\/empresa\/\"},{\"@type\":\"ListItem\",\"position\":2,\"name\":\"Contactanos\"}]},{\"@type\":\"WebSite\",\"@id\":\"https:\/\/www.wallix.com\/es\/#website\",\"url\":\"https:\/\/www.wallix.com\/es\/\",\"name\":\"WALLIX\",\"description\":\"CYBERSECURITY SIMPLIFIED\",\"publisher\":{\"@id\":\"https:\/\/www.wallix.com\/es\/#organization\"},\"potentialAction\":[{\"@type\":\"SearchAction\",\"target\":{\"@type\":\"EntryPoint\",\"urlTemplate\":\"https:\/\/www.wallix.com\/es\/?s={search_term_string}\"},\"query-input\":{\"@type\":\"PropertyValueSpecification\",\"valueRequired\":true,\"valueName\":\"search_term_string\"}}],\"inLanguage\":\"es\"},{\"@type\":\"Organization\",\"@id\":\"https:\/\/www.wallix.com\/es\/#organization\",\"name\":\"WALLIX\",\"url\":\"https:\/\/www.wallix.com\/es\/\",\"logo\":{\"@type\":\"ImageObject\",\"inLanguage\":\"es\",\"@id\":\"https:\/\/www.wallix.com\/es\/#\/schema\/logo\/image\/\",\"url\":\"https:\/\/www.wallix.com\/wp-content\/uploads\/2024\/03\/LOGO_WALLIX_2024_blackorange.png\",\"contentUrl\":\"https:\/\/www.wallix.com\/wp-content\/uploads\/2024\/03\/LOGO_WALLIX_2024_blackorange.png\",\"width\":3108,\"height\":827,\"caption\":\"WALLIX\"},\"image\":{\"@id\":\"https:\/\/www.wallix.com\/es\/#\/schema\/logo\/image\/\"},\"sameAs\":[\"https:\/\/x.com\/wallixcom\",\"https:\/\/www.linkedin.com\/company\/wallix\/\",\"https:\/\/www.youtube.com\/wallix\"]}]}<\/script>\n<!-- \/ Yoast SEO plugin. -->","yoast_head_json":{"title":"Contactanos - WALLIX","description":"Ponte en contacto con WALLIX. Visita nuestra p\u00e1gina de contacto para comunicarte con nuestro equipo para consultas, soporte o m\u00e1s informaci\u00f3n sobre nuestras soluciones.","robots":{"index":"index","follow":"follow","max-snippet":"max-snippet:-1","max-image-preview":"max-image-preview:large","max-video-preview":"max-video-preview:-1"},"canonical":"https:\/\/www.wallix.com\/es\/empresa\/contactanos\/","og_locale":"es_ES","og_type":"article","og_title":"Contactanos - WALLIX","og_description":"Ponte en contacto con WALLIX. Visita nuestra p\u00e1gina de contacto para comunicarte con nuestro equipo para consultas, soporte o m\u00e1s informaci\u00f3n sobre nuestras soluciones.","og_url":"https:\/\/www.wallix.com\/es\/empresa\/contactanos\/","og_site_name":"WALLIX","article_modified_time":"2026-03-11T16:56:38+00:00","twitter_card":"summary_large_image","twitter_site":"@wallixcom","twitter_misc":{"Tiempo de lectura":"1 minuto"},"schema":{"@context":"https:\/\/schema.org","@graph":[{"@type":"WebPage","@id":"https:\/\/www.wallix.com\/es\/empresa\/contactanos\/","url":"https:\/\/www.wallix.com\/es\/empresa\/contactanos\/","name":"Contactanos - WALLIX","isPartOf":{"@id":"https:\/\/www.wallix.com\/es\/#website"},"datePublished":"2024-01-23T13:03:47+00:00","dateModified":"2026-03-11T16:56:38+00:00","description":"Ponte en contacto con WALLIX. Visita nuestra p\u00e1gina de contacto para comunicarte con nuestro equipo para consultas, soporte o m\u00e1s informaci\u00f3n sobre nuestras soluciones.","breadcrumb":{"@id":"https:\/\/www.wallix.com\/es\/empresa\/contactanos\/#breadcrumb"},"inLanguage":"es","potentialAction":[{"@type":"ReadAction","target":["https:\/\/www.wallix.com\/es\/empresa\/contactanos\/"]}]},{"@type":"BreadcrumbList","@id":"https:\/\/www.wallix.com\/es\/empresa\/contactanos\/#breadcrumb","itemListElement":[{"@type":"ListItem","position":1,"name":"EMPRESA","item":"https:\/\/www.wallix.com\/es\/empresa\/"},{"@type":"ListItem","position":2,"name":"Contactanos"}]},{"@type":"WebSite","@id":"https:\/\/www.wallix.com\/es\/#website","url":"https:\/\/www.wallix.com\/es\/","name":"WALLIX","description":"CYBERSECURITY SIMPLIFIED","publisher":{"@id":"https:\/\/www.wallix.com\/es\/#organization"},"potentialAction":[{"@type":"SearchAction","target":{"@type":"EntryPoint","urlTemplate":"https:\/\/www.wallix.com\/es\/?s={search_term_string}"},"query-input":{"@type":"PropertyValueSpecification","valueRequired":true,"valueName":"search_term_string"}}],"inLanguage":"es"},{"@type":"Organization","@id":"https:\/\/www.wallix.com\/es\/#organization","name":"WALLIX","url":"https:\/\/www.wallix.com\/es\/","logo":{"@type":"ImageObject","inLanguage":"es","@id":"https:\/\/www.wallix.com\/es\/#\/schema\/logo\/image\/","url":"https:\/\/www.wallix.com\/wp-content\/uploads\/2024\/03\/LOGO_WALLIX_2024_blackorange.png","contentUrl":"https:\/\/www.wallix.com\/wp-content\/uploads\/2024\/03\/LOGO_WALLIX_2024_blackorange.png","width":3108,"height":827,"caption":"WALLIX"},"image":{"@id":"https:\/\/www.wallix.com\/es\/#\/schema\/logo\/image\/"},"sameAs":["https:\/\/x.com\/wallixcom","https:\/\/www.linkedin.com\/company\/wallix\/","https:\/\/www.youtube.com\/wallix"]}]}},"_links":{"self":[{"href":"https:\/\/www.wallix.com\/es\/wp-json\/wp\/v2\/pages\/41486","targetHints":{"allow":["GET"]}}],"collection":[{"href":"https:\/\/www.wallix.com\/es\/wp-json\/wp\/v2\/pages"}],"about":[{"href":"https:\/\/www.wallix.com\/es\/wp-json\/wp\/v2\/types\/page"}],"author":[{"embeddable":true,"href":"https:\/\/www.wallix.com\/es\/wp-json\/wp\/v2\/users\/3"}],"replies":[{"embeddable":true,"href":"https:\/\/www.wallix.com\/es\/wp-json\/wp\/v2\/comments?post=41486"}],"version-history":[{"count":22,"href":"https:\/\/www.wallix.com\/es\/wp-json\/wp\/v2\/pages\/41486\/revisions"}],"predecessor-version":[{"id":85541,"href":"https:\/\/www.wallix.com\/es\/wp-json\/wp\/v2\/pages\/41486\/revisions\/85541"}],"up":[{"embeddable":true,"href":"https:\/\/www.wallix.com\/es\/wp-json\/wp\/v2\/pages\/41849"}],"wp:attachment":[{"href":"https:\/\/www.wallix.com\/es\/wp-json\/wp\/v2\/media?parent=41486"}],"curies":[{"name":"wp","href":"https:\/\/api.w.org\/{rel}","templated":true}]}}