{"id":76200,"date":"2025-08-06T16:32:12","date_gmt":"2025-08-06T15:32:12","guid":{"rendered":"https:\/\/www.wallix.com\/loesungen\/loesungen-nach-anwendungsfall\/"},"modified":"2025-12-19T13:52:04","modified_gmt":"2025-12-19T12:52:04","slug":"loesungen-nach-anwendungsfall","status":"publish","type":"page","link":"https:\/\/www.wallix.com\/de\/loesungen\/loesungen-nach-anwendungsfall\/","title":{"rendered":"L\u00f6sungen nach Anwendungsfall"},"content":{"rendered":"\n<style type=\"text\/css\" data-created_by=\"avia_inline_auto\" id=\"style-css-av-1frmj7y-d68e2ec867bc282687ecbd25910cd498\">\n.avia-section.av-1frmj7y-d68e2ec867bc282687ecbd25910cd498{\nbackground-color:#ffffff;\nbackground-image:unset;\n}\n.avia-section.av-1frmj7y-d68e2ec867bc282687ecbd25910cd498 .av-extra-border-element .av-extra-border-inner{\nbackground-color:#ffffff;\n}\n<\/style>\n<div id='av_section_1'  class='avia-section av-1frmj7y-d68e2ec867bc282687ecbd25910cd498 main_color avia-section-default avia-no-border-styling  avia-builder-el-0  avia-builder-el-no-sibling  avia-bg-style-scroll av-arrow-down-section container_wrap fullsize'  ><div class='container av-section-cont-open' ><main  role=\"main\" itemprop=\"mainContentOfPage\"  class='template-page content  av-content-full alpha units'><div class='post-entry post-entry-type-page post-entry-76200'><div class='entry-content-wrapper clearfix'>\n\n<style type=\"text\/css\" data-created_by=\"avia_inline_auto\" id=\"style-css-av-3mdexa-c3574e5d215bb1d00c13a23bd0b200cd\">\n#top .av-special-heading.av-3mdexa-c3574e5d215bb1d00c13a23bd0b200cd{\npadding-bottom:20px;\ncolor:#172542;\nfont-size:37px;\n}\nbody .av-special-heading.av-3mdexa-c3574e5d215bb1d00c13a23bd0b200cd .av-special-heading-tag .heading-char{\nfont-size:25px;\n}\n#top #wrap_all .av-special-heading.av-3mdexa-c3574e5d215bb1d00c13a23bd0b200cd .av-special-heading-tag{\nfont-size:37px;\npadding:0 0 0 0;\n}\n.av-special-heading.av-3mdexa-c3574e5d215bb1d00c13a23bd0b200cd .special-heading-inner-border{\nborder-color:#172542;\n}\n.av-special-heading.av-3mdexa-c3574e5d215bb1d00c13a23bd0b200cd .av-subheading{\nfont-size:24px;\ncolor:#172542;\n}\n\n@media only screen and (min-width: 480px) and (max-width: 767px){ \n#top #wrap_all .av-special-heading.av-3mdexa-c3574e5d215bb1d00c13a23bd0b200cd .av-special-heading-tag{\nfont-size:0.8em;\n}\n}\n\n@media only screen and (max-width: 479px){ \n#top #wrap_all .av-special-heading.av-3mdexa-c3574e5d215bb1d00c13a23bd0b200cd .av-special-heading-tag{\nfont-size:0.8em;\n}\n}\n<\/style>\n<div  class='av-special-heading av-3mdexa-c3574e5d215bb1d00c13a23bd0b200cd av-special-heading-h3 custom-color-heading blockquote modern-quote modern-centered  avia-builder-el-1  el_before_av_masonry_gallery  avia-builder-el-no-sibling  av-inherit-size'><h3 class='av-special-heading-tag '  itemprop=\"headline\"  >L\u00f6sungen nach Anwendungsfall<\/h3><div class=\"special-heading-border\"><div class=\"special-heading-inner-border\"><\/div><\/div><\/div>\n<div id='av-masonry-1' class='av-masonry av-jxl8vi-862b1348af93eef68d77a16011e9891e noHover av-fixed-size av-large-gap av-hover-overlay-active av-masonry-animation-active av-masonry-col-3 av-caption-on-hover-hide av-caption-style-overlay av-masonry-gallery av-orientation-square ' data-post_id=\"76200\"><div class=\"av-masonry-container isotope av-js-disabled\"><div class='av-masonry-entry isotope-item av-masonry-item-no-image '><\/div><a href=\"https:\/\/www.wallix.com\/de\/loesungen\/zugang-durch-dritte\/ \"  aria-label=\"Bild ZUGANG DURCH DRITTE\"  target=\"_blank\" rel=\"noopener noreferrer\" id='av-masonry-1-item-38192' data-av-masonry-item='38192' class='av-masonry-entry isotope-item post-38192 attachment type-attachment status-inherit hentry  av-masonry-item-with-image' title=\"ZUGANG DURCH DRITTE\" alt=\"Photograph or graphic showing secure remote access interactions.\nUsed to visually represent WALLIX\u2019s technology for securing and controlling remote access by external vendors, partners, and contractors to corporate IT and infrastructure.\"  data-av-masonry-custom-link=\"https:\/\/www.wallix.com\/de\/loesungen\/zugang-durch-dritte\/%20\"  itemprop=\"thumbnailUrl\" ><div class='av-inner-masonry-sizer'><\/div><figure class='av-inner-masonry main_color'><div class=\"av-masonry-outerimage-container\"><div class='av-masonry-image-container' style=\"background-image: url(https:\/\/www.wallix.com\/wp-content\/uploads\/2023\/12\/third_party_access-705x470.jpeg);\"  title=\"ZUGANG DURCH DRITTE\" ><\/div><\/div><figcaption class='av-inner-masonry-content site-background'><div class='av-inner-masonry-content-pos'><div class='av-inner-masonry-content-pos-content'><div class='avia-arrow'><\/div><h3 class='av-masonry-entry-title entry-title '  itemprop=\"headline\" >ZUGANG DURCH DRITTE<\/h3><\/div><\/div><\/figcaption><\/figure><\/a><!--end av-masonry entry--><a href=\"https:\/\/www.wallix.com\/de\/loesungen\/audit-compliance\/ \"  aria-label=\"Bild AUDIT UND COMPLIANCE\"  target=\"_blank\" rel=\"noopener noreferrer\" id='av-masonry-1-item-32614' data-av-masonry-item='32614' class='av-masonry-entry isotope-item post-32614 attachment type-attachment status-inherit hentry  av-masonry-item-with-image' title=\"AUDIT UND COMPLIANCE\" alt=\"Illustrative graphic representing audit and compliance processes on a WALLIX page, highlighting structured cybersecurity governance, regulatory adherence, and secure identity access practices.\"  data-av-masonry-custom-link=\"https:\/\/www.wallix.com\/de\/loesungen\/audit-compliance\/%20\"  itemprop=\"thumbnailUrl\" ><div class='av-inner-masonry-sizer'><\/div><figure class='av-inner-masonry main_color'><div class=\"av-masonry-outerimage-container\"><div class='av-masonry-image-container' style=\"background-image: url(https:\/\/www.wallix.com\/wp-content\/uploads\/2023\/10\/audit_compliance-705x470.jpeg);\"  title=\"AUDIT UND COMPLIANCE\" ><\/div><\/div><figcaption class='av-inner-masonry-content site-background'><div class='av-inner-masonry-content-pos'><div class='av-inner-masonry-content-pos-content'><div class='avia-arrow'><\/div><h3 class='av-masonry-entry-title entry-title '  itemprop=\"headline\" >AUDIT UND COMPLIANCE<\/h3><\/div><\/div><\/figcaption><\/figure><\/a><!--end av-masonry entry--><a href=\"https:\/\/www.wallix.com\/de\/loesungen\/zero-trust\/ \"  aria-label=\"Bild ZERO TRUST\"  target=\"_blank\" rel=\"noopener noreferrer\" id='av-masonry-1-item-33540' data-av-masonry-item='33540' class='av-masonry-entry isotope-item post-33540 attachment type-attachment status-inherit hentry  av-masonry-item-with-image' title=\"ZERO TRUST\" alt=\"Illustrative graphic representing the Zero Trust cybersecurity model on a WALLIX page, highlighting key principles of identity\u2011centric access control and continuous verification to protect critical systems and data.\"  data-av-masonry-custom-link=\"https:\/\/www.wallix.com\/de\/loesungen\/zero-trust\/%20\"  itemprop=\"thumbnailUrl\" ><div class='av-inner-masonry-sizer'><\/div><figure class='av-inner-masonry main_color'><div class=\"av-masonry-outerimage-container\"><div class='av-masonry-image-container' style=\"background-image: url(https:\/\/www.wallix.com\/wp-content\/uploads\/2023\/11\/zerotrust-705x397.jpeg);\"  title=\"ZERO TRUST\" ><\/div><\/div><figcaption class='av-inner-masonry-content site-background'><div class='av-inner-masonry-content-pos'><div class='av-inner-masonry-content-pos-content'><div class='avia-arrow'><\/div><h3 class='av-masonry-entry-title entry-title '  itemprop=\"headline\" >ZERO TRUST<\/h3><\/div><\/div><\/figcaption><\/figure><\/a><!--end av-masonry entry--><a href=\"https:\/\/www.wallix.com\/de\/loesungen\/cyber-versicherung\/ \"  aria-label=\"Bild CYBER-VERSICHERUNG\"  target=\"_blank\" rel=\"noopener noreferrer\" id='av-masonry-1-item-35471' data-av-masonry-item='35471' class='av-masonry-entry isotope-item post-35471 attachment type-attachment status-inherit hentry  av-masonry-item-with-image' title=\"CYBER-VERSICHERUNG\" alt=\"woman hands holding world of global network and data customer co\"  data-av-masonry-custom-link=\"https:\/\/www.wallix.com\/de\/loesungen\/cyber-versicherung\/%20\"  itemprop=\"thumbnailUrl\" ><div class='av-inner-masonry-sizer'><\/div><figure class='av-inner-masonry main_color'><div class=\"av-masonry-outerimage-container\"><div class='av-masonry-image-container' style=\"background-image: url(https:\/\/www.wallix.com\/wp-content\/uploads\/2023\/11\/cyberassurance-705x470.jpeg);\"  title=\"CYBER-VERSICHERUNG\" ><\/div><\/div><figcaption class='av-inner-masonry-content site-background'><div class='av-inner-masonry-content-pos'><div class='av-inner-masonry-content-pos-content'><div class='avia-arrow'><\/div><h3 class='av-masonry-entry-title entry-title '  itemprop=\"headline\" >CYBER-VERSICHERUNG<\/h3><\/div><\/div><\/figcaption><\/figure><\/a><!--end av-masonry entry--><a href=\"https:\/\/www.wallix.com\/de\/loesungen\/insider-bedrohungen\/ \"  aria-label=\"Bild INSIDER-BEDROHUNGEN\"  target=\"_blank\" rel=\"noopener noreferrer\" id='av-masonry-1-item-37480' data-av-masonry-item='37480' class='av-masonry-entry isotope-item post-37480 attachment type-attachment status-inherit hentry  av-masonry-item-with-image' title=\"INSIDER-BEDROHUNGEN\" alt=\"Illustration likely depicting internal or insider threats such as malicious or negligent actors within an organization compromising security.\nUsed on the WALLIX Inside\/Internal Threats page to visually reinforce content about detecting and mitigating risks posed by users\"  data-av-masonry-custom-link=\"https:\/\/www.wallix.com\/de\/loesungen\/insider-bedrohungen\/%20\"  itemprop=\"thumbnailUrl\" ><div class='av-inner-masonry-sizer'><\/div><figure class='av-inner-masonry main_color'><div class=\"av-masonry-outerimage-container\"><div class='av-masonry-image-container' style=\"background-image: url(https:\/\/www.wallix.com\/wp-content\/uploads\/2023\/12\/Inside-Threats-1-705x470.jpeg);\"  title=\"INSIDER-BEDROHUNGEN\" ><\/div><\/div><figcaption class='av-inner-masonry-content site-background'><div class='av-inner-masonry-content-pos'><div class='av-inner-masonry-content-pos-content'><div class='avia-arrow'><\/div><h3 class='av-masonry-entry-title entry-title '  itemprop=\"headline\" >INSIDER-BEDROHUNGEN<\/h3><\/div><\/div><\/figcaption><\/figure><\/a><!--end av-masonry entry--><a href=\"https:\/\/www.wallix.com\/de\/loesungen\/wirtschaftlichkeit\/ \"  aria-label=\"Bild WIRTSCHAFTLICHKEIT\"  target=\"_blank\" rel=\"noopener noreferrer\" id='av-masonry-1-item-41286' data-av-masonry-item='41286' class='av-masonry-entry isotope-item post-41286 attachment type-attachment status-inherit hentry  av-masonry-item-with-image' title=\"WIRTSCHAFTLICHKEIT\" alt=\"Abstract high\u2011quality stock photo likely showing professionals or business environment with blurred background and dynamic composition, suggesting modern workplace or digital collaboration.\nUsed on the WALLIX page to visually support content about secure enterprise operations, productivity, and cybersecurity solutions.\"  data-av-masonry-custom-link=\"https:\/\/www.wallix.com\/de\/loesungen\/wirtschaftlichkeit\/%20\"  itemprop=\"thumbnailUrl\" ><div class='av-inner-masonry-sizer'><\/div><figure class='av-inner-masonry main_color'><div class=\"av-masonry-outerimage-container\"><div class='av-masonry-image-container' style=\"background-image: url(https:\/\/www.wallix.com\/wp-content\/uploads\/2023\/12\/AdobeStock_636589753-1-705x328.jpeg);\"  title=\"WIRTSCHAFTLICHKEIT\" ><\/div><\/div><figcaption class='av-inner-masonry-content site-background'><div class='av-inner-masonry-content-pos'><div class='av-inner-masonry-content-pos-content'><div class='avia-arrow'><\/div><h3 class='av-masonry-entry-title entry-title '  itemprop=\"headline\" >WIRTSCHAFTLICHKEIT<\/h3><\/div><\/div><\/figcaption><\/figure><\/a><!--end av-masonry entry--><a href=\"https:\/\/www.wallix.com\/de\/loesungen\/betrug\/ \"  aria-label=\"Bild BETRUG\"  target=\"_blank\" rel=\"noopener noreferrer\" id='av-masonry-1-item-37845' data-av-masonry-item='37845' class='av-masonry-entry isotope-item post-37845 attachment type-attachment status-inherit hentry  av-masonry-item-with-image' title=\"BETRUG\" alt=\"hand entering credit card data on a device screen under suspicious circumstances, representing digital fraud and cybersecurity risk.\nUsed on the WALLIX page to visually reinforce the topic of fraud prevention and unauthorized transactions as part of identity and access security solutions.\"  data-av-masonry-custom-link=\"https:\/\/www.wallix.com\/de\/loesungen\/betrug\/%20\"  itemprop=\"thumbnailUrl\" ><div class='av-inner-masonry-sizer'><\/div><figure class='av-inner-masonry main_color'><div class=\"av-masonry-outerimage-container\"><div class='av-masonry-image-container' style=\"background-image: url(https:\/\/www.wallix.com\/wp-content\/uploads\/2023\/12\/AdobeStock_99799056-705x471.jpeg);\"  title=\"BETRUG\" ><\/div><\/div><figcaption class='av-inner-masonry-content site-background'><div class='av-inner-masonry-content-pos'><div class='av-inner-masonry-content-pos-content'><div class='avia-arrow'><\/div><h3 class='av-masonry-entry-title entry-title '  itemprop=\"headline\" >BETRUG<\/h3><\/div><\/div><\/figcaption><\/figure><\/a><!--end av-masonry entry--><a href=\"https:\/\/www.wallix.com\/de\/loesungen\/digitaler-wandel\/ \"  aria-label=\"Bild DIGITALER WANDEL\"  target=\"_blank\" rel=\"noopener noreferrer\" id='av-masonry-1-item-32046' data-av-masonry-item='32046' class='av-masonry-entry isotope-item post-32046 attachment type-attachment status-inherit hentry  av-masonry-item-with-image' title=\"DIGITALER WANDEL\" alt=\"\"  data-av-masonry-custom-link=\"https:\/\/www.wallix.com\/de\/loesungen\/digitaler-wandel\/%20\"  itemprop=\"thumbnailUrl\" ><div class='av-inner-masonry-sizer'><\/div><figure class='av-inner-masonry main_color'><div class=\"av-masonry-outerimage-container\"><div class='av-masonry-image-container' style=\"background-image: url(https:\/\/www.wallix.com\/wp-content\/uploads\/2023\/10\/digital_trans-705x249.jpeg);\"  title=\"DIGITALER WANDEL\" ><\/div><\/div><figcaption class='av-inner-masonry-content site-background'><div class='av-inner-masonry-content-pos'><div class='av-inner-masonry-content-pos-content'><div class='avia-arrow'><\/div><h3 class='av-masonry-entry-title entry-title '  itemprop=\"headline\" >DIGITALER WANDEL<\/h3><\/div><\/div><\/figcaption><\/figure><\/a><!--end av-masonry entry--><a href=\"https:\/\/www.wallix.com\/de\/loesungen\/devops\/ \"  aria-label=\"Bild SICHERE DEVOPS\"  target=\"_blank\" rel=\"noopener noreferrer\" id='av-masonry-1-item-32779' data-av-masonry-item='32779' class='av-masonry-entry isotope-item post-32779 attachment type-attachment status-inherit hentry  av-masonry-item-with-image' title=\"SICHERE DEVOPS\" alt=\"Illustrative DevOps\u2011themed graphic on a WALLIX page, emphasizing secure development and operations integration with identity and access management for resilient, agile digital workflows.\"  data-av-masonry-custom-link=\"https:\/\/www.wallix.com\/de\/loesungen\/devops\/%20\"  itemprop=\"thumbnailUrl\" ><div class='av-inner-masonry-sizer'><\/div><figure class='av-inner-masonry main_color'><div class=\"av-masonry-outerimage-container\"><div class='av-masonry-image-container' style=\"background-image: url(https:\/\/www.wallix.com\/wp-content\/uploads\/2023\/11\/devops-705x380.jpeg);\"  title=\"SICHERE DEVOPS\" ><\/div><\/div><figcaption class='av-inner-masonry-content site-background'><div class='av-inner-masonry-content-pos'><div class='av-inner-masonry-content-pos-content'><div class='avia-arrow'><\/div><h3 class='av-masonry-entry-title entry-title '  itemprop=\"headline\" >SICHERE DEVOPS<\/h3><\/div><\/div><\/figcaption><\/figure><\/a><!--end av-masonry entry--><div id='av-masonry-1-item-40329' data-av-masonry-item='40329' class='av-masonry-entry isotope-item post-40329 attachment type-attachment status-inherit hentry  av-masonry-item-with-image'    itemprop=\"thumbnailUrl\" ><div class='av-inner-masonry-sizer'><\/div><figure class='av-inner-masonry main_color'><div class=\"av-masonry-outerimage-container\"><div class='av-masonry-image-container' style=\"background-image: url(https:\/\/www.wallix.com\/wp-content\/uploads\/2024\/01\/OT-705x470.jpeg);\"  title=\"OT SECURITY\" ><\/div><\/div><figcaption class='av-inner-masonry-content site-background'><div class='av-inner-masonry-content-pos'><div class='av-inner-masonry-content-pos-content'><div class='avia-arrow'><\/div><h3 class='av-masonry-entry-title entry-title '  itemprop=\"headline\" >OT SECURITY<\/h3><\/div><\/div><\/figcaption><\/figure><\/div><!--end av-masonry entry--><\/div><\/div>\n\n","protected":false},"excerpt":{"rendered":"","protected":false},"author":3,"featured_media":0,"parent":41682,"menu_order":0,"comment_status":"closed","ping_status":"closed","template":"","meta":{"_acf_changed":false,"content-type":"","inline_featured_image":false,"footnotes":""},"class_list":["post-76200","page","type-page","status-publish","hentry"],"acf":[],"yoast_head":"<!-- This site is optimized with the Yoast SEO plugin v27.3 - https:\/\/yoast.com\/product\/yoast-seo-wordpress\/ -->\n<title>L\u00f6sungen nach Anwendungsfall - WALLIX<\/title>\n<meta name=\"description\" content=\"Entdecken Sie Wallix-Cybersicherheitsl\u00f6sungen nach Anwendungsfall betriebliche Effizienz und OT-Sicherheit f\u00fcr zentrale Unternehmensanforderungen.\" \/>\n<meta name=\"robots\" content=\"index, follow, max-snippet:-1, max-image-preview:large, max-video-preview:-1\" \/>\n<link rel=\"canonical\" href=\"https:\/\/www.wallix.com\/de\/loesungen\/loesungen-nach-anwendungsfall\/\" \/>\n<meta property=\"og:locale\" content=\"de_DE\" \/>\n<meta property=\"og:type\" content=\"article\" \/>\n<meta property=\"og:title\" content=\"L\u00f6sungen nach Anwendungsfall - WALLIX\" \/>\n<meta property=\"og:description\" content=\"Entdecken Sie Wallix-Cybersicherheitsl\u00f6sungen nach Anwendungsfall betriebliche Effizienz und OT-Sicherheit f\u00fcr zentrale Unternehmensanforderungen.\" \/>\n<meta property=\"og:url\" content=\"https:\/\/www.wallix.com\/de\/loesungen\/loesungen-nach-anwendungsfall\/\" \/>\n<meta property=\"og:site_name\" content=\"WALLIX\" \/>\n<meta property=\"article:modified_time\" content=\"2025-12-19T12:52:04+00:00\" \/>\n<meta name=\"twitter:card\" content=\"summary_large_image\" \/>\n<meta name=\"twitter:site\" content=\"@wallixcom\" \/>\n<meta name=\"twitter:label1\" content=\"Gesch\u00e4tzte Lesezeit\" \/>\n\t<meta name=\"twitter:data1\" content=\"1\u00a0Minute\" \/>\n<script type=\"application\/ld+json\" class=\"yoast-schema-graph\">{\"@context\":\"https:\\\/\\\/schema.org\",\"@graph\":[{\"@type\":\"WebPage\",\"@id\":\"https:\\\/\\\/www.wallix.com\\\/de\\\/loesungen\\\/loesungen-nach-anwendungsfall\\\/\",\"url\":\"https:\\\/\\\/www.wallix.com\\\/de\\\/loesungen\\\/loesungen-nach-anwendungsfall\\\/\",\"name\":\"L\u00f6sungen nach Anwendungsfall - WALLIX\",\"isPartOf\":{\"@id\":\"https:\\\/\\\/www.wallix.com\\\/de\\\/#website\"},\"datePublished\":\"2025-08-06T15:32:12+00:00\",\"dateModified\":\"2025-12-19T12:52:04+00:00\",\"description\":\"Entdecken Sie Wallix-Cybersicherheitsl\u00f6sungen nach Anwendungsfall betriebliche Effizienz und OT-Sicherheit f\u00fcr zentrale Unternehmensanforderungen.\",\"breadcrumb\":{\"@id\":\"https:\\\/\\\/www.wallix.com\\\/de\\\/loesungen\\\/loesungen-nach-anwendungsfall\\\/#breadcrumb\"},\"inLanguage\":\"de\",\"potentialAction\":[{\"@type\":\"ReadAction\",\"target\":[\"https:\\\/\\\/www.wallix.com\\\/de\\\/loesungen\\\/loesungen-nach-anwendungsfall\\\/\"]}]},{\"@type\":\"BreadcrumbList\",\"@id\":\"https:\\\/\\\/www.wallix.com\\\/de\\\/loesungen\\\/loesungen-nach-anwendungsfall\\\/#breadcrumb\",\"itemListElement\":[{\"@type\":\"ListItem\",\"position\":1,\"name\":\"L\u00d6SUNGEN\",\"item\":\"https:\\\/\\\/www.wallix.com\\\/de\\\/loesungen\\\/\"},{\"@type\":\"ListItem\",\"position\":2,\"name\":\"L\u00f6sungen nach Anwendungsfall\"}]},{\"@type\":\"WebSite\",\"@id\":\"https:\\\/\\\/www.wallix.com\\\/de\\\/#website\",\"url\":\"https:\\\/\\\/www.wallix.com\\\/de\\\/\",\"name\":\"WALLIX\",\"description\":\"CYBERSECURITY SIMPLIFIED\",\"publisher\":{\"@id\":\"https:\\\/\\\/www.wallix.com\\\/de\\\/#organization\"},\"potentialAction\":[{\"@type\":\"SearchAction\",\"target\":{\"@type\":\"EntryPoint\",\"urlTemplate\":\"https:\\\/\\\/www.wallix.com\\\/de\\\/?s={search_term_string}\"},\"query-input\":{\"@type\":\"PropertyValueSpecification\",\"valueRequired\":true,\"valueName\":\"search_term_string\"}}],\"inLanguage\":\"de\"},{\"@type\":\"Organization\",\"@id\":\"https:\\\/\\\/www.wallix.com\\\/de\\\/#organization\",\"name\":\"WALLIX\",\"url\":\"https:\\\/\\\/www.wallix.com\\\/de\\\/\",\"logo\":{\"@type\":\"ImageObject\",\"inLanguage\":\"de\",\"@id\":\"https:\\\/\\\/www.wallix.com\\\/de\\\/#\\\/schema\\\/logo\\\/image\\\/\",\"url\":\"https:\\\/\\\/www.wallix.com\\\/wp-content\\\/uploads\\\/2024\\\/03\\\/LOGO_WALLIX_2024_blackorange.png\",\"contentUrl\":\"https:\\\/\\\/www.wallix.com\\\/wp-content\\\/uploads\\\/2024\\\/03\\\/LOGO_WALLIX_2024_blackorange.png\",\"width\":3108,\"height\":827,\"caption\":\"WALLIX\"},\"image\":{\"@id\":\"https:\\\/\\\/www.wallix.com\\\/de\\\/#\\\/schema\\\/logo\\\/image\\\/\"},\"sameAs\":[\"https:\\\/\\\/x.com\\\/wallixcom\",\"https:\\\/\\\/www.linkedin.com\\\/company\\\/wallix\\\/\",\"https:\\\/\\\/www.youtube.com\\\/wallix\"]}]}<\/script>\n<!-- \/ Yoast SEO plugin. -->","yoast_head_json":{"title":"L\u00f6sungen nach Anwendungsfall - WALLIX","description":"Entdecken Sie Wallix-Cybersicherheitsl\u00f6sungen nach Anwendungsfall betriebliche Effizienz und OT-Sicherheit f\u00fcr zentrale Unternehmensanforderungen.","robots":{"index":"index","follow":"follow","max-snippet":"max-snippet:-1","max-image-preview":"max-image-preview:large","max-video-preview":"max-video-preview:-1"},"canonical":"https:\/\/www.wallix.com\/de\/loesungen\/loesungen-nach-anwendungsfall\/","og_locale":"de_DE","og_type":"article","og_title":"L\u00f6sungen nach Anwendungsfall - WALLIX","og_description":"Entdecken Sie Wallix-Cybersicherheitsl\u00f6sungen nach Anwendungsfall betriebliche Effizienz und OT-Sicherheit f\u00fcr zentrale Unternehmensanforderungen.","og_url":"https:\/\/www.wallix.com\/de\/loesungen\/loesungen-nach-anwendungsfall\/","og_site_name":"WALLIX","article_modified_time":"2025-12-19T12:52:04+00:00","twitter_card":"summary_large_image","twitter_site":"@wallixcom","twitter_misc":{"Gesch\u00e4tzte Lesezeit":"1\u00a0Minute"},"schema":{"@context":"https:\/\/schema.org","@graph":[{"@type":"WebPage","@id":"https:\/\/www.wallix.com\/de\/loesungen\/loesungen-nach-anwendungsfall\/","url":"https:\/\/www.wallix.com\/de\/loesungen\/loesungen-nach-anwendungsfall\/","name":"L\u00f6sungen nach Anwendungsfall - WALLIX","isPartOf":{"@id":"https:\/\/www.wallix.com\/de\/#website"},"datePublished":"2025-08-06T15:32:12+00:00","dateModified":"2025-12-19T12:52:04+00:00","description":"Entdecken Sie Wallix-Cybersicherheitsl\u00f6sungen nach Anwendungsfall betriebliche Effizienz und OT-Sicherheit f\u00fcr zentrale Unternehmensanforderungen.","breadcrumb":{"@id":"https:\/\/www.wallix.com\/de\/loesungen\/loesungen-nach-anwendungsfall\/#breadcrumb"},"inLanguage":"de","potentialAction":[{"@type":"ReadAction","target":["https:\/\/www.wallix.com\/de\/loesungen\/loesungen-nach-anwendungsfall\/"]}]},{"@type":"BreadcrumbList","@id":"https:\/\/www.wallix.com\/de\/loesungen\/loesungen-nach-anwendungsfall\/#breadcrumb","itemListElement":[{"@type":"ListItem","position":1,"name":"L\u00d6SUNGEN","item":"https:\/\/www.wallix.com\/de\/loesungen\/"},{"@type":"ListItem","position":2,"name":"L\u00f6sungen nach Anwendungsfall"}]},{"@type":"WebSite","@id":"https:\/\/www.wallix.com\/de\/#website","url":"https:\/\/www.wallix.com\/de\/","name":"WALLIX","description":"CYBERSECURITY SIMPLIFIED","publisher":{"@id":"https:\/\/www.wallix.com\/de\/#organization"},"potentialAction":[{"@type":"SearchAction","target":{"@type":"EntryPoint","urlTemplate":"https:\/\/www.wallix.com\/de\/?s={search_term_string}"},"query-input":{"@type":"PropertyValueSpecification","valueRequired":true,"valueName":"search_term_string"}}],"inLanguage":"de"},{"@type":"Organization","@id":"https:\/\/www.wallix.com\/de\/#organization","name":"WALLIX","url":"https:\/\/www.wallix.com\/de\/","logo":{"@type":"ImageObject","inLanguage":"de","@id":"https:\/\/www.wallix.com\/de\/#\/schema\/logo\/image\/","url":"https:\/\/www.wallix.com\/wp-content\/uploads\/2024\/03\/LOGO_WALLIX_2024_blackorange.png","contentUrl":"https:\/\/www.wallix.com\/wp-content\/uploads\/2024\/03\/LOGO_WALLIX_2024_blackorange.png","width":3108,"height":827,"caption":"WALLIX"},"image":{"@id":"https:\/\/www.wallix.com\/de\/#\/schema\/logo\/image\/"},"sameAs":["https:\/\/x.com\/wallixcom","https:\/\/www.linkedin.com\/company\/wallix\/","https:\/\/www.youtube.com\/wallix"]}]}},"_links":{"self":[{"href":"https:\/\/www.wallix.com\/de\/wp-json\/wp\/v2\/pages\/76200","targetHints":{"allow":["GET"]}}],"collection":[{"href":"https:\/\/www.wallix.com\/de\/wp-json\/wp\/v2\/pages"}],"about":[{"href":"https:\/\/www.wallix.com\/de\/wp-json\/wp\/v2\/types\/page"}],"author":[{"embeddable":true,"href":"https:\/\/www.wallix.com\/de\/wp-json\/wp\/v2\/users\/3"}],"replies":[{"embeddable":true,"href":"https:\/\/www.wallix.com\/de\/wp-json\/wp\/v2\/comments?post=76200"}],"version-history":[{"count":4,"href":"https:\/\/www.wallix.com\/de\/wp-json\/wp\/v2\/pages\/76200\/revisions"}],"predecessor-version":[{"id":82166,"href":"https:\/\/www.wallix.com\/de\/wp-json\/wp\/v2\/pages\/76200\/revisions\/82166"}],"up":[{"embeddable":true,"href":"https:\/\/www.wallix.com\/de\/wp-json\/wp\/v2\/pages\/41682"}],"wp:attachment":[{"href":"https:\/\/www.wallix.com\/de\/wp-json\/wp\/v2\/media?parent=76200"}],"curies":[{"name":"wp","href":"https:\/\/api.w.org\/{rel}","templated":true}]}}