{"id":76162,"date":"2025-08-06T16:31:49","date_gmt":"2025-08-06T15:31:49","guid":{"rendered":"https:\/\/www.wallix.com\/loesungen\/loesungen-nach-branchen\/"},"modified":"2025-12-22T12:09:57","modified_gmt":"2025-12-22T11:09:57","slug":"loesungen-nach-branche","status":"publish","type":"page","link":"https:\/\/www.wallix.com\/de\/loesungen\/loesungen-nach-branche\/","title":{"rendered":"L\u00f6sungen nach Branche"},"content":{"rendered":"\n<style type=\"text\/css\" data-created_by=\"avia_inline_auto\" id=\"style-css-av-1pa9hvb-190197bea1c0eb8f93bc88018d7ed4b7\">\n.avia-section.av-1pa9hvb-190197bea1c0eb8f93bc88018d7ed4b7{\nbackground-color:#ffffff;\nbackground-image:unset;\n}\n.avia-section.av-1pa9hvb-190197bea1c0eb8f93bc88018d7ed4b7 .av-extra-border-element .av-extra-border-inner{\nbackground-color:#ffffff;\n}\n<\/style>\n<div id='av_section_1'  class='avia-section av-1pa9hvb-190197bea1c0eb8f93bc88018d7ed4b7 main_color avia-section-default avia-no-border-styling  avia-builder-el-0  avia-builder-el-no-sibling  avia-bg-style-scroll av-arrow-down-section container_wrap fullsize'  ><div class='container av-section-cont-open' ><main  role=\"main\" itemprop=\"mainContentOfPage\"  class='template-page content  av-content-full alpha units'><div class='post-entry post-entry-type-page post-entry-76162'><div class='entry-content-wrapper clearfix'>\n\n<style type=\"text\/css\" data-created_by=\"avia_inline_auto\" id=\"style-css-av-me1ev66w-8fa4367525187d1e5cf0c650e780e4b0\">\n#top .av-special-heading.av-me1ev66w-8fa4367525187d1e5cf0c650e780e4b0{\npadding-bottom:20px;\ncolor:#172542;\nfont-size:37px;\n}\nbody .av-special-heading.av-me1ev66w-8fa4367525187d1e5cf0c650e780e4b0 .av-special-heading-tag .heading-char{\nfont-size:25px;\n}\n#top #wrap_all .av-special-heading.av-me1ev66w-8fa4367525187d1e5cf0c650e780e4b0 .av-special-heading-tag{\nfont-size:37px;\npadding:0 0 0 0;\n}\n.av-special-heading.av-me1ev66w-8fa4367525187d1e5cf0c650e780e4b0 .special-heading-inner-border{\nborder-color:#172542;\n}\n.av-special-heading.av-me1ev66w-8fa4367525187d1e5cf0c650e780e4b0 .av-subheading{\nfont-size:24px;\ncolor:#172542;\n}\n\n@media only screen and (min-width: 480px) and (max-width: 767px){ \n#top #wrap_all .av-special-heading.av-me1ev66w-8fa4367525187d1e5cf0c650e780e4b0 .av-special-heading-tag{\nfont-size:0.8em;\n}\n}\n\n@media only screen and (max-width: 479px){ \n#top #wrap_all .av-special-heading.av-me1ev66w-8fa4367525187d1e5cf0c650e780e4b0 .av-special-heading-tag{\nfont-size:0.8em;\n}\n}\n<\/style>\n<div  class='av-special-heading av-me1ev66w-8fa4367525187d1e5cf0c650e780e4b0 av-special-heading-h3 custom-color-heading blockquote modern-quote modern-centered  avia-builder-el-1  el_before_av_masonry_gallery  avia-builder-el-no-sibling  av-inherit-size'><h3 class='av-special-heading-tag '  itemprop=\"headline\"  >L\u00f6sungen nach Branche<\/h3><div class=\"special-heading-border\"><div class=\"special-heading-inner-border\"><\/div><\/div><\/div>\n<div id='av-masonry-1' class='av-masonry av-38uvhz-89c0f4968daf6e62cc5ec2f05a90a3ec noHover av-fixed-size av-large-gap av-hover-overlay-active av-masonry-animation-active av-masonry-col-3 av-caption-on-hover-hide av-caption-style-overlay av-masonry-gallery av-orientation-square ' data-post_id=\"76162\"><div class=\"av-masonry-container isotope av-js-disabled\"><div class='av-masonry-entry isotope-item av-masonry-item-no-image '><\/div><a href=\"https:\/\/www.wallix.com\/de\/loesungen\/finanzwesen\/\"  aria-label=\"Bild FINANZWESEN\"  target=\"_blank\" rel=\"noopener noreferrer\" id='av-masonry-1-item-41308' data-av-masonry-item='41308' class='av-masonry-entry isotope-item post-41308 attachment type-attachment status-inherit hentry  av-masonry-item-with-image' title=\"FINANZWESEN\" alt=\"Abstract high\u2011quality stock photo showing blurred office or business scene with professionals and tech devices suggesting teamwork and modern work environment.\nUsed on the WALLIX page to visually reinforce themes of secure enterprise operations, collaboration, and cybersecurity solutions related to identity and access management.\"  data-av-masonry-custom-link=\"https:\/\/www.wallix.com\/de\/loesungen\/finanzwesen\/\"  itemprop=\"thumbnailUrl\" ><div class='av-inner-masonry-sizer'><\/div><figure class='av-inner-masonry main_color'><div class=\"av-masonry-outerimage-container\"><div class='av-masonry-image-container' style=\"background-image: url(https:\/\/www.wallix.com\/wp-content\/uploads\/2023\/12\/AdobeStock_268736974-705x470.jpeg);\"  title=\"FINANZWESEN\" ><\/div><\/div><figcaption class='av-inner-masonry-content site-background'><div class='av-inner-masonry-content-pos'><div class='av-inner-masonry-content-pos-content'><div class='avia-arrow'><\/div><h3 class='av-masonry-entry-title entry-title '  itemprop=\"headline\" >FINANZWESEN<\/h3><\/div><\/div><\/figcaption><\/figure><\/a><!--end av-masonry entry--><a href=\"https:\/\/www.wallix.com\/de\/loesungen\/gesundheitswesen\/\"  aria-label=\"Bild GESUNDHEITSWESEN\"  target=\"_blank\" rel=\"noopener noreferrer\" id='av-masonry-1-item-38848' data-av-masonry-item='38848' class='av-masonry-entry isotope-item post-38848 attachment type-attachment status-inherit hentry  av-masonry-item-with-image' title=\"GESUNDHEITSWESEN\" alt=\"Banner image showing healthcare professionals and digital network graphics, illustrating WALLIX\u2019s focus on securing patient data and ensuring continuous care with privileged access management solutions on the healthcare industry cybersecurity page.\"  data-av-masonry-custom-link=\"https:\/\/www.wallix.com\/de\/loesungen\/gesundheitswesen\/\"  itemprop=\"thumbnailUrl\" ><div class='av-inner-masonry-sizer'><\/div><figure class='av-inner-masonry main_color'><div class=\"av-masonry-outerimage-container\"><div class='av-masonry-image-container' style=\"background-image: url(https:\/\/www.wallix.com\/wp-content\/uploads\/2023\/12\/header_healthcare-705x220.jpg);\"  title=\"GESUNDHEITSWESEN\" ><\/div><\/div><figcaption class='av-inner-masonry-content site-background'><div class='av-inner-masonry-content-pos'><div class='av-inner-masonry-content-pos-content'><div class='avia-arrow'><\/div><h3 class='av-masonry-entry-title entry-title '  itemprop=\"headline\" >GESUNDHEITSWESEN<\/h3><\/div><\/div><\/figcaption><\/figure><\/a><!--end av-masonry entry--><a href=\"https:\/\/www.wallix.com\/de\/loesungen\/kritische-infrastrukturen\/\"  aria-label=\"Bild KRITISCHE INFRASTRUKTUREN\"  target=\"_blank\" rel=\"noopener noreferrer\" id='av-masonry-1-item-41311' data-av-masonry-item='41311' class='av-masonry-entry isotope-item post-41311 attachment type-attachment status-inherit hentry  av-masonry-item-with-image' title=\"KRITISCHE INFRASTRUKTUREN\" alt=\"Abstract technology stock image showing a server or computing hardware displaying a network visualization with digital connectivity graphics.\nUsed on the WALLIX page to visually support content about secure IT infrastructure, network monitoring, and cybersecurity solutions related to identity and access management\"  data-av-masonry-custom-link=\"https:\/\/www.wallix.com\/de\/loesungen\/kritische-infrastrukturen\/\"  itemprop=\"thumbnailUrl\" ><div class='av-inner-masonry-sizer'><\/div><figure class='av-inner-masonry main_color'><div class=\"av-masonry-outerimage-container\"><div class='av-masonry-image-container' style=\"background-image: url(https:\/\/www.wallix.com\/wp-content\/uploads\/2023\/12\/AdobeStock_639628481-705x395.jpeg);\"  title=\"KRITISCHE INFRASTRUKTUREN\" ><\/div><\/div><figcaption class='av-inner-masonry-content site-background'><div class='av-inner-masonry-content-pos'><div class='av-inner-masonry-content-pos-content'><div class='avia-arrow'><\/div><h3 class='av-masonry-entry-title entry-title '  itemprop=\"headline\" >KRITISCHE INFRASTRUKTUREN<\/h3><\/div><\/div><\/figcaption><\/figure><\/a><!--end av-masonry entry--><a href=\"https:\/\/www.wallix.com\/de\/loesungen\/bildungswesen\/\"  aria-label=\"Bild BILDUNG\"  target=\"_blank\" rel=\"noopener noreferrer\" id='av-masonry-1-item-58934' data-av-masonry-item='58934' class='av-masonry-entry isotope-item post-58934 attachment type-attachment status-inherit hentry  av-masonry-item-with-image' title=\"BILDUNG\" alt=\"Speaker giving a talk on scientific conference. Audience at the conference hall. Business and Entrepreneurship concept.\"  data-av-masonry-custom-link=\"https:\/\/www.wallix.com\/de\/loesungen\/bildungswesen\/\"  itemprop=\"thumbnailUrl\" ><div class='av-inner-masonry-sizer'><\/div><figure class='av-inner-masonry main_color'><div class=\"av-masonry-outerimage-container\"><div class='av-masonry-image-container' style=\"background-image: url(https:\/\/www.wallix.com\/wp-content\/uploads\/2024\/06\/AdobeStock_126612344-705x319.jpeg);\"  title=\"BILDUNG\" ><\/div><\/div><figcaption class='av-inner-masonry-content site-background'><div class='av-inner-masonry-content-pos'><div class='av-inner-masonry-content-pos-content'><div class='avia-arrow'><\/div><h3 class='av-masonry-entry-title entry-title '  itemprop=\"headline\" >BILDUNG<\/h3><\/div><\/div><\/figcaption><\/figure><\/a><!--end av-masonry entry--><a href=\"https:\/\/www.wallix.com\/de\/loesungen\/telekommunikation\/\"  aria-label=\"Bild TELEKOMMUNIKATION\"  target=\"_blank\" rel=\"noopener noreferrer\" id='av-masonry-1-item-59651' data-av-masonry-item='59651' class='av-masonry-entry isotope-item post-59651 attachment type-attachment status-inherit hentry  av-masonry-item-with-image' title=\"TELEKOMMUNIKATION\" alt=\"Stock image depicting cybersecurity, data protection, and digital security themes, complementing Wallix\u2019s expertise in secure access management and protecting enterprise IT systems.\"  data-av-masonry-custom-link=\"https:\/\/www.wallix.com\/de\/loesungen\/telekommunikation\/\"  itemprop=\"thumbnailUrl\" ><div class='av-inner-masonry-sizer'><\/div><figure class='av-inner-masonry main_color'><div class=\"av-masonry-outerimage-container\"><div class='av-masonry-image-container' style=\"background-image: url(https:\/\/www.wallix.com\/wp-content\/uploads\/2024\/06\/AdobeStock_733121876-705x395.jpeg);\"  title=\"TELEKOMMUNIKATION\" ><\/div><\/div><figcaption class='av-inner-masonry-content site-background'><div class='av-inner-masonry-content-pos'><div class='av-inner-masonry-content-pos-content'><div class='avia-arrow'><\/div><h3 class='av-masonry-entry-title entry-title '  itemprop=\"headline\" >TELEKOMMUNIKATION<\/h3><\/div><\/div><\/figcaption><\/figure><\/a><!--end av-masonry entry--><a href=\"https:\/\/www.wallix.com\/de\/loesungen\/behoerden-verwaltung\/ \"  aria-label=\"Bild REGIERUNG\"  target=\"_blank\" rel=\"noopener noreferrer\" id='av-masonry-1-item-59348' data-av-masonry-item='59348' class='av-masonry-entry isotope-item post-59348 attachment type-attachment status-inherit hentry  av-masonry-item-with-image' title=\"REGIERUNG\" alt=\"Image showcasing Wallix\u2019s cybersecurity solutions tailored for government institutions, focusing on secure identity management, access control, and the protection of sensitive public sector data.\"  data-av-masonry-custom-link=\"https:\/\/www.wallix.com\/de\/loesungen\/behoerden-verwaltung\/%20\"  itemprop=\"thumbnailUrl\" ><div class='av-inner-masonry-sizer'><\/div><figure class='av-inner-masonry main_color'><div class=\"av-masonry-outerimage-container\"><div class='av-masonry-image-container' style=\"background-image: url(https:\/\/www.wallix.com\/wp-content\/uploads\/2024\/06\/wallix_government-705x470.jpeg);\"  title=\"REGIERUNG\" ><\/div><\/div><figcaption class='av-inner-masonry-content site-background'><div class='av-inner-masonry-content-pos'><div class='av-inner-masonry-content-pos-content'><div class='avia-arrow'><\/div><h3 class='av-masonry-entry-title entry-title '  itemprop=\"headline\" >REGIERUNG<\/h3><\/div><\/div><\/figcaption><\/figure><\/a><!--end av-masonry entry--><a href=\"https:\/\/www.wallix.com\/de\/loesungen\/managed-service-provider\/\"  aria-label=\"Bild VERWALTETE DIENSTANBIETER\"  target=\"_blank\" rel=\"noopener noreferrer\" id='av-masonry-1-item-58141' data-av-masonry-item='58141' class='av-masonry-entry isotope-item post-58141 attachment type-attachment status-inherit hentry  av-masonry-item-with-image' title=\"VERWALTETE DIENSTANBIETER\" alt=\"Confident Male Data Scientist Works on Personal Computer in Big Infrastructure Control and Monitoring Room with Neural Network. Young Engineer in an Office Room with Colleagues.\"  data-av-masonry-custom-link=\"https:\/\/www.wallix.com\/de\/loesungen\/managed-service-provider\/\"  itemprop=\"thumbnailUrl\" ><div class='av-inner-masonry-sizer'><\/div><figure class='av-inner-masonry main_color'><div class=\"av-masonry-outerimage-container\"><div class='av-masonry-image-container' style=\"background-image: url(https:\/\/www.wallix.com\/wp-content\/uploads\/2024\/05\/KSAs_NCA_ECC-705x397.jpeg);\"  title=\"VERWALTETE DIENSTANBIETER\" ><\/div><\/div><figcaption class='av-inner-masonry-content site-background'><div class='av-inner-masonry-content-pos'><div class='av-inner-masonry-content-pos-content'><div class='avia-arrow'><\/div><h3 class='av-masonry-entry-title entry-title '  itemprop=\"headline\" >VERWALTETE DIENSTANBIETER<\/h3><\/div><\/div><\/figcaption><\/figure><\/a><!--end av-masonry entry--><\/div><\/div>\n\n","protected":false},"excerpt":{"rendered":"","protected":false},"author":3,"featured_media":0,"parent":41682,"menu_order":0,"comment_status":"closed","ping_status":"closed","template":"","meta":{"_acf_changed":false,"content-type":"","inline_featured_image":false,"footnotes":""},"class_list":["post-76162","page","type-page","status-publish","hentry"],"acf":[],"yoast_head":"<!-- This site is optimized with the Yoast SEO plugin v27.3 - https:\/\/yoast.com\/product\/yoast-seo-wordpress\/ -->\n<title>L\u00f6sungen nach Branche - WALLIX<\/title>\n<meta name=\"description\" content=\"Entdecken Sie ma\u00dfgeschneiderte Cybersicherheitsl\u00f6sungen f\u00fcr verschiedene Branchen mit WALLIX&#039; fortschrittlichen Technologien zur Verwaltung von Zug\u00e4ngen und Identit\u00e4ten.\" \/>\n<meta name=\"robots\" content=\"index, follow, max-snippet:-1, max-image-preview:large, max-video-preview:-1\" \/>\n<link rel=\"canonical\" href=\"https:\/\/www.wallix.com\/de\/loesungen\/loesungen-nach-branche\/\" \/>\n<meta property=\"og:locale\" content=\"de_DE\" \/>\n<meta property=\"og:type\" content=\"article\" \/>\n<meta property=\"og:title\" content=\"L\u00f6sungen nach Branche - WALLIX\" \/>\n<meta property=\"og:description\" content=\"Entdecken Sie ma\u00dfgeschneiderte Cybersicherheitsl\u00f6sungen f\u00fcr verschiedene Branchen mit WALLIX&#039; fortschrittlichen Technologien zur Verwaltung von Zug\u00e4ngen und Identit\u00e4ten.\" \/>\n<meta property=\"og:url\" content=\"https:\/\/www.wallix.com\/de\/loesungen\/loesungen-nach-branche\/\" \/>\n<meta property=\"og:site_name\" content=\"WALLIX\" \/>\n<meta property=\"article:modified_time\" content=\"2025-12-22T11:09:57+00:00\" \/>\n<meta name=\"twitter:card\" content=\"summary_large_image\" \/>\n<meta name=\"twitter:site\" content=\"@wallixcom\" \/>\n<meta name=\"twitter:label1\" content=\"Gesch\u00e4tzte Lesezeit\" \/>\n\t<meta name=\"twitter:data1\" content=\"1\u00a0Minute\" \/>\n<script type=\"application\/ld+json\" class=\"yoast-schema-graph\">{\"@context\":\"https:\\\/\\\/schema.org\",\"@graph\":[{\"@type\":\"WebPage\",\"@id\":\"https:\\\/\\\/www.wallix.com\\\/de\\\/loesungen\\\/loesungen-nach-branche\\\/\",\"url\":\"https:\\\/\\\/www.wallix.com\\\/de\\\/loesungen\\\/loesungen-nach-branche\\\/\",\"name\":\"L\u00f6sungen nach Branche - WALLIX\",\"isPartOf\":{\"@id\":\"https:\\\/\\\/www.wallix.com\\\/de\\\/#website\"},\"datePublished\":\"2025-08-06T15:31:49+00:00\",\"dateModified\":\"2025-12-22T11:09:57+00:00\",\"description\":\"Entdecken Sie ma\u00dfgeschneiderte Cybersicherheitsl\u00f6sungen f\u00fcr verschiedene Branchen mit WALLIX' fortschrittlichen Technologien zur Verwaltung von Zug\u00e4ngen und Identit\u00e4ten.\",\"breadcrumb\":{\"@id\":\"https:\\\/\\\/www.wallix.com\\\/de\\\/loesungen\\\/loesungen-nach-branche\\\/#breadcrumb\"},\"inLanguage\":\"de\",\"potentialAction\":[{\"@type\":\"ReadAction\",\"target\":[\"https:\\\/\\\/www.wallix.com\\\/de\\\/loesungen\\\/loesungen-nach-branche\\\/\"]}]},{\"@type\":\"BreadcrumbList\",\"@id\":\"https:\\\/\\\/www.wallix.com\\\/de\\\/loesungen\\\/loesungen-nach-branche\\\/#breadcrumb\",\"itemListElement\":[{\"@type\":\"ListItem\",\"position\":1,\"name\":\"L\u00d6SUNGEN\",\"item\":\"https:\\\/\\\/www.wallix.com\\\/de\\\/loesungen\\\/\"},{\"@type\":\"ListItem\",\"position\":2,\"name\":\"L\u00f6sungen nach Branche\"}]},{\"@type\":\"WebSite\",\"@id\":\"https:\\\/\\\/www.wallix.com\\\/de\\\/#website\",\"url\":\"https:\\\/\\\/www.wallix.com\\\/de\\\/\",\"name\":\"WALLIX\",\"description\":\"CYBERSECURITY SIMPLIFIED\",\"publisher\":{\"@id\":\"https:\\\/\\\/www.wallix.com\\\/de\\\/#organization\"},\"potentialAction\":[{\"@type\":\"SearchAction\",\"target\":{\"@type\":\"EntryPoint\",\"urlTemplate\":\"https:\\\/\\\/www.wallix.com\\\/de\\\/?s={search_term_string}\"},\"query-input\":{\"@type\":\"PropertyValueSpecification\",\"valueRequired\":true,\"valueName\":\"search_term_string\"}}],\"inLanguage\":\"de\"},{\"@type\":\"Organization\",\"@id\":\"https:\\\/\\\/www.wallix.com\\\/de\\\/#organization\",\"name\":\"WALLIX\",\"url\":\"https:\\\/\\\/www.wallix.com\\\/de\\\/\",\"logo\":{\"@type\":\"ImageObject\",\"inLanguage\":\"de\",\"@id\":\"https:\\\/\\\/www.wallix.com\\\/de\\\/#\\\/schema\\\/logo\\\/image\\\/\",\"url\":\"https:\\\/\\\/www.wallix.com\\\/wp-content\\\/uploads\\\/2024\\\/03\\\/LOGO_WALLIX_2024_blackorange.png\",\"contentUrl\":\"https:\\\/\\\/www.wallix.com\\\/wp-content\\\/uploads\\\/2024\\\/03\\\/LOGO_WALLIX_2024_blackorange.png\",\"width\":3108,\"height\":827,\"caption\":\"WALLIX\"},\"image\":{\"@id\":\"https:\\\/\\\/www.wallix.com\\\/de\\\/#\\\/schema\\\/logo\\\/image\\\/\"},\"sameAs\":[\"https:\\\/\\\/x.com\\\/wallixcom\",\"https:\\\/\\\/www.linkedin.com\\\/company\\\/wallix\\\/\",\"https:\\\/\\\/www.youtube.com\\\/wallix\"]}]}<\/script>\n<!-- \/ Yoast SEO plugin. -->","yoast_head_json":{"title":"L\u00f6sungen nach Branche - WALLIX","description":"Entdecken Sie ma\u00dfgeschneiderte Cybersicherheitsl\u00f6sungen f\u00fcr verschiedene Branchen mit WALLIX' fortschrittlichen Technologien zur Verwaltung von Zug\u00e4ngen und Identit\u00e4ten.","robots":{"index":"index","follow":"follow","max-snippet":"max-snippet:-1","max-image-preview":"max-image-preview:large","max-video-preview":"max-video-preview:-1"},"canonical":"https:\/\/www.wallix.com\/de\/loesungen\/loesungen-nach-branche\/","og_locale":"de_DE","og_type":"article","og_title":"L\u00f6sungen nach Branche - WALLIX","og_description":"Entdecken Sie ma\u00dfgeschneiderte Cybersicherheitsl\u00f6sungen f\u00fcr verschiedene Branchen mit WALLIX' fortschrittlichen Technologien zur Verwaltung von Zug\u00e4ngen und Identit\u00e4ten.","og_url":"https:\/\/www.wallix.com\/de\/loesungen\/loesungen-nach-branche\/","og_site_name":"WALLIX","article_modified_time":"2025-12-22T11:09:57+00:00","twitter_card":"summary_large_image","twitter_site":"@wallixcom","twitter_misc":{"Gesch\u00e4tzte Lesezeit":"1\u00a0Minute"},"schema":{"@context":"https:\/\/schema.org","@graph":[{"@type":"WebPage","@id":"https:\/\/www.wallix.com\/de\/loesungen\/loesungen-nach-branche\/","url":"https:\/\/www.wallix.com\/de\/loesungen\/loesungen-nach-branche\/","name":"L\u00f6sungen nach Branche - WALLIX","isPartOf":{"@id":"https:\/\/www.wallix.com\/de\/#website"},"datePublished":"2025-08-06T15:31:49+00:00","dateModified":"2025-12-22T11:09:57+00:00","description":"Entdecken Sie ma\u00dfgeschneiderte Cybersicherheitsl\u00f6sungen f\u00fcr verschiedene Branchen mit WALLIX' fortschrittlichen Technologien zur Verwaltung von Zug\u00e4ngen und Identit\u00e4ten.","breadcrumb":{"@id":"https:\/\/www.wallix.com\/de\/loesungen\/loesungen-nach-branche\/#breadcrumb"},"inLanguage":"de","potentialAction":[{"@type":"ReadAction","target":["https:\/\/www.wallix.com\/de\/loesungen\/loesungen-nach-branche\/"]}]},{"@type":"BreadcrumbList","@id":"https:\/\/www.wallix.com\/de\/loesungen\/loesungen-nach-branche\/#breadcrumb","itemListElement":[{"@type":"ListItem","position":1,"name":"L\u00d6SUNGEN","item":"https:\/\/www.wallix.com\/de\/loesungen\/"},{"@type":"ListItem","position":2,"name":"L\u00f6sungen nach Branche"}]},{"@type":"WebSite","@id":"https:\/\/www.wallix.com\/de\/#website","url":"https:\/\/www.wallix.com\/de\/","name":"WALLIX","description":"CYBERSECURITY SIMPLIFIED","publisher":{"@id":"https:\/\/www.wallix.com\/de\/#organization"},"potentialAction":[{"@type":"SearchAction","target":{"@type":"EntryPoint","urlTemplate":"https:\/\/www.wallix.com\/de\/?s={search_term_string}"},"query-input":{"@type":"PropertyValueSpecification","valueRequired":true,"valueName":"search_term_string"}}],"inLanguage":"de"},{"@type":"Organization","@id":"https:\/\/www.wallix.com\/de\/#organization","name":"WALLIX","url":"https:\/\/www.wallix.com\/de\/","logo":{"@type":"ImageObject","inLanguage":"de","@id":"https:\/\/www.wallix.com\/de\/#\/schema\/logo\/image\/","url":"https:\/\/www.wallix.com\/wp-content\/uploads\/2024\/03\/LOGO_WALLIX_2024_blackorange.png","contentUrl":"https:\/\/www.wallix.com\/wp-content\/uploads\/2024\/03\/LOGO_WALLIX_2024_blackorange.png","width":3108,"height":827,"caption":"WALLIX"},"image":{"@id":"https:\/\/www.wallix.com\/de\/#\/schema\/logo\/image\/"},"sameAs":["https:\/\/x.com\/wallixcom","https:\/\/www.linkedin.com\/company\/wallix\/","https:\/\/www.youtube.com\/wallix"]}]}},"_links":{"self":[{"href":"https:\/\/www.wallix.com\/de\/wp-json\/wp\/v2\/pages\/76162","targetHints":{"allow":["GET"]}}],"collection":[{"href":"https:\/\/www.wallix.com\/de\/wp-json\/wp\/v2\/pages"}],"about":[{"href":"https:\/\/www.wallix.com\/de\/wp-json\/wp\/v2\/types\/page"}],"author":[{"embeddable":true,"href":"https:\/\/www.wallix.com\/de\/wp-json\/wp\/v2\/users\/3"}],"replies":[{"embeddable":true,"href":"https:\/\/www.wallix.com\/de\/wp-json\/wp\/v2\/comments?post=76162"}],"version-history":[{"count":6,"href":"https:\/\/www.wallix.com\/de\/wp-json\/wp\/v2\/pages\/76162\/revisions"}],"predecessor-version":[{"id":82306,"href":"https:\/\/www.wallix.com\/de\/wp-json\/wp\/v2\/pages\/76162\/revisions\/82306"}],"up":[{"embeddable":true,"href":"https:\/\/www.wallix.com\/de\/wp-json\/wp\/v2\/pages\/41682"}],"wp:attachment":[{"href":"https:\/\/www.wallix.com\/de\/wp-json\/wp\/v2\/media?parent=76162"}],"curies":[{"name":"wp","href":"https:\/\/api.w.org\/{rel}","templated":true}]}}